{"id":20539,"date":"2025-05-05T18:37:45","date_gmt":"2025-05-05T18:37:45","guid":{"rendered":"https:\/\/yonderhillfarm.ca\/shop\/non%20class\u00e9\/citrouille-longue-a-tarte\/"},"modified":"2026-01-03T12:59:14","modified_gmt":"2026-01-03T16:59:14","slug":"citrouille-longue-a-tarte","status":"publish","type":"product","link":"https:\/\/yonderhillfarm.ca\/fr\/shop\/graines-legumes-cereales\/courges-dhiver-et-citrouilles\/citrouille-longue-a-tarte\/","title":{"rendered":"Citrouille longue \u00e0 tarte"},"content":{"rendered":"<p><em>(C. pepo) <\/em>Probablement la meilleure courge \u00e0 tarte qui soit&nbsp;: une fois que vous aurez go\u00fbt\u00e9 \u00e0 la courge \u00e0 tarte longue, vous serez accro&nbsp;! Une autre ancienne vari\u00e9t\u00e9 du Maine, probablement issue de la courge algonquine cultiv\u00e9e historiquement par les Premi\u00e8res Nations, ces courges ressemblent \u00e0 des courgettes vertes g\u00e9antes, m\u00eame au moment de la r\u00e9colte \u00e0 l\u2019automne. La peau devient orange vif pendant le stockage&nbsp;: elles se conservent exceptionnellement bien (et sont empilables&nbsp;!). Chair orange moelleuse et sucr\u00e9e, parfaite pour les tartes, les pains et les soupes. La forme allong\u00e9e signifie moins de cavit\u00e9 de graines par fruit et plus de chair divine. Pouvez-vous le dire&nbsp;? C\u2019est notre courge \u00e0 tarte pr\u00e9f\u00e9r\u00e9e&nbsp;: cultivez-la une fois et vous serez converti&nbsp;!      <\/p>\n<p><strong><em>Environ 15 graines par sachet. <\/em><\/strong><\/p>\n","protected":false},"excerpt":{"rendered":"<p>(C. pepo) Probablement la meilleure courge \u00e0 tarte qui soit&nbsp;: une fois que vous aurez go\u00fbt\u00e9 \u00e0 la courge \u00e0 tarte longue, vous serez accro&nbsp;! Une autre ancienne vari\u00e9t\u00e9 du Maine, probablement issue de la courge algonquine cultiv\u00e9e historiquement par les Premi\u00e8res Nations, ces courges ressemblent \u00e0 des courgettes vertes g\u00e9antes, m\u00eame au moment de [&hellip;]<\/p>\n","protected":false},"featured_media":20205,"comment_status":"closed","ping_status":"closed","template":"","meta":[],"product_brand":[],"product_cat":[185,176],"product_tag":[],"class_list":{"0":"post-20539","1":"product","2":"type-product","3":"status-publish","4":"has-post-thumbnail","6":"product_cat-courges-dhiver-et-citrouilles","7":"product_cat-varietes-anciennes","8":"product_shipping_class-graines","10":"first","11":"instock","12":"featured","13":"taxable","14":"shipping-taxable","15":"purchasable","16":"product-type-simple"},"_links":{"self":[{"href":"https:\/\/yonderhillfarm.ca\/fr\/wp-json\/wp\/v2\/product\/20539","targetHints":{"allow":["GET"]}}],"collection":[{"href":"https:\/\/yonderhillfarm.ca\/fr\/wp-json\/wp\/v2\/product"}],"about":[{"href":"https:\/\/yonderhillfarm.ca\/fr\/wp-json\/wp\/v2\/types\/product"}],"replies":[{"embeddable":true,"href":"https:\/\/yonderhillfarm.ca\/fr\/wp-json\/wp\/v2\/comments?post=20539"}],"wp:featuredmedia":[{"embeddable":true,"href":"https:\/\/yonderhillfarm.ca\/fr\/wp-json\/wp\/v2\/media\/20205"}],"wp:attachment":[{"href":"https:\/\/yonderhillfarm.ca\/fr\/wp-json\/wp\/v2\/media?parent=20539"}],"wp:term":[{"taxonomy":"product_brand","embeddable":true,"href":"https:\/\/yonderhillfarm.ca\/fr\/wp-json\/wp\/v2\/product_brand?post=20539"},{"taxonomy":"product_cat","embeddable":true,"href":"https:\/\/yonderhillfarm.ca\/fr\/wp-json\/wp\/v2\/product_cat?post=20539"},{"taxonomy":"product_tag","embeddable":true,"href":"https:\/\/yonderhillfarm.ca\/fr\/wp-json\/wp\/v2\/product_tag?post=20539"}],"curies":[{"name":"wp","href":"https:\/\/api.w.org\/{rel}","templated":true}]}}