{"id":20538,"date":"2025-05-05T18:38:08","date_gmt":"2025-05-05T18:38:08","guid":{"rendered":"https:\/\/yonderhillfarm.ca\/shop\/non%20class\u00e9\/courge-spaghetti-squisito\/"},"modified":"2026-04-19T21:36:28","modified_gmt":"2026-04-20T00:36:28","slug":"courge-spaghetti-squisito","status":"publish","type":"product","link":"https:\/\/yonderhillfarm.ca\/fr\/shop\/graines-legumes-cereales\/courges-dhiver-et-citrouilles\/courge-spaghetti-squisito\/","title":{"rendered":"Courge spaghetti Squisito"},"content":{"rendered":"<p><em>(C. pepo) <\/em>Dans notre qu\u00eate d&rsquo;une vari\u00e9t\u00e9 de courge spaghetti plus savoureuse, nous sommes tomb\u00e9s sur la courge spaghetti Squisito &#8211; et heureusement que nous l&rsquo;avons fait ! Elle est depuis devenue extr\u00eamement rare et demand\u00e9e ; une fois que vous l&rsquo;aurez go\u00fbt\u00e9e, vous l&rsquo;adorerez ! Les couleurs de l&rsquo;\u00e9corce varient dans cette vari\u00e9t\u00e9, allant du jaune cr\u00e8me traditionnel aux rayures et aux couleurs verd\u00e2tres tachet\u00e9es, mais toute la chair a de d\u00e9licieuses spaghettis et une saveur douce et de noisette imbattable.  <\/p>\n<p><strong><em>Environ 15 graines par sachet. <\/em><\/strong><\/p>\n","protected":false},"excerpt":{"rendered":"<p>(C. pepo) Dans notre qu\u00eate d&rsquo;une vari\u00e9t\u00e9 de courge spaghetti plus savoureuse, nous sommes tomb\u00e9s sur la courge spaghetti Squisito &#8211; et heureusement que nous l&rsquo;avons fait ! Elle est depuis devenue extr\u00eamement rare et demand\u00e9e ; une fois que vous l&rsquo;aurez go\u00fbt\u00e9e, vous l&rsquo;adorerez ! Les couleurs de l&rsquo;\u00e9corce varient dans cette vari\u00e9t\u00e9, allant [&hellip;]<\/p>\n","protected":false},"featured_media":20540,"comment_status":"closed","ping_status":"closed","template":"","meta":[],"product_brand":[],"product_cat":[185,164],"product_tag":[187],"class_list":{"0":"post-20538","1":"product","2":"type-product","3":"status-publish","4":"has-post-thumbnail","6":"product_cat-courges-dhiver-et-citrouilles","7":"product_cat-nouveautes-et-reassort","8":"product_tag-les-favoris-de-la-ferme","9":"product_shipping_class-graines","11":"first","12":"instock","13":"taxable","14":"shipping-taxable","15":"purchasable","16":"product-type-simple"},"_links":{"self":[{"href":"https:\/\/yonderhillfarm.ca\/fr\/wp-json\/wp\/v2\/product\/20538","targetHints":{"allow":["GET"]}}],"collection":[{"href":"https:\/\/yonderhillfarm.ca\/fr\/wp-json\/wp\/v2\/product"}],"about":[{"href":"https:\/\/yonderhillfarm.ca\/fr\/wp-json\/wp\/v2\/types\/product"}],"replies":[{"embeddable":true,"href":"https:\/\/yonderhillfarm.ca\/fr\/wp-json\/wp\/v2\/comments?post=20538"}],"wp:featuredmedia":[{"embeddable":true,"href":"https:\/\/yonderhillfarm.ca\/fr\/wp-json\/wp\/v2\/media\/20540"}],"wp:attachment":[{"href":"https:\/\/yonderhillfarm.ca\/fr\/wp-json\/wp\/v2\/media?parent=20538"}],"wp:term":[{"taxonomy":"product_brand","embeddable":true,"href":"https:\/\/yonderhillfarm.ca\/fr\/wp-json\/wp\/v2\/product_brand?post=20538"},{"taxonomy":"product_cat","embeddable":true,"href":"https:\/\/yonderhillfarm.ca\/fr\/wp-json\/wp\/v2\/product_cat?post=20538"},{"taxonomy":"product_tag","embeddable":true,"href":"https:\/\/yonderhillfarm.ca\/fr\/wp-json\/wp\/v2\/product_tag?post=20538"}],"curies":[{"name":"wp","href":"https:\/\/api.w.org\/{rel}","templated":true}]}}