{"id":20531,"date":"2025-05-05T18:38:08","date_gmt":"2025-05-05T18:38:08","guid":{"rendered":"https:\/\/yonderhillfarm.ca\/shop\/non%20class\u00e9\/courge-butternut-waltham\/"},"modified":"2026-01-03T12:38:04","modified_gmt":"2026-01-03T16:38:04","slug":"courge-butternut-waltham","status":"publish","type":"product","link":"https:\/\/yonderhillfarm.ca\/fr\/shop\/graines-legumes-cereales\/courges-dhiver-et-citrouilles\/courge-butternut-waltham\/","title":{"rendered":"Courge Butternut Waltham"},"content":{"rendered":"<p><em>(C. moschata) <\/em>Le butternut Waltham est le butternut classique. Excellente conservation hivernale&nbsp;; cols droits et \u00e9pais avec de petites cavit\u00e9s \u00e0 graines&nbsp;; peau fine de couleur beige avec une chair orange vif \u00e0 la texture fine&nbsp;; saveur de noisette et sucr\u00e9e, id\u00e9ale pour les soupes. Fruits assez uniformes et gros sur des vignes vigoureuses.  <\/p>\n<p><strong><em>Environ 15 graines par sachet standard. <\/em><\/strong><\/p>\n<p><em><strong>Environ 150 graines par grand sachet. <\/strong><\/em><\/p>\n","protected":false},"excerpt":{"rendered":"<p>(C. moschata) Le butternut Waltham est le butternut classique. Excellente conservation hivernale&nbsp;; cols droits et \u00e9pais avec de petites cavit\u00e9s \u00e0 graines&nbsp;; peau fine de couleur beige avec une chair orange vif \u00e0 la texture fine&nbsp;; saveur de noisette et sucr\u00e9e, id\u00e9ale pour les soupes. Fruits assez uniformes et gros sur des vignes vigoureuses. Environ [&hellip;]<\/p>\n","protected":false},"featured_media":20534,"comment_status":"closed","ping_status":"closed","template":"","meta":[],"product_brand":[],"product_cat":[185,137,176],"product_tag":[187],"class_list":{"0":"post-20531","1":"product","2":"type-product","3":"status-publish","4":"has-post-thumbnail","6":"product_cat-courges-dhiver-et-citrouilles","7":"product_cat-graines-en-vrac","8":"product_cat-varietes-anciennes","9":"product_tag-les-favoris-de-la-ferme","10":"product_shipping_class-graines","12":"first","13":"instock","14":"taxable","15":"shipping-taxable","16":"purchasable","17":"product-type-variable"},"_links":{"self":[{"href":"https:\/\/yonderhillfarm.ca\/fr\/wp-json\/wp\/v2\/product\/20531","targetHints":{"allow":["GET"]}}],"collection":[{"href":"https:\/\/yonderhillfarm.ca\/fr\/wp-json\/wp\/v2\/product"}],"about":[{"href":"https:\/\/yonderhillfarm.ca\/fr\/wp-json\/wp\/v2\/types\/product"}],"replies":[{"embeddable":true,"href":"https:\/\/yonderhillfarm.ca\/fr\/wp-json\/wp\/v2\/comments?post=20531"}],"wp:featuredmedia":[{"embeddable":true,"href":"https:\/\/yonderhillfarm.ca\/fr\/wp-json\/wp\/v2\/media\/20534"}],"wp:attachment":[{"href":"https:\/\/yonderhillfarm.ca\/fr\/wp-json\/wp\/v2\/media?parent=20531"}],"wp:term":[{"taxonomy":"product_brand","embeddable":true,"href":"https:\/\/yonderhillfarm.ca\/fr\/wp-json\/wp\/v2\/product_brand?post=20531"},{"taxonomy":"product_cat","embeddable":true,"href":"https:\/\/yonderhillfarm.ca\/fr\/wp-json\/wp\/v2\/product_cat?post=20531"},{"taxonomy":"product_tag","embeddable":true,"href":"https:\/\/yonderhillfarm.ca\/fr\/wp-json\/wp\/v2\/product_tag?post=20531"}],"curies":[{"name":"wp","href":"https:\/\/api.w.org\/{rel}","templated":true}]}}