{"id":20522,"date":"2025-05-05T18:38:30","date_gmt":"2025-05-05T18:38:30","guid":{"rendered":"https:\/\/yonderhillfarm.ca\/shop\/non class\u00e9\/tomate-cerise-coeur-tendre-du-jardinier\/"},"modified":"2025-05-05T18:38:30","modified_gmt":"2025-05-05T21:38:30","slug":"tomate-cerise-coeur-tendre-du-jardinier","status":"publish","type":"product","link":"https:\/\/yonderhillfarm.ca\/fr\/shop\/graines-legumes-cereales\/tomates\/tomates-cerises-poires-et-raisins\/tomate-cerise-coeur-tendre-du-jardinier\/","title":{"rendered":"Tomate cerise C\u0153ur Tendre du Jardinier"},"content":{"rendered":"<p>Grosses cerises rouges brillantes en forme de c\u0153ur \u00e0 la texture lisse. Peu juteuse compar\u00e9e \u00e0 la plupart des autres tomates cerises, avec une peau \u00e9paisse qui ne craquelle pas. Cette vari\u00e9t\u00e9 est n\u00e9e dans les jardins du conservateur de semences du Maine, Will Bonsall, d&rsquo;un croisement fortuit entre <g id=\"gid_0\">Gardener&rsquo;s Delight Cherry<\/g> et une tomate prune. Plants vigoureux et productifs<strong>. <\/strong>Ind\u00e9termin\u00e9e.   <\/p>\n<p><strong><em>Environ 20 \u00e0 30&nbsp;graines par sachet. <\/em><\/strong><\/p>\n","protected":false},"excerpt":{"rendered":"<p>Grosses cerises rouges brillantes en forme de c\u0153ur \u00e0 la texture lisse. Peu juteuse compar\u00e9e \u00e0 la plupart des autres tomates cerises, avec une peau \u00e9paisse qui ne craquelle pas. Cette vari\u00e9t\u00e9 est n\u00e9e dans les jardins du conservateur de semences du Maine, Will Bonsall, d&rsquo;un croisement fortuit entre Gardener&rsquo;s Delight Cherry et une tomate [&hellip;]<\/p>\n","protected":false},"featured_media":473,"comment_status":"closed","ping_status":"closed","template":"","meta":[],"product_brand":[],"product_cat":[206],"product_tag":[],"class_list":{"0":"post-20522","1":"product","2":"type-product","3":"status-publish","4":"has-post-thumbnail","6":"product_cat-tomates-cerises-poires-et-raisins","7":"product_shipping_class-graines","9":"first","10":"instock","11":"taxable","12":"shipping-taxable","13":"purchasable","14":"product-type-simple"},"_links":{"self":[{"href":"https:\/\/yonderhillfarm.ca\/fr\/wp-json\/wp\/v2\/product\/20522","targetHints":{"allow":["GET"]}}],"collection":[{"href":"https:\/\/yonderhillfarm.ca\/fr\/wp-json\/wp\/v2\/product"}],"about":[{"href":"https:\/\/yonderhillfarm.ca\/fr\/wp-json\/wp\/v2\/types\/product"}],"replies":[{"embeddable":true,"href":"https:\/\/yonderhillfarm.ca\/fr\/wp-json\/wp\/v2\/comments?post=20522"}],"wp:featuredmedia":[{"embeddable":true,"href":"https:\/\/yonderhillfarm.ca\/fr\/wp-json\/wp\/v2\/media\/473"}],"wp:attachment":[{"href":"https:\/\/yonderhillfarm.ca\/fr\/wp-json\/wp\/v2\/media?parent=20522"}],"wp:term":[{"taxonomy":"product_brand","embeddable":true,"href":"https:\/\/yonderhillfarm.ca\/fr\/wp-json\/wp\/v2\/product_brand?post=20522"},{"taxonomy":"product_cat","embeddable":true,"href":"https:\/\/yonderhillfarm.ca\/fr\/wp-json\/wp\/v2\/product_cat?post=20522"},{"taxonomy":"product_tag","embeddable":true,"href":"https:\/\/yonderhillfarm.ca\/fr\/wp-json\/wp\/v2\/product_tag?post=20522"}],"curies":[{"name":"wp","href":"https:\/\/api.w.org\/{rel}","templated":true}]}}