{"id":20521,"date":"2025-05-05T18:38:08","date_gmt":"2025-05-05T18:38:08","guid":{"rendered":"https:\/\/yonderhillfarm.ca\/shop\/non%20class\u00e9\/potiron-cheese\/"},"modified":"2026-01-03T12:41:02","modified_gmt":"2026-01-03T16:41:02","slug":"potiron-cheese","status":"publish","type":"product","link":"https:\/\/yonderhillfarm.ca\/fr\/shop\/graines-legumes-cereales\/courges-dhiver-et-citrouilles\/potiron-cheese\/","title":{"rendered":"Potiron Cheese"},"content":{"rendered":"<p><em>(C. moschata) <\/em>Aussi connue sous le nom de Long Island Cheese Pumpkin. Peau beige comme une courge musqu\u00e9e, avec une forme aplatie et c\u00f4tel\u00e9e ressemblant \u00e0 une meule de fromage. Chair orange vif et sucr\u00e9e, id\u00e9ale pour les soupes, les muffins ou les tartes. Longues vignes productives&nbsp;!   <\/p>\n<p><strong><em>Environ 15 graines par sachet standard. <\/em><\/strong><\/p>\n<p><em><strong>Environ 150 graines par grand sachet. <\/strong><\/em><\/p>\n","protected":false},"excerpt":{"rendered":"<p>(C. moschata) Aussi connue sous le nom de Long Island Cheese Pumpkin. Peau beige comme une courge musqu\u00e9e, avec une forme aplatie et c\u00f4tel\u00e9e ressemblant \u00e0 une meule de fromage. Chair orange vif et sucr\u00e9e, id\u00e9ale pour les soupes, les muffins ou les tartes. Longues vignes productives&nbsp;! Environ 15 graines par sachet standard. Environ 150 [&hellip;]<\/p>\n","protected":false},"featured_media":20524,"comment_status":"closed","ping_status":"closed","template":"","meta":[],"product_brand":[],"product_cat":[185,137,176],"product_tag":[],"class_list":{"0":"post-20521","1":"product","2":"type-product","3":"status-publish","4":"has-post-thumbnail","6":"product_cat-courges-dhiver-et-citrouilles","7":"product_cat-graines-en-vrac","8":"product_cat-varietes-anciennes","9":"product_shipping_class-graines","11":"first","12":"instock","13":"taxable","14":"shipping-taxable","15":"purchasable","16":"product-type-variable"},"_links":{"self":[{"href":"https:\/\/yonderhillfarm.ca\/fr\/wp-json\/wp\/v2\/product\/20521","targetHints":{"allow":["GET"]}}],"collection":[{"href":"https:\/\/yonderhillfarm.ca\/fr\/wp-json\/wp\/v2\/product"}],"about":[{"href":"https:\/\/yonderhillfarm.ca\/fr\/wp-json\/wp\/v2\/types\/product"}],"replies":[{"embeddable":true,"href":"https:\/\/yonderhillfarm.ca\/fr\/wp-json\/wp\/v2\/comments?post=20521"}],"wp:featuredmedia":[{"embeddable":true,"href":"https:\/\/yonderhillfarm.ca\/fr\/wp-json\/wp\/v2\/media\/20524"}],"wp:attachment":[{"href":"https:\/\/yonderhillfarm.ca\/fr\/wp-json\/wp\/v2\/media?parent=20521"}],"wp:term":[{"taxonomy":"product_brand","embeddable":true,"href":"https:\/\/yonderhillfarm.ca\/fr\/wp-json\/wp\/v2\/product_brand?post=20521"},{"taxonomy":"product_cat","embeddable":true,"href":"https:\/\/yonderhillfarm.ca\/fr\/wp-json\/wp\/v2\/product_cat?post=20521"},{"taxonomy":"product_tag","embeddable":true,"href":"https:\/\/yonderhillfarm.ca\/fr\/wp-json\/wp\/v2\/product_tag?post=20521"}],"curies":[{"name":"wp","href":"https:\/\/api.w.org\/{rel}","templated":true}]}}