{"id":20513,"date":"2025-05-05T18:38:30","date_gmt":"2025-05-05T18:38:30","guid":{"rendered":"https:\/\/yonderhillfarm.ca\/shop\/non class\u00e9\/tomate-cerise-peacevine\/"},"modified":"2025-05-05T18:38:30","modified_gmt":"2025-05-05T21:38:30","slug":"tomate-cerise-peacevine","status":"publish","type":"product","link":"https:\/\/yonderhillfarm.ca\/fr\/shop\/graines-legumes-cereales\/tomates\/tomates-cerises-poires-et-raisins\/tomate-cerise-peacevine\/","title":{"rendered":"Tomate cerise Peacevine"},"content":{"rendered":"<p>La tomate cerise par excellence&nbsp;! Plus petite que la Gardener&rsquo;s Delight, sucr\u00e9e et juteuse, parfaite \u00e0 d\u00e9guster telle quelle. Si le fait qu&rsquo;elle poss\u00e8de certains des niveaux les plus \u00e9lev\u00e9s de vitamine&nbsp;C et d&rsquo;acides amin\u00e9s par rapport aux autres tomates ne suffisait pas, c&rsquo;est une formidable productrice de grosses grappes de 8&nbsp;fruits ou plus sur des plants \u00e0 croissance ind\u00e9termin\u00e9e.  <\/p>\n<p><strong><em>Environ 20 \u00e0 30&nbsp;graines par sachet. <\/em><\/strong><\/p>\n","protected":false},"excerpt":{"rendered":"<p>La tomate cerise par excellence&nbsp;! Plus petite que la Gardener&rsquo;s Delight, sucr\u00e9e et juteuse, parfaite \u00e0 d\u00e9guster telle quelle. Si le fait qu&rsquo;elle poss\u00e8de certains des niveaux les plus \u00e9lev\u00e9s de vitamine&nbsp;C et d&rsquo;acides amin\u00e9s par rapport aux autres tomates ne suffisait pas, c&rsquo;est une formidable productrice de grosses grappes de 8&nbsp;fruits ou plus sur [&hellip;]<\/p>\n","protected":false},"featured_media":468,"comment_status":"closed","ping_status":"closed","template":"","meta":[],"product_brand":[],"product_cat":[206],"product_tag":[],"class_list":{"0":"post-20513","1":"product","2":"type-product","3":"status-publish","4":"has-post-thumbnail","6":"product_cat-tomates-cerises-poires-et-raisins","7":"product_shipping_class-graines","9":"first","10":"instock","11":"taxable","12":"shipping-taxable","13":"purchasable","14":"product-type-simple"},"_links":{"self":[{"href":"https:\/\/yonderhillfarm.ca\/fr\/wp-json\/wp\/v2\/product\/20513","targetHints":{"allow":["GET"]}}],"collection":[{"href":"https:\/\/yonderhillfarm.ca\/fr\/wp-json\/wp\/v2\/product"}],"about":[{"href":"https:\/\/yonderhillfarm.ca\/fr\/wp-json\/wp\/v2\/types\/product"}],"replies":[{"embeddable":true,"href":"https:\/\/yonderhillfarm.ca\/fr\/wp-json\/wp\/v2\/comments?post=20513"}],"wp:featuredmedia":[{"embeddable":true,"href":"https:\/\/yonderhillfarm.ca\/fr\/wp-json\/wp\/v2\/media\/468"}],"wp:attachment":[{"href":"https:\/\/yonderhillfarm.ca\/fr\/wp-json\/wp\/v2\/media?parent=20513"}],"wp:term":[{"taxonomy":"product_brand","embeddable":true,"href":"https:\/\/yonderhillfarm.ca\/fr\/wp-json\/wp\/v2\/product_brand?post=20513"},{"taxonomy":"product_cat","embeddable":true,"href":"https:\/\/yonderhillfarm.ca\/fr\/wp-json\/wp\/v2\/product_cat?post=20513"},{"taxonomy":"product_tag","embeddable":true,"href":"https:\/\/yonderhillfarm.ca\/fr\/wp-json\/wp\/v2\/product_tag?post=20513"}],"curies":[{"name":"wp","href":"https:\/\/api.w.org\/{rel}","templated":true}]}}