{"id":20500,"date":"2025-05-05T18:38:51","date_gmt":"2025-05-05T18:38:51","guid":{"rendered":"https:\/\/yonderhillfarm.ca\/shop\/non class\u00e9\/tomate-cerise-pink-princess\/"},"modified":"2025-05-05T18:38:51","modified_gmt":"2025-05-05T21:38:51","slug":"tomate-cerise-pink-princess","status":"publish","type":"product","link":"https:\/\/yonderhillfarm.ca\/fr\/shop\/graines-legumes-cereales\/tomates\/tomates-cerises-poires-et-raisins\/tomate-cerise-pink-princess\/","title":{"rendered":"Tomate cerise Pink Princess"},"content":{"rendered":"<p>Absolument la tomate cerise \u00e0 pollinisation libre la plus douce que nous ayons jamais rencontr\u00e9e ! Nous avons cultiv\u00e9 cette vari\u00e9t\u00e9 de pool g\u00e9n\u00e9tique pendant 5 ans et estimons qu&rsquo;elle est suffisamment stable pour \u00eatre propos\u00e9e. Un \u00ab pool g\u00e9n\u00e9tique \u00bb signifie que la vari\u00e9t\u00e9 est encore nouvelle et quelque peu instable &#8211; attendez-vous \u00e0 quelques types diff\u00e9rents qui sont toujours savoureux. La saveur incroyablement super sucr\u00e9e semble g\u00e9n\u00e9tiquement li\u00e9e \u00e0 la couleur rose. Coup de c\u0153ur de la ferme ! Ind\u00e9termin\u00e9e.     <\/p>\n<p><strong><em>Environ 20 \u00e0 30 graines par paquet standard. <\/em><\/strong><\/p>\n<p><em><strong>Environ 250 graines par grand sachet. <\/strong><\/em><\/p>\n","protected":false},"excerpt":{"rendered":"<p>Absolument la tomate cerise \u00e0 pollinisation libre la plus douce que nous ayons jamais rencontr\u00e9e ! Nous avons cultiv\u00e9 cette vari\u00e9t\u00e9 de pool g\u00e9n\u00e9tique pendant 5 ans et estimons qu&rsquo;elle est suffisamment stable pour \u00eatre propos\u00e9e. Un \u00ab pool g\u00e9n\u00e9tique \u00bb signifie que la vari\u00e9t\u00e9 est encore nouvelle et quelque peu instable &#8211; attendez-vous \u00e0 [&hellip;]<\/p>\n","protected":false},"featured_media":490,"comment_status":"closed","ping_status":"closed","template":"","meta":[],"product_brand":[],"product_cat":[137,206],"product_tag":[187],"class_list":{"0":"post-20500","1":"product","2":"type-product","3":"status-publish","4":"has-post-thumbnail","6":"product_cat-graines-en-vrac","7":"product_cat-tomates-cerises-poires-et-raisins","8":"product_tag-les-favoris-de-la-ferme","9":"product_shipping_class-graines","11":"first","12":"instock","13":"taxable","14":"shipping-taxable","15":"purchasable","16":"product-type-variable"},"_links":{"self":[{"href":"https:\/\/yonderhillfarm.ca\/fr\/wp-json\/wp\/v2\/product\/20500","targetHints":{"allow":["GET"]}}],"collection":[{"href":"https:\/\/yonderhillfarm.ca\/fr\/wp-json\/wp\/v2\/product"}],"about":[{"href":"https:\/\/yonderhillfarm.ca\/fr\/wp-json\/wp\/v2\/types\/product"}],"replies":[{"embeddable":true,"href":"https:\/\/yonderhillfarm.ca\/fr\/wp-json\/wp\/v2\/comments?post=20500"}],"wp:featuredmedia":[{"embeddable":true,"href":"https:\/\/yonderhillfarm.ca\/fr\/wp-json\/wp\/v2\/media\/490"}],"wp:attachment":[{"href":"https:\/\/yonderhillfarm.ca\/fr\/wp-json\/wp\/v2\/media?parent=20500"}],"wp:term":[{"taxonomy":"product_brand","embeddable":true,"href":"https:\/\/yonderhillfarm.ca\/fr\/wp-json\/wp\/v2\/product_brand?post=20500"},{"taxonomy":"product_cat","embeddable":true,"href":"https:\/\/yonderhillfarm.ca\/fr\/wp-json\/wp\/v2\/product_cat?post=20500"},{"taxonomy":"product_tag","embeddable":true,"href":"https:\/\/yonderhillfarm.ca\/fr\/wp-json\/wp\/v2\/product_tag?post=20500"}],"curies":[{"name":"wp","href":"https:\/\/api.w.org\/{rel}","templated":true}]}}