{"id":20497,"date":"2025-05-05T18:38:51","date_gmt":"2025-05-05T18:38:51","guid":{"rendered":"https:\/\/yonderhillfarm.ca\/shop\/non class\u00e9\/tomate-principe-borghese\/"},"modified":"2025-05-05T18:38:51","modified_gmt":"2025-05-05T21:38:51","slug":"tomate-principe-borghese","status":"publish","type":"product","link":"https:\/\/yonderhillfarm.ca\/fr\/shop\/graines-legumes-cereales\/tomates\/tomates-cerises-poires-et-raisins\/tomate-principe-borghese\/","title":{"rendered":"Tomate Principe Borghese"},"content":{"rendered":"<p>Une vieille vari\u00e9t\u00e9 italienne. Id\u00e9ale pour faire s\u00e9cher les tomates, il suffit de les couper en deux. Les fruits sont petits, mais les rendements sont \u00e9normes. Vari\u00e9t\u00e9 d\u00e9termin\u00e9e.   <\/p>\n<p><strong><em>Environ 20 \u00e0 30&nbsp;graines par sachet. <\/em><\/strong><\/p>\n","protected":false},"excerpt":{"rendered":"<p>Une vieille vari\u00e9t\u00e9 italienne. Id\u00e9ale pour faire s\u00e9cher les tomates, il suffit de les couper en deux. Les fruits sont petits, mais les rendements sont \u00e9normes. Vari\u00e9t\u00e9 d\u00e9termin\u00e9e. Environ 20 \u00e0 30&nbsp;graines par sachet.<\/p>\n","protected":false},"featured_media":491,"comment_status":"closed","ping_status":"closed","template":"","meta":[],"product_brand":[],"product_cat":[206,176],"product_tag":[],"class_list":{"0":"post-20497","1":"product","2":"type-product","3":"status-publish","4":"has-post-thumbnail","6":"product_cat-tomates-cerises-poires-et-raisins","7":"product_cat-varietes-anciennes","8":"product_shipping_class-graines","10":"first","11":"instock","12":"taxable","13":"shipping-taxable","14":"purchasable","15":"product-type-simple"},"_links":{"self":[{"href":"https:\/\/yonderhillfarm.ca\/fr\/wp-json\/wp\/v2\/product\/20497","targetHints":{"allow":["GET"]}}],"collection":[{"href":"https:\/\/yonderhillfarm.ca\/fr\/wp-json\/wp\/v2\/product"}],"about":[{"href":"https:\/\/yonderhillfarm.ca\/fr\/wp-json\/wp\/v2\/types\/product"}],"replies":[{"embeddable":true,"href":"https:\/\/yonderhillfarm.ca\/fr\/wp-json\/wp\/v2\/comments?post=20497"}],"wp:featuredmedia":[{"embeddable":true,"href":"https:\/\/yonderhillfarm.ca\/fr\/wp-json\/wp\/v2\/media\/491"}],"wp:attachment":[{"href":"https:\/\/yonderhillfarm.ca\/fr\/wp-json\/wp\/v2\/media?parent=20497"}],"wp:term":[{"taxonomy":"product_brand","embeddable":true,"href":"https:\/\/yonderhillfarm.ca\/fr\/wp-json\/wp\/v2\/product_brand?post=20497"},{"taxonomy":"product_cat","embeddable":true,"href":"https:\/\/yonderhillfarm.ca\/fr\/wp-json\/wp\/v2\/product_cat?post=20497"},{"taxonomy":"product_tag","embeddable":true,"href":"https:\/\/yonderhillfarm.ca\/fr\/wp-json\/wp\/v2\/product_tag?post=20497"}],"curies":[{"name":"wp","href":"https:\/\/api.w.org\/{rel}","templated":true}]}}