{"id":20490,"date":"2025-05-05T18:38:51","date_gmt":"2025-05-05T18:38:51","guid":{"rendered":"https:\/\/yonderhillfarm.ca\/shop\/non class\u00e9\/tomate-cerise-sweet-tumbler\/"},"modified":"2025-05-05T18:38:51","modified_gmt":"2025-05-05T21:38:51","slug":"tomate-cerise-sweet-tumbler","status":"publish","type":"product","link":"https:\/\/yonderhillfarm.ca\/fr\/shop\/graines-legumes-cereales\/tomates\/tomates-cerises-poires-et-raisins\/tomate-cerise-sweet-tumbler\/","title":{"rendered":"Tomate Cerise Sweet Tumbler"},"content":{"rendered":"<p>Cerise rose sucr\u00e9e extr\u00eamement pr\u00e9coce et productive avec des plants compacts \u00e0 croissance horizontale. Id\u00e9ale pour les paniers suspendus ou les jardins de patio, les vignes ne poussent que sur environ 60 cm de long et aiment d\u00e9gringoler sur les bords des conteneurs. Vari\u00e9t\u00e9 naine \u00e0 port d\u00e9termin\u00e9.  <\/p>\n<p><strong><em>Environ 20 \u00e0 30&nbsp;graines par sachet. <\/em><\/strong><\/p>\n<p><em><strong>Environ 250 graines par grand sachet. <\/strong><\/em><\/p>\n<p><strong> <\/strong><\/p>\n","protected":false},"excerpt":{"rendered":"<p>Cerise rose sucr\u00e9e extr\u00eamement pr\u00e9coce et productive avec des plants compacts \u00e0 croissance horizontale. Id\u00e9ale pour les paniers suspendus ou les jardins de patio, les vignes ne poussent que sur environ 60 cm de long et aiment d\u00e9gringoler sur les bords des conteneurs. Vari\u00e9t\u00e9 naine \u00e0 port d\u00e9termin\u00e9. Environ 20 \u00e0 30&nbsp;graines par sachet. Environ [&hellip;]<\/p>\n","protected":false},"featured_media":492,"comment_status":"closed","ping_status":"closed","template":"","meta":[],"product_brand":[],"product_cat":[206,137],"product_tag":[],"class_list":{"0":"post-20490","1":"product","2":"type-product","3":"status-publish","4":"has-post-thumbnail","6":"product_cat-tomates-cerises-poires-et-raisins","7":"product_cat-graines-en-vrac","8":"product_shipping_class-graines","10":"first","11":"instock","12":"taxable","13":"shipping-taxable","14":"purchasable","15":"product-type-variable"},"_links":{"self":[{"href":"https:\/\/yonderhillfarm.ca\/fr\/wp-json\/wp\/v2\/product\/20490","targetHints":{"allow":["GET"]}}],"collection":[{"href":"https:\/\/yonderhillfarm.ca\/fr\/wp-json\/wp\/v2\/product"}],"about":[{"href":"https:\/\/yonderhillfarm.ca\/fr\/wp-json\/wp\/v2\/types\/product"}],"replies":[{"embeddable":true,"href":"https:\/\/yonderhillfarm.ca\/fr\/wp-json\/wp\/v2\/comments?post=20490"}],"wp:featuredmedia":[{"embeddable":true,"href":"https:\/\/yonderhillfarm.ca\/fr\/wp-json\/wp\/v2\/media\/492"}],"wp:attachment":[{"href":"https:\/\/yonderhillfarm.ca\/fr\/wp-json\/wp\/v2\/media?parent=20490"}],"wp:term":[{"taxonomy":"product_brand","embeddable":true,"href":"https:\/\/yonderhillfarm.ca\/fr\/wp-json\/wp\/v2\/product_brand?post=20490"},{"taxonomy":"product_cat","embeddable":true,"href":"https:\/\/yonderhillfarm.ca\/fr\/wp-json\/wp\/v2\/product_cat?post=20490"},{"taxonomy":"product_tag","embeddable":true,"href":"https:\/\/yonderhillfarm.ca\/fr\/wp-json\/wp\/v2\/product_tag?post=20490"}],"curies":[{"name":"wp","href":"https:\/\/api.w.org\/{rel}","templated":true}]}}