{"id":20485,"date":"2025-05-05T18:39:35","date_gmt":"2025-05-05T18:39:35","guid":{"rendered":"https:\/\/yonderhillfarm.ca\/shop\/non class\u00e9\/tomate-peche-des-jardins\/"},"modified":"2025-05-05T18:39:35","modified_gmt":"2025-05-05T21:39:35","slug":"tomate-peche-des-jardins","status":"publish","type":"product","link":"https:\/\/yonderhillfarm.ca\/fr\/shop\/graines-legumes-cereales\/tomates\/petites-a-moyennes-tomates-a-trancher\/tomate-peche-des-jardins\/","title":{"rendered":"Tomate P\u00eache des Jardins"},"content":{"rendered":"<p>Cette tomate \u00e9tonnante ressemble \u00e0 une p\u00eache&nbsp;! Les fruits \u00e0 faible acidit\u00e9 sont jaunes avec des rougeurs roses lorsqu\u2019ils sont tr\u00e8s m\u00fbrs, et ils sont m\u00eame duveteux. Super productive et sans d\u00e9faut, son go\u00fbt est fruit\u00e9 et doux et elle est excellente coup\u00e9e en tranches dans les salades. Ind\u00e9termin\u00e9e.   <\/p>\n<p><strong><em>Environ 20 \u00e0 30&nbsp;graines par sachet. <\/em><\/strong><\/p>\n","protected":false},"excerpt":{"rendered":"<p>Cette tomate \u00e9tonnante ressemble \u00e0 une p\u00eache&nbsp;! Les fruits \u00e0 faible acidit\u00e9 sont jaunes avec des rougeurs roses lorsqu\u2019ils sont tr\u00e8s m\u00fbrs, et ils sont m\u00eame duveteux. Super productive et sans d\u00e9faut, son go\u00fbt est fruit\u00e9 et doux et elle est excellente coup\u00e9e en tranches dans les salades. Ind\u00e9termin\u00e9e. Environ 20 \u00e0 30&nbsp;graines par sachet.<\/p>\n","protected":false},"featured_media":499,"comment_status":"closed","ping_status":"closed","template":"","meta":[],"product_brand":[],"product_cat":[203,176],"product_tag":[],"class_list":{"0":"post-20485","1":"product","2":"type-product","3":"status-publish","4":"has-post-thumbnail","6":"product_cat-petites-a-moyennes-tomates-a-trancher","7":"product_cat-varietes-anciennes","8":"product_shipping_class-graines","10":"first","11":"instock","12":"taxable","13":"shipping-taxable","14":"purchasable","15":"product-type-simple"},"_links":{"self":[{"href":"https:\/\/yonderhillfarm.ca\/fr\/wp-json\/wp\/v2\/product\/20485","targetHints":{"allow":["GET"]}}],"collection":[{"href":"https:\/\/yonderhillfarm.ca\/fr\/wp-json\/wp\/v2\/product"}],"about":[{"href":"https:\/\/yonderhillfarm.ca\/fr\/wp-json\/wp\/v2\/types\/product"}],"replies":[{"embeddable":true,"href":"https:\/\/yonderhillfarm.ca\/fr\/wp-json\/wp\/v2\/comments?post=20485"}],"wp:featuredmedia":[{"embeddable":true,"href":"https:\/\/yonderhillfarm.ca\/fr\/wp-json\/wp\/v2\/media\/499"}],"wp:attachment":[{"href":"https:\/\/yonderhillfarm.ca\/fr\/wp-json\/wp\/v2\/media?parent=20485"}],"wp:term":[{"taxonomy":"product_brand","embeddable":true,"href":"https:\/\/yonderhillfarm.ca\/fr\/wp-json\/wp\/v2\/product_brand?post=20485"},{"taxonomy":"product_cat","embeddable":true,"href":"https:\/\/yonderhillfarm.ca\/fr\/wp-json\/wp\/v2\/product_cat?post=20485"},{"taxonomy":"product_tag","embeddable":true,"href":"https:\/\/yonderhillfarm.ca\/fr\/wp-json\/wp\/v2\/product_tag?post=20485"}],"curies":[{"name":"wp","href":"https:\/\/api.w.org\/{rel}","templated":true}]}}