{"id":20480,"date":"2025-05-05T18:39:35","date_gmt":"2025-05-05T18:39:35","guid":{"rendered":"https:\/\/yonderhillfarm.ca\/shop\/non class\u00e9\/tomate-peche-rose\/"},"modified":"2025-05-05T18:39:35","modified_gmt":"2025-05-05T21:39:35","slug":"tomate-peche-rose","status":"publish","type":"product","link":"https:\/\/yonderhillfarm.ca\/fr\/shop\/graines-legumes-cereales\/tomates\/petites-a-moyennes-tomates-a-trancher\/tomate-peche-rose\/","title":{"rendered":"Tomate P\u00eache Rose"},"content":{"rendered":"<p>Un croisement rare et remarquable dans notre jardin&nbsp;! <a href=\"https:\/\/yonderhillfarm.ca\/product\/pink-princess-tomato\/\">Pink Princess<\/a> x <a href=\"https:\/\/yonderhillfarm.ca\/product\/garden-peach-tomato\/\">Garden Peach<\/a> est une chose si belle. Duveteuse et rose, de la taille de Garden Peach, avec la douceur intense de Pink Princess. \u00ab&nbsp;Pool g\u00e9n\u00e9tique&nbsp;\u00bb ind\u00e9termin\u00e9 (attendez-vous \u00e0 une certaine variation). Exclusivit\u00e9 de la ferme&nbsp;!   <\/p>\n<p><strong><em>Environ 20 \u00e0 30&nbsp;graines par sachet. <\/em><\/strong><\/p>\n","protected":false},"excerpt":{"rendered":"<p>Un croisement rare et remarquable dans notre jardin&nbsp;! Pink Princess x Garden Peach est une chose si belle. Duveteuse et rose, de la taille de Garden Peach, avec la douceur intense de Pink Princess. \u00ab&nbsp;Pool g\u00e9n\u00e9tique&nbsp;\u00bb ind\u00e9termin\u00e9 (attendez-vous \u00e0 une certaine variation). Exclusivit\u00e9 de la ferme&nbsp;! Environ 20 \u00e0 30&nbsp;graines par sachet.<\/p>\n","protected":false},"featured_media":500,"comment_status":"closed","ping_status":"closed","template":"","meta":[],"product_brand":[],"product_cat":[203],"product_tag":[],"class_list":{"0":"post-20480","1":"product","2":"type-product","3":"status-publish","4":"has-post-thumbnail","6":"product_cat-petites-a-moyennes-tomates-a-trancher","7":"product_shipping_class-graines","9":"first","10":"instock","11":"taxable","12":"shipping-taxable","13":"purchasable","14":"product-type-simple"},"_links":{"self":[{"href":"https:\/\/yonderhillfarm.ca\/fr\/wp-json\/wp\/v2\/product\/20480","targetHints":{"allow":["GET"]}}],"collection":[{"href":"https:\/\/yonderhillfarm.ca\/fr\/wp-json\/wp\/v2\/product"}],"about":[{"href":"https:\/\/yonderhillfarm.ca\/fr\/wp-json\/wp\/v2\/types\/product"}],"replies":[{"embeddable":true,"href":"https:\/\/yonderhillfarm.ca\/fr\/wp-json\/wp\/v2\/comments?post=20480"}],"wp:featuredmedia":[{"embeddable":true,"href":"https:\/\/yonderhillfarm.ca\/fr\/wp-json\/wp\/v2\/media\/500"}],"wp:attachment":[{"href":"https:\/\/yonderhillfarm.ca\/fr\/wp-json\/wp\/v2\/media?parent=20480"}],"wp:term":[{"taxonomy":"product_brand","embeddable":true,"href":"https:\/\/yonderhillfarm.ca\/fr\/wp-json\/wp\/v2\/product_brand?post=20480"},{"taxonomy":"product_cat","embeddable":true,"href":"https:\/\/yonderhillfarm.ca\/fr\/wp-json\/wp\/v2\/product_cat?post=20480"},{"taxonomy":"product_tag","embeddable":true,"href":"https:\/\/yonderhillfarm.ca\/fr\/wp-json\/wp\/v2\/product_tag?post=20480"}],"curies":[{"name":"wp","href":"https:\/\/api.w.org\/{rel}","templated":true}]}}