{"id":20479,"date":"2025-05-05T18:39:36","date_gmt":"2025-05-05T18:39:36","guid":{"rendered":"https:\/\/yonderhillfarm.ca\/shop\/non class\u00e9\/tomate-cherokee-purple\/"},"modified":"2025-05-05T18:39:36","modified_gmt":"2025-05-05T21:39:36","slug":"tomate-cherokee-purple","status":"publish","type":"product","link":"https:\/\/yonderhillfarm.ca\/fr\/shop\/graines-legumes-cereales\/tomates\/tomates-beefsteak-grandes-tranches\/tomate-cherokee-purple\/","title":{"rendered":"Tomate Cherokee Purple"},"content":{"rendered":"<p>Grosses tomates marbr\u00e9es violettes et savoureuses, assez pr\u00e9coces pour une beefsteak et superbement sucr\u00e9es. Une tr\u00e8s ancienne vari\u00e9t\u00e9 patrimoniale des Premi\u00e8res Nations Cherokee &#8211; presque perdue jusqu&rsquo;\u00e0 sa red\u00e9couverte dans les ann\u00e9es 1990. Ind\u00e9termin\u00e9e.  <\/p>\n<p><strong><em>Environ 20 graines par sachet. <\/em><\/strong><\/p>\n","protected":false},"excerpt":{"rendered":"<p>Grosses tomates marbr\u00e9es violettes et savoureuses, assez pr\u00e9coces pour une beefsteak et superbement sucr\u00e9es. Une tr\u00e8s ancienne vari\u00e9t\u00e9 patrimoniale des Premi\u00e8res Nations Cherokee &#8211; presque perdue jusqu&rsquo;\u00e0 sa red\u00e9couverte dans les ann\u00e9es 1990. Ind\u00e9termin\u00e9e. Environ 20 graines par sachet.<\/p>\n","protected":false},"featured_media":524,"comment_status":"closed","ping_status":"closed","template":"","meta":[],"product_brand":[],"product_cat":[220,176],"product_tag":[],"class_list":{"0":"post-20479","1":"product","2":"type-product","3":"status-publish","4":"has-post-thumbnail","6":"product_cat-tomates-beefsteak-grandes-tranches","7":"product_cat-varietes-anciennes","8":"product_shipping_class-graines","10":"first","11":"instock","12":"taxable","13":"shipping-taxable","14":"purchasable","15":"product-type-simple"},"_links":{"self":[{"href":"https:\/\/yonderhillfarm.ca\/fr\/wp-json\/wp\/v2\/product\/20479","targetHints":{"allow":["GET"]}}],"collection":[{"href":"https:\/\/yonderhillfarm.ca\/fr\/wp-json\/wp\/v2\/product"}],"about":[{"href":"https:\/\/yonderhillfarm.ca\/fr\/wp-json\/wp\/v2\/types\/product"}],"replies":[{"embeddable":true,"href":"https:\/\/yonderhillfarm.ca\/fr\/wp-json\/wp\/v2\/comments?post=20479"}],"wp:featuredmedia":[{"embeddable":true,"href":"https:\/\/yonderhillfarm.ca\/fr\/wp-json\/wp\/v2\/media\/524"}],"wp:attachment":[{"href":"https:\/\/yonderhillfarm.ca\/fr\/wp-json\/wp\/v2\/media?parent=20479"}],"wp:term":[{"taxonomy":"product_brand","embeddable":true,"href":"https:\/\/yonderhillfarm.ca\/fr\/wp-json\/wp\/v2\/product_brand?post=20479"},{"taxonomy":"product_cat","embeddable":true,"href":"https:\/\/yonderhillfarm.ca\/fr\/wp-json\/wp\/v2\/product_cat?post=20479"},{"taxonomy":"product_tag","embeddable":true,"href":"https:\/\/yonderhillfarm.ca\/fr\/wp-json\/wp\/v2\/product_tag?post=20479"}],"curies":[{"name":"wp","href":"https:\/\/api.w.org\/{rel}","templated":true}]}}