{"id":20476,"date":"2025-05-05T18:39:36","date_gmt":"2025-05-05T18:39:36","guid":{"rendered":"https:\/\/yonderhillfarm.ca\/shop\/non class\u00e9\/tomate-brandywine-jaune\/"},"modified":"2025-05-05T18:39:36","modified_gmt":"2025-05-05T21:39:36","slug":"tomate-brandywine-jaune","status":"publish","type":"product","link":"https:\/\/yonderhillfarm.ca\/fr\/shop\/graines-legumes-cereales\/tomates\/tomates-beefsteak-grandes-tranches\/tomate-brandywine-jaune\/","title":{"rendered":"Tomate Brandywine Jaune"},"content":{"rendered":"<p>Lorsque nous vendions des l\u00e9gumes aux march\u00e9s fermiers, les gens demandaient la Brandywine jaune par son nom &#8211; sa saveur est si bonne ! Plus tardive que Wentzell ou Cherokee Purple, mais l&rsquo;attente en vaut la peine. Grosses beefsteaks jaune d&rsquo;or. Ind\u00e9termin\u00e9e \u00e0 feuilles de pomme de terre.   <\/p>\n<p><strong><em>Environ 20 graines par sachet. <\/em><\/strong><\/p>\n<p>&nbsp;<\/p>\n","protected":false},"excerpt":{"rendered":"<p>Lorsque nous vendions des l\u00e9gumes aux march\u00e9s fermiers, les gens demandaient la Brandywine jaune par son nom &#8211; sa saveur est si bonne ! Plus tardive que Wentzell ou Cherokee Purple, mais l&rsquo;attente en vaut la peine. Grosses beefsteaks jaune d&rsquo;or. Ind\u00e9termin\u00e9e \u00e0 feuilles de pomme de terre. Environ 20 graines par sachet. &nbsp;<\/p>\n","protected":false},"featured_media":525,"comment_status":"closed","ping_status":"closed","template":"","meta":[],"product_brand":[],"product_cat":[220,176],"product_tag":[],"class_list":{"0":"post-20476","1":"product","2":"type-product","3":"status-publish","4":"has-post-thumbnail","6":"product_cat-tomates-beefsteak-grandes-tranches","7":"product_cat-varietes-anciennes","8":"product_shipping_class-graines","10":"first","11":"instock","12":"taxable","13":"shipping-taxable","14":"purchasable","15":"product-type-simple"},"_links":{"self":[{"href":"https:\/\/yonderhillfarm.ca\/fr\/wp-json\/wp\/v2\/product\/20476","targetHints":{"allow":["GET"]}}],"collection":[{"href":"https:\/\/yonderhillfarm.ca\/fr\/wp-json\/wp\/v2\/product"}],"about":[{"href":"https:\/\/yonderhillfarm.ca\/fr\/wp-json\/wp\/v2\/types\/product"}],"replies":[{"embeddable":true,"href":"https:\/\/yonderhillfarm.ca\/fr\/wp-json\/wp\/v2\/comments?post=20476"}],"wp:featuredmedia":[{"embeddable":true,"href":"https:\/\/yonderhillfarm.ca\/fr\/wp-json\/wp\/v2\/media\/525"}],"wp:attachment":[{"href":"https:\/\/yonderhillfarm.ca\/fr\/wp-json\/wp\/v2\/media?parent=20476"}],"wp:term":[{"taxonomy":"product_brand","embeddable":true,"href":"https:\/\/yonderhillfarm.ca\/fr\/wp-json\/wp\/v2\/product_brand?post=20476"},{"taxonomy":"product_cat","embeddable":true,"href":"https:\/\/yonderhillfarm.ca\/fr\/wp-json\/wp\/v2\/product_cat?post=20476"},{"taxonomy":"product_tag","embeddable":true,"href":"https:\/\/yonderhillfarm.ca\/fr\/wp-json\/wp\/v2\/product_tag?post=20476"}],"curies":[{"name":"wp","href":"https:\/\/api.w.org\/{rel}","templated":true}]}}