{"id":20475,"date":"2025-05-05T18:39:35","date_gmt":"2025-05-05T18:39:35","guid":{"rendered":"https:\/\/yonderhillfarm.ca\/shop\/non class\u00e9\/tomate-scotia\/"},"modified":"2025-05-05T18:39:35","modified_gmt":"2025-05-05T21:39:35","slug":"tomate-scotia","status":"publish","type":"product","link":"https:\/\/yonderhillfarm.ca\/fr\/shop\/graines-legumes-cereales\/tomates\/petites-a-moyennes-tomates-a-trancher\/tomate-scotia\/","title":{"rendered":"Tomate Scotia"},"content":{"rendered":"<p>Incontournable pour de nombreux jardiniers de la c\u00f4te Est, la Scotia est une tomate rouge \u00e0 trancher tr\u00e8s fiable et \u00e0 rendement \u00e9lev\u00e9, super pr\u00e9coce. D\u00e9velopp\u00e9e en 1956 \u00e0 la station Agriculture Canada de Kentville, en Nouvelle-\u00c9cosse. D\u00e9termin\u00e9e.  <\/p>\n<p><strong><em>Environ 20 \u00e0 30 graines par paquet standard. <\/em><\/strong><\/p>\n<p><em><strong>Environ 250 graines par grand sachet. <\/strong><\/em><\/p>\n","protected":false},"excerpt":{"rendered":"<p>Incontournable pour de nombreux jardiniers de la c\u00f4te Est, la Scotia est une tomate rouge \u00e0 trancher tr\u00e8s fiable et \u00e0 rendement \u00e9lev\u00e9, super pr\u00e9coce. D\u00e9velopp\u00e9e en 1956 \u00e0 la station Agriculture Canada de Kentville, en Nouvelle-\u00c9cosse. D\u00e9termin\u00e9e. Environ 20 \u00e0 30 graines par paquet standard. Environ 250 graines par grand sachet.<\/p>\n","protected":false},"featured_media":501,"comment_status":"closed","ping_status":"closed","template":"","meta":[],"product_brand":[],"product_cat":[137,203,176],"product_tag":[],"class_list":{"0":"post-20475","1":"product","2":"type-product","3":"status-publish","4":"has-post-thumbnail","6":"product_cat-graines-en-vrac","7":"product_cat-petites-a-moyennes-tomates-a-trancher","8":"product_cat-varietes-anciennes","9":"product_shipping_class-graines","11":"first","12":"instock","13":"taxable","14":"shipping-taxable","15":"purchasable","16":"product-type-variable"},"_links":{"self":[{"href":"https:\/\/yonderhillfarm.ca\/fr\/wp-json\/wp\/v2\/product\/20475","targetHints":{"allow":["GET"]}}],"collection":[{"href":"https:\/\/yonderhillfarm.ca\/fr\/wp-json\/wp\/v2\/product"}],"about":[{"href":"https:\/\/yonderhillfarm.ca\/fr\/wp-json\/wp\/v2\/types\/product"}],"replies":[{"embeddable":true,"href":"https:\/\/yonderhillfarm.ca\/fr\/wp-json\/wp\/v2\/comments?post=20475"}],"wp:featuredmedia":[{"embeddable":true,"href":"https:\/\/yonderhillfarm.ca\/fr\/wp-json\/wp\/v2\/media\/501"}],"wp:attachment":[{"href":"https:\/\/yonderhillfarm.ca\/fr\/wp-json\/wp\/v2\/media?parent=20475"}],"wp:term":[{"taxonomy":"product_brand","embeddable":true,"href":"https:\/\/yonderhillfarm.ca\/fr\/wp-json\/wp\/v2\/product_brand?post=20475"},{"taxonomy":"product_cat","embeddable":true,"href":"https:\/\/yonderhillfarm.ca\/fr\/wp-json\/wp\/v2\/product_cat?post=20475"},{"taxonomy":"product_tag","embeddable":true,"href":"https:\/\/yonderhillfarm.ca\/fr\/wp-json\/wp\/v2\/product_tag?post=20475"}],"curies":[{"name":"wp","href":"https:\/\/api.w.org\/{rel}","templated":true}]}}