{"id":20466,"date":"2025-05-05T18:39:36","date_gmt":"2025-05-05T18:39:36","guid":{"rendered":"https:\/\/yonderhillfarm.ca\/shop\/non class\u00e9\/tomate-oregon-spring\/"},"modified":"2025-05-05T18:39:36","modified_gmt":"2025-05-05T21:39:36","slug":"tomate-oregon-spring","status":"publish","type":"product","link":"https:\/\/yonderhillfarm.ca\/fr\/shop\/graines-legumes-cereales\/tomates\/petites-a-moyennes-tomates-a-trancher\/tomate-oregon-spring\/","title":{"rendered":"Tomate Oregon Spring"},"content":{"rendered":"<p>Dans notre qu\u00eate d&rsquo;une tomate rouge savoureuse et super pr\u00e9coce, Oregon Spring est la gagnante selon nous&nbsp;! Une tomate de taille moyenne \u00e0 grande, juteuse, parfaite pour les sandwichs et les salades de tomates. D\u00e9velopp\u00e9e par l&rsquo;Universit\u00e9 de l&rsquo;Oregon. D\u00e9termin\u00e9e.   <\/p>\n<p><strong><em>Environ 20 \u00e0 30&nbsp;graines par sachet. <\/em><\/strong><\/p>\n","protected":false},"excerpt":{"rendered":"<p>Dans notre qu\u00eate d&rsquo;une tomate rouge savoureuse et super pr\u00e9coce, Oregon Spring est la gagnante selon nous&nbsp;! Une tomate de taille moyenne \u00e0 grande, juteuse, parfaite pour les sandwichs et les salades de tomates. D\u00e9velopp\u00e9e par l&rsquo;Universit\u00e9 de l&rsquo;Oregon. D\u00e9termin\u00e9e. Environ 20 \u00e0 30&nbsp;graines par sachet.<\/p>\n","protected":false},"featured_media":502,"comment_status":"closed","ping_status":"closed","template":"","meta":[],"product_brand":[],"product_cat":[203],"product_tag":[],"class_list":{"0":"post-20466","1":"product","2":"type-product","3":"status-publish","4":"has-post-thumbnail","6":"product_cat-petites-a-moyennes-tomates-a-trancher","7":"product_shipping_class-graines","9":"first","10":"instock","11":"taxable","12":"shipping-taxable","13":"purchasable","14":"product-type-simple"},"_links":{"self":[{"href":"https:\/\/yonderhillfarm.ca\/fr\/wp-json\/wp\/v2\/product\/20466","targetHints":{"allow":["GET"]}}],"collection":[{"href":"https:\/\/yonderhillfarm.ca\/fr\/wp-json\/wp\/v2\/product"}],"about":[{"href":"https:\/\/yonderhillfarm.ca\/fr\/wp-json\/wp\/v2\/types\/product"}],"replies":[{"embeddable":true,"href":"https:\/\/yonderhillfarm.ca\/fr\/wp-json\/wp\/v2\/comments?post=20466"}],"wp:featuredmedia":[{"embeddable":true,"href":"https:\/\/yonderhillfarm.ca\/fr\/wp-json\/wp\/v2\/media\/502"}],"wp:attachment":[{"href":"https:\/\/yonderhillfarm.ca\/fr\/wp-json\/wp\/v2\/media?parent=20466"}],"wp:term":[{"taxonomy":"product_brand","embeddable":true,"href":"https:\/\/yonderhillfarm.ca\/fr\/wp-json\/wp\/v2\/product_brand?post=20466"},{"taxonomy":"product_cat","embeddable":true,"href":"https:\/\/yonderhillfarm.ca\/fr\/wp-json\/wp\/v2\/product_cat?post=20466"},{"taxonomy":"product_tag","embeddable":true,"href":"https:\/\/yonderhillfarm.ca\/fr\/wp-json\/wp\/v2\/product_tag?post=20466"}],"curies":[{"name":"wp","href":"https:\/\/api.w.org\/{rel}","templated":true}]}}