{"id":20465,"date":"2025-05-05T18:39:36","date_gmt":"2025-05-05T18:39:36","guid":{"rendered":"https:\/\/yonderhillfarm.ca\/shop\/non class\u00e9\/tomate-wentzell-brandywine-rose-extra-precoce\/"},"modified":"2025-05-05T18:39:36","modified_gmt":"2025-05-05T21:39:36","slug":"tomate-wentzell-brandywine-rose-extra-precoce","status":"publish","type":"product","link":"https:\/\/yonderhillfarm.ca\/fr\/shop\/graines-legumes-cereales\/tomates\/tomates-beefsteak-grandes-tranches\/tomate-wentzell-brandywine-rose-extra-precoce\/","title":{"rendered":"Tomate Wentzell (brandywine rose extra pr\u00e9coce)"},"content":{"rendered":"<p>Une beefsteak super pr\u00e9coce qui m\u00fbrit aussi vite que les tomates cerises !?! Un v\u00e9ritable h\u00e9ritage de South Shore, Nouvelle-\u00c9cosse &#8211; localement, les gens viennent nous voir pour obtenir les graines de cette fabuleuse tomate. Probablement une souche de la tr\u00e8s populaire Pink Brandywine, la famille Wentzell (qui \u00e9taient des colons de ce qui est maintenant Windhorse Farm dans le comt\u00e9 de Lunenburg) a conserv\u00e9 les graines des fruits \u00e0 maturation la plus pr\u00e9coce pendant un demi-si\u00e8cle. Le r\u00e9sultat est une beefsteak \u00e0 saison impressionnante courte adapt\u00e9e aux climats nordiques. Dense, charnue et g\u00e9niale pour les sandwichs. Ind\u00e9termin\u00e9e \u00e0 feuilles de pomme de terre.    <\/p>\n<p><strong><em>Environ 20 graines par sachet standard. <\/em><\/strong><\/p>\n<p><em><strong>Environ 200 graines par grand sachet. <\/strong><\/em><\/p>\n","protected":false},"excerpt":{"rendered":"<p>Une beefsteak super pr\u00e9coce qui m\u00fbrit aussi vite que les tomates cerises !?! Un v\u00e9ritable h\u00e9ritage de South Shore, Nouvelle-\u00c9cosse &#8211; localement, les gens viennent nous voir pour obtenir les graines de cette fabuleuse tomate. Probablement une souche de la tr\u00e8s populaire Pink Brandywine, la famille Wentzell (qui \u00e9taient des colons de ce qui est [&hellip;]<\/p>\n","protected":false},"featured_media":526,"comment_status":"closed","ping_status":"closed","template":"","meta":[],"product_brand":[],"product_cat":[220,137,176],"product_tag":[187],"class_list":{"0":"post-20465","1":"product","2":"type-product","3":"status-publish","4":"has-post-thumbnail","6":"product_cat-tomates-beefsteak-grandes-tranches","7":"product_cat-graines-en-vrac","8":"product_cat-varietes-anciennes","9":"product_tag-les-favoris-de-la-ferme","10":"product_shipping_class-graines","12":"first","13":"instock","14":"featured","15":"taxable","16":"shipping-taxable","17":"purchasable","18":"product-type-variable"},"_links":{"self":[{"href":"https:\/\/yonderhillfarm.ca\/fr\/wp-json\/wp\/v2\/product\/20465","targetHints":{"allow":["GET"]}}],"collection":[{"href":"https:\/\/yonderhillfarm.ca\/fr\/wp-json\/wp\/v2\/product"}],"about":[{"href":"https:\/\/yonderhillfarm.ca\/fr\/wp-json\/wp\/v2\/types\/product"}],"replies":[{"embeddable":true,"href":"https:\/\/yonderhillfarm.ca\/fr\/wp-json\/wp\/v2\/comments?post=20465"}],"wp:featuredmedia":[{"embeddable":true,"href":"https:\/\/yonderhillfarm.ca\/fr\/wp-json\/wp\/v2\/media\/526"}],"wp:attachment":[{"href":"https:\/\/yonderhillfarm.ca\/fr\/wp-json\/wp\/v2\/media?parent=20465"}],"wp:term":[{"taxonomy":"product_brand","embeddable":true,"href":"https:\/\/yonderhillfarm.ca\/fr\/wp-json\/wp\/v2\/product_brand?post=20465"},{"taxonomy":"product_cat","embeddable":true,"href":"https:\/\/yonderhillfarm.ca\/fr\/wp-json\/wp\/v2\/product_cat?post=20465"},{"taxonomy":"product_tag","embeddable":true,"href":"https:\/\/yonderhillfarm.ca\/fr\/wp-json\/wp\/v2\/product_tag?post=20465"}],"curies":[{"name":"wp","href":"https:\/\/api.w.org\/{rel}","templated":true}]}}