{"id":20460,"date":"2025-05-05T18:39:36","date_gmt":"2025-05-05T18:39:36","guid":{"rendered":"https:\/\/yonderhillfarm.ca\/shop\/non class\u00e9\/tomate-jubilee\/"},"modified":"2025-05-05T18:39:36","modified_gmt":"2025-05-05T21:39:36","slug":"tomate-jubilee","status":"publish","type":"product","link":"https:\/\/yonderhillfarm.ca\/fr\/shop\/graines-legumes-cereales\/tomates\/petites-a-moyennes-tomates-a-trancher\/tomate-jubilee\/","title":{"rendered":"Tomate Jubilee"},"content":{"rendered":"<p>Aussi connue sous le nom de Golden Queen. Voici un exemple d&rsquo;acquisition de graines mal \u00e9tiquet\u00e9es, puis d&rsquo;ann\u00e9es de recherche pour d\u00e9terminer le v\u00e9ritable nom de la vari\u00e9t\u00e9 ! Lorsque nous avons cr\u00e9\u00e9 notre site web \u00e0 l&rsquo;automne 2018, nous avons fait des recherches sur \u00ab\u00a0Aunt Gertie&rsquo;s Gold\u00a0\u00bb et nous avons r\u00e9alis\u00e9 que ce dont nous \u00e9tions tomb\u00e9s amoureux, une trancheuse de taille moyenne, ronde et orange dor\u00e9e, uniforme et sans d\u00e9faut, n&rsquo;\u00e9tait certainement pas vraiment \u00ab\u00a0Aunt Gertie&rsquo;s Gold\u00a0\u00bb &#8211; et nous n&rsquo;avons pas pu d\u00e9terminer pendant des ann\u00e9es ce que c&rsquo;\u00e9tait. Jusqu&rsquo;\u00e0 ce qu&rsquo;un jour, au d\u00e9but de 2021, le nom de la vari\u00e9t\u00e9 Jubilee ait attir\u00e9 mon attention (l&rsquo;un des noms de nos chiens !) et que les photos correspondent. Nous avons cultiv\u00e9 Jubilee et notre souche de \u00ab\u00a0Aunt Gertie&rsquo;s Gold\u00a0\u00bb pour les comparer en 2021, et bien s\u00fbr, le myst\u00e8re a \u00e9t\u00e9 r\u00e9solu ! Tr\u00e8s d\u00e9licieuse, l&rsquo;une de nos pr\u00e9f\u00e9r\u00e9es pour les sandwichs et le s\u00e9chage. Cr\u00e9\u00e9e par Burpee Seeds dans les ann\u00e9es 1940, cette vari\u00e9t\u00e9 ancienne est un excellent choix pour les producteurs mara\u00eechers et les amateurs de tomates de jardin. Ind\u00e9termin\u00e9e.       <\/p>\n<p><strong><em>Environ 20 \u00e0 30&nbsp;graines par sachet. <\/em><\/strong><\/p>\n","protected":false},"excerpt":{"rendered":"<p>Aussi connue sous le nom de Golden Queen. Voici un exemple d&rsquo;acquisition de graines mal \u00e9tiquet\u00e9es, puis d&rsquo;ann\u00e9es de recherche pour d\u00e9terminer le v\u00e9ritable nom de la vari\u00e9t\u00e9 ! Lorsque nous avons cr\u00e9\u00e9 notre site web \u00e0 l&rsquo;automne 2018, nous avons fait des recherches sur \u00ab\u00a0Aunt Gertie&rsquo;s Gold\u00a0\u00bb et nous avons r\u00e9alis\u00e9 que ce dont [&hellip;]<\/p>\n","protected":false},"featured_media":505,"comment_status":"closed","ping_status":"closed","template":"","meta":[],"product_brand":[],"product_cat":[203,176],"product_tag":[],"class_list":{"0":"post-20460","1":"product","2":"type-product","3":"status-publish","4":"has-post-thumbnail","6":"product_cat-petites-a-moyennes-tomates-a-trancher","7":"product_cat-varietes-anciennes","8":"product_shipping_class-graines","10":"first","11":"instock","12":"taxable","13":"shipping-taxable","14":"purchasable","15":"product-type-simple"},"_links":{"self":[{"href":"https:\/\/yonderhillfarm.ca\/fr\/wp-json\/wp\/v2\/product\/20460","targetHints":{"allow":["GET"]}}],"collection":[{"href":"https:\/\/yonderhillfarm.ca\/fr\/wp-json\/wp\/v2\/product"}],"about":[{"href":"https:\/\/yonderhillfarm.ca\/fr\/wp-json\/wp\/v2\/types\/product"}],"replies":[{"embeddable":true,"href":"https:\/\/yonderhillfarm.ca\/fr\/wp-json\/wp\/v2\/comments?post=20460"}],"wp:featuredmedia":[{"embeddable":true,"href":"https:\/\/yonderhillfarm.ca\/fr\/wp-json\/wp\/v2\/media\/505"}],"wp:attachment":[{"href":"https:\/\/yonderhillfarm.ca\/fr\/wp-json\/wp\/v2\/media?parent=20460"}],"wp:term":[{"taxonomy":"product_brand","embeddable":true,"href":"https:\/\/yonderhillfarm.ca\/fr\/wp-json\/wp\/v2\/product_brand?post=20460"},{"taxonomy":"product_cat","embeddable":true,"href":"https:\/\/yonderhillfarm.ca\/fr\/wp-json\/wp\/v2\/product_cat?post=20460"},{"taxonomy":"product_tag","embeddable":true,"href":"https:\/\/yonderhillfarm.ca\/fr\/wp-json\/wp\/v2\/product_tag?post=20460"}],"curies":[{"name":"wp","href":"https:\/\/api.w.org\/{rel}","templated":true}]}}