{"id":20459,"date":"2025-05-05T18:39:36","date_gmt":"2025-05-05T18:39:36","guid":{"rendered":"https:\/\/yonderhillfarm.ca\/shop\/non class\u00e9\/tomate-roma-heinz-2653\/"},"modified":"2025-05-05T18:39:36","modified_gmt":"2025-05-05T21:39:36","slug":"tomate-roma-heinz-2653","status":"publish","type":"product","link":"https:\/\/yonderhillfarm.ca\/fr\/shop\/graines-legumes-cereales\/tomates\/tomates-roma-et-a-farcir\/tomate-roma-heinz-2653\/","title":{"rendered":"Tomate Roma Heinz 2653"},"content":{"rendered":"<p>Une ancienne vari\u00e9t\u00e9 \u00e0 pollinisation libre. \u00c0 un moment donn\u00e9, c&rsquo;\u00e9tait la vari\u00e9t\u00e9 commerciale standard pour la fabrication d&rsquo;une certaine marque de ketchup. Maintenant assez rare. Nous avons essay\u00e9 cette vari\u00e9t\u00e9 Heinz OP car c&rsquo;est une tomate Roma d\u00e9termin\u00e9e et \u00e0 maturation tr\u00e8s pr\u00e9coce &#8211; et elle s&rsquo;est d\u00e9marqu\u00e9e dans le jardin ! Un excellent choix pour les jardiniers avec des saisons plus courtes ou plus fra\u00eeches qui ont du mal \u00e0 obtenir de gros rendements d&rsquo;autres tomates Roma pour la mise en conserve. \u00c9galement un bon choix pour les zones sensibles au mildiou tardif car elle produit des fruits et m\u00fbrit si rapidement. Les fruits sont plus petits que les autres tomates Roma, avec une forme distinctive de type Roma et tr\u00e8s peu de jus. Sa fiabilit\u00e9 \u00e0 produire abondamment pendant toute saison de croissance donn\u00e9e en fait une culture tr\u00e8s int\u00e9ressante dans notre climat maritime. Nous avons m\u00eame obtenu des r\u00e9coltes d\u00e9centes \u00e0 partir de semis spontan\u00e9s dans notre jardin. D\u00e9termin\u00e9e.         <\/p>\n<p><strong><em>Environ 20 graines par sachet standard. <\/em><\/strong><\/p>\n<p><em><strong>Environ 200 graines par grand sachet. <\/strong><\/em><\/p>\n","protected":false},"excerpt":{"rendered":"<p>Une ancienne vari\u00e9t\u00e9 \u00e0 pollinisation libre. \u00c0 un moment donn\u00e9, c&rsquo;\u00e9tait la vari\u00e9t\u00e9 commerciale standard pour la fabrication d&rsquo;une certaine marque de ketchup. Maintenant assez rare. Nous avons essay\u00e9 cette vari\u00e9t\u00e9 Heinz OP car c&rsquo;est une tomate Roma d\u00e9termin\u00e9e et \u00e0 maturation tr\u00e8s pr\u00e9coce &#8211; et elle s&rsquo;est d\u00e9marqu\u00e9e dans le jardin ! Un excellent [&hellip;]<\/p>\n","protected":false},"featured_media":530,"comment_status":"closed","ping_status":"closed","template":"","meta":[],"product_brand":[],"product_cat":[209,137],"product_tag":[],"class_list":{"0":"post-20459","1":"product","2":"type-product","3":"status-publish","4":"has-post-thumbnail","6":"product_cat-tomates-roma-et-a-farcir","7":"product_cat-graines-en-vrac","8":"product_shipping_class-graines","10":"first","11":"instock","12":"taxable","13":"shipping-taxable","14":"purchasable","15":"product-type-variable"},"_links":{"self":[{"href":"https:\/\/yonderhillfarm.ca\/fr\/wp-json\/wp\/v2\/product\/20459","targetHints":{"allow":["GET"]}}],"collection":[{"href":"https:\/\/yonderhillfarm.ca\/fr\/wp-json\/wp\/v2\/product"}],"about":[{"href":"https:\/\/yonderhillfarm.ca\/fr\/wp-json\/wp\/v2\/types\/product"}],"replies":[{"embeddable":true,"href":"https:\/\/yonderhillfarm.ca\/fr\/wp-json\/wp\/v2\/comments?post=20459"}],"wp:featuredmedia":[{"embeddable":true,"href":"https:\/\/yonderhillfarm.ca\/fr\/wp-json\/wp\/v2\/media\/530"}],"wp:attachment":[{"href":"https:\/\/yonderhillfarm.ca\/fr\/wp-json\/wp\/v2\/media?parent=20459"}],"wp:term":[{"taxonomy":"product_brand","embeddable":true,"href":"https:\/\/yonderhillfarm.ca\/fr\/wp-json\/wp\/v2\/product_brand?post=20459"},{"taxonomy":"product_cat","embeddable":true,"href":"https:\/\/yonderhillfarm.ca\/fr\/wp-json\/wp\/v2\/product_cat?post=20459"},{"taxonomy":"product_tag","embeddable":true,"href":"https:\/\/yonderhillfarm.ca\/fr\/wp-json\/wp\/v2\/product_tag?post=20459"}],"curies":[{"name":"wp","href":"https:\/\/api.w.org\/{rel}","templated":true}]}}