{"id":20454,"date":"2025-05-05T18:39:58","date_gmt":"2025-05-05T18:39:58","guid":{"rendered":"https:\/\/yonderhillfarm.ca\/shop\/non class\u00e9\/tomate-jaune-a-farcir\/"},"modified":"2025-05-05T18:39:58","modified_gmt":"2025-05-05T21:39:58","slug":"tomate-jaune-a-farcir","status":"publish","type":"product","link":"https:\/\/yonderhillfarm.ca\/fr\/shop\/graines-legumes-cereales\/tomates\/tomates-roma-et-a-farcir\/tomate-jaune-a-farcir\/","title":{"rendered":"Tomate jaune \u00e0 farcir"},"content":{"rendered":"<p>Curieux de cultiver davantage de tomates \u00e0 farcir, nous avons essay\u00e9 la tomate jaune \u00e0 farcir en 2014 et elle s&rsquo;est av\u00e9r\u00e9e \u00eatre un clou du spectacle dans notre jardin de tomates ! Tous nos visiteurs ont remarqu\u00e9 ses c\u00f4tes saillantes et sa couleur jaune vif, et ont \u00e9t\u00e9 \u00e9tonn\u00e9s de la couper et de voir une tomate presque sans jus (les graines s&rsquo;accrochent au centre comme un poivron). Plus grosse, chair plus \u00e9paisse et plus ferme que Striped Cavern. Ind\u00e9termin\u00e9e.   <\/p>\n<p><strong><em>Environ 20 graines par sachet. <\/em><\/strong><\/p>\n","protected":false},"excerpt":{"rendered":"<p>Curieux de cultiver davantage de tomates \u00e0 farcir, nous avons essay\u00e9 la tomate jaune \u00e0 farcir en 2014 et elle s&rsquo;est av\u00e9r\u00e9e \u00eatre un clou du spectacle dans notre jardin de tomates ! Tous nos visiteurs ont remarqu\u00e9 ses c\u00f4tes saillantes et sa couleur jaune vif, et ont \u00e9t\u00e9 \u00e9tonn\u00e9s de la couper et de [&hellip;]<\/p>\n","protected":false},"featured_media":538,"comment_status":"closed","ping_status":"closed","template":"","meta":[],"product_brand":[],"product_cat":[209,176],"product_tag":[],"class_list":{"0":"post-20454","1":"product","2":"type-product","3":"status-publish","4":"has-post-thumbnail","6":"product_cat-tomates-roma-et-a-farcir","7":"product_cat-varietes-anciennes","8":"product_shipping_class-graines","10":"first","11":"instock","12":"taxable","13":"shipping-taxable","14":"purchasable","15":"product-type-simple"},"_links":{"self":[{"href":"https:\/\/yonderhillfarm.ca\/fr\/wp-json\/wp\/v2\/product\/20454","targetHints":{"allow":["GET"]}}],"collection":[{"href":"https:\/\/yonderhillfarm.ca\/fr\/wp-json\/wp\/v2\/product"}],"about":[{"href":"https:\/\/yonderhillfarm.ca\/fr\/wp-json\/wp\/v2\/types\/product"}],"replies":[{"embeddable":true,"href":"https:\/\/yonderhillfarm.ca\/fr\/wp-json\/wp\/v2\/comments?post=20454"}],"wp:featuredmedia":[{"embeddable":true,"href":"https:\/\/yonderhillfarm.ca\/fr\/wp-json\/wp\/v2\/media\/538"}],"wp:attachment":[{"href":"https:\/\/yonderhillfarm.ca\/fr\/wp-json\/wp\/v2\/media?parent=20454"}],"wp:term":[{"taxonomy":"product_brand","embeddable":true,"href":"https:\/\/yonderhillfarm.ca\/fr\/wp-json\/wp\/v2\/product_brand?post=20454"},{"taxonomy":"product_cat","embeddable":true,"href":"https:\/\/yonderhillfarm.ca\/fr\/wp-json\/wp\/v2\/product_cat?post=20454"},{"taxonomy":"product_tag","embeddable":true,"href":"https:\/\/yonderhillfarm.ca\/fr\/wp-json\/wp\/v2\/product_tag?post=20454"}],"curies":[{"name":"wp","href":"https:\/\/api.w.org\/{rel}","templated":true}]}}