{"id":20453,"date":"2025-05-05T18:39:37","date_gmt":"2025-05-05T18:39:37","guid":{"rendered":"https:\/\/yonderhillfarm.ca\/shop\/non class\u00e9\/tomate-roma-pour-sauce\/"},"modified":"2025-05-05T18:39:37","modified_gmt":"2025-05-05T21:39:37","slug":"tomate-roma-pour-sauce","status":"publish","type":"product","link":"https:\/\/yonderhillfarm.ca\/fr\/shop\/graines-legumes-cereales\/tomates\/tomates-roma-et-a-farcir\/tomate-roma-pour-sauce\/","title":{"rendered":"Tomate Roma pour sauce"},"content":{"rendered":"<p>Une tomate pour sauce classique, des plants productifs avec des tomates charnues parfaites pour le s\u00e9chage et la sauce. D\u00e9termin\u00e9e. <\/p>\n<p><strong><em>Environ 20 graines par sachet standard. <\/em><\/strong><\/p>\n<p><em><strong>Environ 200 graines par grand sachet. <\/strong><\/em><\/p>\n<p><strong> <\/strong><\/p>\n","protected":false},"excerpt":{"rendered":"<p>Une tomate pour sauce classique, des plants productifs avec des tomates charnues parfaites pour le s\u00e9chage et la sauce. D\u00e9termin\u00e9e. Environ 20 graines par sachet standard. Environ 200 graines par grand sachet.<\/p>\n","protected":false},"featured_media":531,"comment_status":"closed","ping_status":"closed","template":"","meta":[],"product_brand":[],"product_cat":[209,137],"product_tag":[],"class_list":{"0":"post-20453","1":"product","2":"type-product","3":"status-publish","4":"has-post-thumbnail","6":"product_cat-tomates-roma-et-a-farcir","7":"product_cat-graines-en-vrac","8":"product_shipping_class-graines","10":"first","11":"instock","12":"taxable","13":"shipping-taxable","14":"purchasable","15":"product-type-variable"},"_links":{"self":[{"href":"https:\/\/yonderhillfarm.ca\/fr\/wp-json\/wp\/v2\/product\/20453","targetHints":{"allow":["GET"]}}],"collection":[{"href":"https:\/\/yonderhillfarm.ca\/fr\/wp-json\/wp\/v2\/product"}],"about":[{"href":"https:\/\/yonderhillfarm.ca\/fr\/wp-json\/wp\/v2\/types\/product"}],"replies":[{"embeddable":true,"href":"https:\/\/yonderhillfarm.ca\/fr\/wp-json\/wp\/v2\/comments?post=20453"}],"wp:featuredmedia":[{"embeddable":true,"href":"https:\/\/yonderhillfarm.ca\/fr\/wp-json\/wp\/v2\/media\/531"}],"wp:attachment":[{"href":"https:\/\/yonderhillfarm.ca\/fr\/wp-json\/wp\/v2\/media?parent=20453"}],"wp:term":[{"taxonomy":"product_brand","embeddable":true,"href":"https:\/\/yonderhillfarm.ca\/fr\/wp-json\/wp\/v2\/product_brand?post=20453"},{"taxonomy":"product_cat","embeddable":true,"href":"https:\/\/yonderhillfarm.ca\/fr\/wp-json\/wp\/v2\/product_cat?post=20453"},{"taxonomy":"product_tag","embeddable":true,"href":"https:\/\/yonderhillfarm.ca\/fr\/wp-json\/wp\/v2\/product_tag?post=20453"}],"curies":[{"name":"wp","href":"https:\/\/api.w.org\/{rel}","templated":true}]}}