{"id":20447,"date":"2025-05-05T18:39:57","date_gmt":"2025-05-05T18:39:57","guid":{"rendered":"https:\/\/yonderhillfarm.ca\/shop\/non class\u00e9\/tomate-italienne-san-marzano\/"},"modified":"2025-05-05T18:39:57","modified_gmt":"2025-05-05T21:39:57","slug":"tomate-italienne-san-marzano","status":"publish","type":"product","link":"https:\/\/yonderhillfarm.ca\/fr\/shop\/graines-legumes-cereales\/tomates\/tomates-roma-et-a-farcir\/tomate-italienne-san-marzano\/","title":{"rendered":"Tomate italienne San Marzano"},"content":{"rendered":"<p>Il s&rsquo;agit d&rsquo;une vari\u00e9t\u00e9 am\u00e9lior\u00e9e de la tomate italienne traditionnelle au go\u00fbt succulent. Plus longue et plus fine que la Roma, avec une extr\u00e9mit\u00e9 pointue, peu de jus et tr\u00e8s peu de graines. Ind\u00e9termin\u00e9e et \u00e0 maturation tardive, mais l&rsquo;attente en vaut la peine ! La c\u00e9l\u00e8bre tomate \u00e0 sauce italienne. Elle remonte au moins aux ann\u00e9es 1770, lorsque cette vari\u00e9t\u00e9 \u00e9tait cultiv\u00e9e dans le village de San Marzano, pr\u00e8s du V\u00e9suve. Ind\u00e9termin\u00e9e.     <\/p>\n<p><strong><em>Environ 20 graines par sachet standard. <\/em><\/strong><\/p>\n<p><em><strong>Environ 200 graines par grand sachet. <\/strong><\/em><\/p>\n","protected":false},"excerpt":{"rendered":"<p>Il s&rsquo;agit d&rsquo;une vari\u00e9t\u00e9 am\u00e9lior\u00e9e de la tomate italienne traditionnelle au go\u00fbt succulent. Plus longue et plus fine que la Roma, avec une extr\u00e9mit\u00e9 pointue, peu de jus et tr\u00e8s peu de graines. Ind\u00e9termin\u00e9e et \u00e0 maturation tardive, mais l&rsquo;attente en vaut la peine ! La c\u00e9l\u00e8bre tomate \u00e0 sauce italienne. Elle remonte au moins [&hellip;]<\/p>\n","protected":false},"featured_media":532,"comment_status":"closed","ping_status":"closed","template":"","meta":[],"product_brand":[],"product_cat":[209,137,176],"product_tag":[],"class_list":{"0":"post-20447","1":"product","2":"type-product","3":"status-publish","4":"has-post-thumbnail","6":"product_cat-tomates-roma-et-a-farcir","7":"product_cat-graines-en-vrac","8":"product_cat-varietes-anciennes","9":"product_shipping_class-graines","11":"first","12":"instock","13":"taxable","14":"shipping-taxable","15":"purchasable","16":"product-type-variable"},"_links":{"self":[{"href":"https:\/\/yonderhillfarm.ca\/fr\/wp-json\/wp\/v2\/product\/20447","targetHints":{"allow":["GET"]}}],"collection":[{"href":"https:\/\/yonderhillfarm.ca\/fr\/wp-json\/wp\/v2\/product"}],"about":[{"href":"https:\/\/yonderhillfarm.ca\/fr\/wp-json\/wp\/v2\/types\/product"}],"replies":[{"embeddable":true,"href":"https:\/\/yonderhillfarm.ca\/fr\/wp-json\/wp\/v2\/comments?post=20447"}],"wp:featuredmedia":[{"embeddable":true,"href":"https:\/\/yonderhillfarm.ca\/fr\/wp-json\/wp\/v2\/media\/532"}],"wp:attachment":[{"href":"https:\/\/yonderhillfarm.ca\/fr\/wp-json\/wp\/v2\/media?parent=20447"}],"wp:term":[{"taxonomy":"product_brand","embeddable":true,"href":"https:\/\/yonderhillfarm.ca\/fr\/wp-json\/wp\/v2\/product_brand?post=20447"},{"taxonomy":"product_cat","embeddable":true,"href":"https:\/\/yonderhillfarm.ca\/fr\/wp-json\/wp\/v2\/product_cat?post=20447"},{"taxonomy":"product_tag","embeddable":true,"href":"https:\/\/yonderhillfarm.ca\/fr\/wp-json\/wp\/v2\/product_tag?post=20447"}],"curies":[{"name":"wp","href":"https:\/\/api.w.org\/{rel}","templated":true}]}}