{"id":20442,"date":"2025-05-05T18:39:58","date_gmt":"2025-05-05T18:39:58","guid":{"rendered":"https:\/\/yonderhillfarm.ca\/shop\/non%20class\u00e9\/toma-verde-tomatillo\/"},"modified":"2026-01-02T22:18:16","modified_gmt":"2026-01-03T02:18:16","slug":"toma-verde-tomatillo","status":"publish","type":"product","link":"https:\/\/yonderhillfarm.ca\/fr\/shop\/graines-legumes-cereales\/tomatilles-et-cerises-en-cosse\/toma-verde-tomatillo\/","title":{"rendered":"Toma Verde Tomatillo"},"content":{"rendered":"<p>(<em>Physalis ixocarpa<\/em>) AKA tomate mexicain \u00e0 enveloppe. La toma verde tomatillo est facile \u00e0 cultiver et \u00e0 utiliser en cuisine. Traditionnellement utilis\u00e9e pour la fabrication de la salsa verde. Nous adorons les enchiladas cuites au four et arros\u00e9es de salsa verde en hiver ! En 2020, nous avons r\u00e9alis\u00e9 une incroyable lacto-fermentation avec des tomatillos, des <a href=\"https:\/\/yonderhillfarm.ca\/product\/aji-crystal-hot-pepper\/\">piments Aji Crystal forts<\/a> verts et de la <a href=\"https:\/\/yonderhillfarm.ca\/product\/cilantro\/\">coriandre<\/a>. Les plantes atteignent 1,2 m de haut, produisent en abondance et les fruits sont pr\u00eats \u00e0 \u00eatre cueillis lorsqu&rsquo;ils remplissent leurs enveloppes.     <\/p>\n<p><strong><em>Environ 40 graines par sachet. <\/em><\/strong><\/p>\n","protected":false},"excerpt":{"rendered":"<p>(Physalis ixocarpa) AKA tomate mexicain \u00e0 enveloppe. La toma verde tomatillo est facile \u00e0 cultiver et \u00e0 utiliser en cuisine. Traditionnellement utilis\u00e9e pour la fabrication de la salsa verde. Nous adorons les enchiladas cuites au four et arros\u00e9es de salsa verde en hiver ! En 2020, nous avons r\u00e9alis\u00e9 une incroyable lacto-fermentation avec des tomatillos, [&hellip;]<\/p>\n","protected":false},"featured_media":20444,"comment_status":"closed","ping_status":"closed","template":"","meta":[],"product_brand":[],"product_cat":[183,176],"product_tag":[],"class_list":{"0":"post-20442","1":"product","2":"type-product","3":"status-publish","4":"has-post-thumbnail","6":"product_cat-tomatilles-et-cerises-en-cosse","7":"product_cat-varietes-anciennes","8":"product_shipping_class-graines","10":"first","11":"instock","12":"taxable","13":"shipping-taxable","14":"purchasable","15":"product-type-simple"},"_links":{"self":[{"href":"https:\/\/yonderhillfarm.ca\/fr\/wp-json\/wp\/v2\/product\/20442","targetHints":{"allow":["GET"]}}],"collection":[{"href":"https:\/\/yonderhillfarm.ca\/fr\/wp-json\/wp\/v2\/product"}],"about":[{"href":"https:\/\/yonderhillfarm.ca\/fr\/wp-json\/wp\/v2\/types\/product"}],"replies":[{"embeddable":true,"href":"https:\/\/yonderhillfarm.ca\/fr\/wp-json\/wp\/v2\/comments?post=20442"}],"wp:featuredmedia":[{"embeddable":true,"href":"https:\/\/yonderhillfarm.ca\/fr\/wp-json\/wp\/v2\/media\/20444"}],"wp:attachment":[{"href":"https:\/\/yonderhillfarm.ca\/fr\/wp-json\/wp\/v2\/media?parent=20442"}],"wp:term":[{"taxonomy":"product_brand","embeddable":true,"href":"https:\/\/yonderhillfarm.ca\/fr\/wp-json\/wp\/v2\/product_brand?post=20442"},{"taxonomy":"product_cat","embeddable":true,"href":"https:\/\/yonderhillfarm.ca\/fr\/wp-json\/wp\/v2\/product_cat?post=20442"},{"taxonomy":"product_tag","embeddable":true,"href":"https:\/\/yonderhillfarm.ca\/fr\/wp-json\/wp\/v2\/product_tag?post=20442"}],"curies":[{"name":"wp","href":"https:\/\/api.w.org\/{rel}","templated":true}]}}