{"id":20435,"date":"2025-05-05T18:39:58","date_gmt":"2025-05-05T18:39:58","guid":{"rendered":"https:\/\/yonderhillfarm.ca\/shop\/non%20class\u00e9\/physalis\/"},"modified":"2026-01-02T22:16:49","modified_gmt":"2026-01-03T02:16:49","slug":"physalis","status":"publish","type":"product","link":"https:\/\/yonderhillfarm.ca\/fr\/shop\/graines-legumes-cereales\/tomatilles-et-cerises-en-cosse\/physalis\/","title":{"rendered":"Physalis"},"content":{"rendered":"<p>(<em>Physalis pruninosa<\/em>) \u00c9galement appel\u00e9e groseille du Cap. La cerise de terre est un fruit annuel indig\u00e8ne d&rsquo;Am\u00e9rique, avec une d\u00e9licieuse saveur d&rsquo;ananas sucr\u00e9e ! De petits fruits sont enferm\u00e9s dans une enveloppe de papier, devenant dor\u00e9s et tombant des plantes tentaculaires de 60 \u00e0 90 cm de haut lorsqu&rsquo;ils sont m\u00fbrs. Les enfants adorent trouver et ouvrir ces fruits sucr\u00e9s du jardin.   <\/p>\n<p><strong><em>Environ 40 graines par sachet. <\/em><\/strong><\/p>\n","protected":false},"excerpt":{"rendered":"<p>(Physalis pruninosa) \u00c9galement appel\u00e9e groseille du Cap. La cerise de terre est un fruit annuel indig\u00e8ne d&rsquo;Am\u00e9rique, avec une d\u00e9licieuse saveur d&rsquo;ananas sucr\u00e9e ! De petits fruits sont enferm\u00e9s dans une enveloppe de papier, devenant dor\u00e9s et tombant des plantes tentaculaires de 60 \u00e0 90 cm de haut lorsqu&rsquo;ils sont m\u00fbrs. Les enfants adorent trouver [&hellip;]<\/p>\n","protected":false},"featured_media":15755,"comment_status":"closed","ping_status":"closed","template":"","meta":[],"product_brand":[],"product_cat":[183,176],"product_tag":[187],"class_list":{"0":"post-20435","1":"product","2":"type-product","3":"status-publish","4":"has-post-thumbnail","6":"product_cat-tomatilles-et-cerises-en-cosse","7":"product_cat-varietes-anciennes","8":"product_tag-les-favoris-de-la-ferme","9":"product_shipping_class-graines","11":"first","12":"instock","13":"taxable","14":"shipping-taxable","15":"purchasable","16":"product-type-simple"},"_links":{"self":[{"href":"https:\/\/yonderhillfarm.ca\/fr\/wp-json\/wp\/v2\/product\/20435","targetHints":{"allow":["GET"]}}],"collection":[{"href":"https:\/\/yonderhillfarm.ca\/fr\/wp-json\/wp\/v2\/product"}],"about":[{"href":"https:\/\/yonderhillfarm.ca\/fr\/wp-json\/wp\/v2\/types\/product"}],"replies":[{"embeddable":true,"href":"https:\/\/yonderhillfarm.ca\/fr\/wp-json\/wp\/v2\/comments?post=20435"}],"wp:featuredmedia":[{"embeddable":true,"href":"https:\/\/yonderhillfarm.ca\/fr\/wp-json\/wp\/v2\/media\/15755"}],"wp:attachment":[{"href":"https:\/\/yonderhillfarm.ca\/fr\/wp-json\/wp\/v2\/media?parent=20435"}],"wp:term":[{"taxonomy":"product_brand","embeddable":true,"href":"https:\/\/yonderhillfarm.ca\/fr\/wp-json\/wp\/v2\/product_brand?post=20435"},{"taxonomy":"product_cat","embeddable":true,"href":"https:\/\/yonderhillfarm.ca\/fr\/wp-json\/wp\/v2\/product_cat?post=20435"},{"taxonomy":"product_tag","embeddable":true,"href":"https:\/\/yonderhillfarm.ca\/fr\/wp-json\/wp\/v2\/product_tag?post=20435"}],"curies":[{"name":"wp","href":"https:\/\/api.w.org\/{rel}","templated":true}]}}