{"id":20430,"date":"2025-05-05T18:39:58","date_gmt":"2025-05-05T18:39:58","guid":{"rendered":"https:\/\/yonderhillfarm.ca\/shop\/non%20class\u00e9\/echalote-francaise\/"},"modified":"2026-01-02T20:37:26","modified_gmt":"2026-01-03T00:37:26","slug":"echalote-francaise","status":"publish","type":"product","link":"https:\/\/yonderhillfarm.ca\/fr\/shop\/graines-legumes-cereales\/plantes-racines\/oignons\/echalote-francaise\/","title":{"rendered":"\u00c9chalote fran\u00e7aise"},"content":{"rendered":"<p>L&rsquo;\u00e9chalote classique \u00e0 peau rouge. Les \u00e9chalotes fran\u00e7aises sont plus petites et plus savoureuses que les oignons, et sans doute plus faciles \u00e0 cultiver. Mettez de c\u00f4t\u00e9 quelques bulbes au moment de la r\u00e9colte et essayez de les planter en m\u00eame temps que l&rsquo;ail \u00e0 l&rsquo;automne. Elles passeront l&rsquo;hiver de mani\u00e8re fiable avec une longueur d&rsquo;avance au printemps, pour \u00eatre r\u00e9colt\u00e9es comme des oignons verts ou laiss\u00e9es \u00e0 produire 3 ou 4 nouveaux bulbes \u00e0 la fin de l&rsquo;\u00e9t\u00e9.   <\/p>\n<p><strong><em>Environ 50 graines par paquet standard. <\/em><\/strong><\/p>\n<p><em><strong>Environ 500 graines par grand sachet. <\/strong><\/em><\/p>\n","protected":false},"excerpt":{"rendered":"<p>L&rsquo;\u00e9chalote classique \u00e0 peau rouge. Les \u00e9chalotes fran\u00e7aises sont plus petites et plus savoureuses que les oignons, et sans doute plus faciles \u00e0 cultiver. Mettez de c\u00f4t\u00e9 quelques bulbes au moment de la r\u00e9colte et essayez de les planter en m\u00eame temps que l&rsquo;ail \u00e0 l&rsquo;automne. Elles passeront l&rsquo;hiver de mani\u00e8re fiable avec une longueur [&hellip;]<\/p>\n","protected":false},"featured_media":15752,"comment_status":"closed","ping_status":"closed","template":"","meta":[],"product_brand":[],"product_cat":[137,180,164,219,176],"product_tag":[],"class_list":{"0":"post-20430","1":"product","2":"type-product","3":"status-publish","4":"has-post-thumbnail","6":"product_cat-graines-en-vrac","7":"product_cat-legumes-vivaces","8":"product_cat-nouveautes-et-reassort","9":"product_cat-oignons","10":"product_cat-varietes-anciennes","11":"product_shipping_class-graines","13":"first","14":"instock","15":"taxable","16":"shipping-taxable","17":"purchasable","18":"product-type-variable"},"_links":{"self":[{"href":"https:\/\/yonderhillfarm.ca\/fr\/wp-json\/wp\/v2\/product\/20430","targetHints":{"allow":["GET"]}}],"collection":[{"href":"https:\/\/yonderhillfarm.ca\/fr\/wp-json\/wp\/v2\/product"}],"about":[{"href":"https:\/\/yonderhillfarm.ca\/fr\/wp-json\/wp\/v2\/types\/product"}],"replies":[{"embeddable":true,"href":"https:\/\/yonderhillfarm.ca\/fr\/wp-json\/wp\/v2\/comments?post=20430"}],"wp:featuredmedia":[{"embeddable":true,"href":"https:\/\/yonderhillfarm.ca\/fr\/wp-json\/wp\/v2\/media\/15752"}],"wp:attachment":[{"href":"https:\/\/yonderhillfarm.ca\/fr\/wp-json\/wp\/v2\/media?parent=20430"}],"wp:term":[{"taxonomy":"product_brand","embeddable":true,"href":"https:\/\/yonderhillfarm.ca\/fr\/wp-json\/wp\/v2\/product_brand?post=20430"},{"taxonomy":"product_cat","embeddable":true,"href":"https:\/\/yonderhillfarm.ca\/fr\/wp-json\/wp\/v2\/product_cat?post=20430"},{"taxonomy":"product_tag","embeddable":true,"href":"https:\/\/yonderhillfarm.ca\/fr\/wp-json\/wp\/v2\/product_tag?post=20430"}],"curies":[{"name":"wp","href":"https:\/\/api.w.org\/{rel}","templated":true}]}}