{"id":20426,"date":"2025-05-05T18:40:18","date_gmt":"2025-05-05T18:40:18","guid":{"rendered":"https:\/\/yonderhillfarm.ca\/shop\/non%20class\u00e9\/haricot-snap-royal-burgundy\/"},"modified":"2026-01-01T10:34:18","modified_gmt":"2026-01-01T14:34:18","slug":"haricot-snap-royal-burgundy","status":"publish","type":"product","link":"https:\/\/yonderhillfarm.ca\/fr\/shop\/graines-legumes-cereales\/haricots-et-soja\/haricots-verts\/haricot-snap-royal-burgundy\/","title":{"rendered":"Haricot snap Royal Burgundy"},"content":{"rendered":"<p>(Haricot nain) Un magnifique haricot aux gousses violet fonc\u00e9 pour une consommation fra\u00eeche. Devient vert \u00e0 la cuisson.  <\/p>\n<p><strong><em>Environ 25 graines par sachet. <\/em><\/strong><\/p>\n","protected":false},"excerpt":{"rendered":"<p>(Haricot nain) Un magnifique haricot aux gousses violet fonc\u00e9 pour une consommation fra\u00eeche. Devient vert \u00e0 la cuisson. Environ 25 graines par sachet.<\/p>\n","protected":false},"featured_media":20427,"comment_status":"closed","ping_status":"closed","template":"","meta":[],"product_brand":[],"product_cat":[169,164,176],"product_tag":[215,217,216,218],"class_list":{"0":"post-20426","1":"product","2":"type-product","3":"status-publish","4":"has-post-thumbnail","6":"product_cat-haricots-verts","7":"product_cat-nouveautes-et-reassort","8":"product_cat-varietes-anciennes","9":"product_tag-haricot","10":"product_tag-haricot-vert","11":"product_tag-haricots","12":"product_tag-haricots-verts","13":"product_shipping_class-graines","15":"first","16":"instock","17":"taxable","18":"shipping-taxable","19":"purchasable","20":"product-type-simple"},"_links":{"self":[{"href":"https:\/\/yonderhillfarm.ca\/fr\/wp-json\/wp\/v2\/product\/20426","targetHints":{"allow":["GET"]}}],"collection":[{"href":"https:\/\/yonderhillfarm.ca\/fr\/wp-json\/wp\/v2\/product"}],"about":[{"href":"https:\/\/yonderhillfarm.ca\/fr\/wp-json\/wp\/v2\/types\/product"}],"replies":[{"embeddable":true,"href":"https:\/\/yonderhillfarm.ca\/fr\/wp-json\/wp\/v2\/comments?post=20426"}],"wp:featuredmedia":[{"embeddable":true,"href":"https:\/\/yonderhillfarm.ca\/fr\/wp-json\/wp\/v2\/media\/20427"}],"wp:attachment":[{"href":"https:\/\/yonderhillfarm.ca\/fr\/wp-json\/wp\/v2\/media?parent=20426"}],"wp:term":[{"taxonomy":"product_brand","embeddable":true,"href":"https:\/\/yonderhillfarm.ca\/fr\/wp-json\/wp\/v2\/product_brand?post=20426"},{"taxonomy":"product_cat","embeddable":true,"href":"https:\/\/yonderhillfarm.ca\/fr\/wp-json\/wp\/v2\/product_cat?post=20426"},{"taxonomy":"product_tag","embeddable":true,"href":"https:\/\/yonderhillfarm.ca\/fr\/wp-json\/wp\/v2\/product_tag?post=20426"}],"curies":[{"name":"wp","href":"https:\/\/api.w.org\/{rel}","templated":true}]}}