{"id":20415,"date":"2025-05-05T18:40:18","date_gmt":"2025-05-05T18:40:18","guid":{"rendered":"https:\/\/yonderhillfarm.ca\/shop\/non%20class\u00e9\/amarante-opopeo\/"},"modified":"2026-01-02T13:37:44","modified_gmt":"2026-01-02T17:37:44","slug":"amarante-opopeo","status":"publish","type":"product","link":"https:\/\/yonderhillfarm.ca\/fr\/shop\/graines-legumes-cereales\/cereales\/amarante-opopeo\/","title":{"rendered":"Amarante Opopeo"},"content":{"rendered":"<p><em>(Amaranthus cruentus)<\/em> L&rsquo;amarante Opopeo poss\u00e8de de magnifiques t\u00eates de fleurs rouges charg\u00e9es de graines blanches. Excellente vari\u00e9t\u00e9 pour la production de grains, mais aussi visuellement \u00e9tonnante pour un usage d\u00e9coratif. Comme toutes les vari\u00e9t\u00e9s d&rsquo;amarante, les jeunes feuilles peuvent \u00eatre consomm\u00e9es comme substitut aux \u00e9pinards. 1,20 m \u00e0 1,50 m de haut &#8211; L&rsquo;Opopeo a besoin d&rsquo;une longue saison pour que les graines m\u00fbrissent compl\u00e8tement, alors commencez \u00e0 l&rsquo;int\u00e9rieur en avril pour transplanter \u00e0 l&rsquo;ext\u00e9rieur si vous cultivez pour le grain. Vari\u00e9t\u00e9 ancienne du Mexique.    <\/p>\n<p><strong><em>Environ 100 graines par sachet standard.<\/em><\/strong><\/p>\n<p><em><strong>Environ 1000 graines par grand sachet.<\/strong><\/em><\/p>\n","protected":false},"excerpt":{"rendered":"<p>(Amaranthus cruentus) L&rsquo;amarante Opopeo poss\u00e8de de magnifiques t\u00eates de fleurs rouges charg\u00e9es de graines blanches. Excellente vari\u00e9t\u00e9 pour la production de grains, mais aussi visuellement \u00e9tonnante pour un usage d\u00e9coratif. Comme toutes les vari\u00e9t\u00e9s d&rsquo;amarante, les jeunes feuilles peuvent \u00eatre consomm\u00e9es comme substitut aux \u00e9pinards. 1,20 m \u00e0 1,50 m de haut &#8211; L&rsquo;Opopeo a [&hellip;]<\/p>\n","protected":false},"featured_media":20420,"comment_status":"closed","ping_status":"closed","template":"","meta":[],"product_brand":[],"product_cat":[174,143,137,176],"product_tag":[],"class_list":{"0":"post-20415","1":"product","2":"type-product","3":"status-publish","4":"has-post-thumbnail","6":"product_cat-cereales","7":"product_cat-fleurs-annuelles","8":"product_cat-graines-en-vrac","9":"product_cat-varietes-anciennes","10":"product_shipping_class-graines","12":"first","13":"instock","14":"taxable","15":"shipping-taxable","16":"purchasable","17":"product-type-variable"},"_links":{"self":[{"href":"https:\/\/yonderhillfarm.ca\/fr\/wp-json\/wp\/v2\/product\/20415","targetHints":{"allow":["GET"]}}],"collection":[{"href":"https:\/\/yonderhillfarm.ca\/fr\/wp-json\/wp\/v2\/product"}],"about":[{"href":"https:\/\/yonderhillfarm.ca\/fr\/wp-json\/wp\/v2\/types\/product"}],"replies":[{"embeddable":true,"href":"https:\/\/yonderhillfarm.ca\/fr\/wp-json\/wp\/v2\/comments?post=20415"}],"wp:featuredmedia":[{"embeddable":true,"href":"https:\/\/yonderhillfarm.ca\/fr\/wp-json\/wp\/v2\/media\/20420"}],"wp:attachment":[{"href":"https:\/\/yonderhillfarm.ca\/fr\/wp-json\/wp\/v2\/media?parent=20415"}],"wp:term":[{"taxonomy":"product_brand","embeddable":true,"href":"https:\/\/yonderhillfarm.ca\/fr\/wp-json\/wp\/v2\/product_brand?post=20415"},{"taxonomy":"product_cat","embeddable":true,"href":"https:\/\/yonderhillfarm.ca\/fr\/wp-json\/wp\/v2\/product_cat?post=20415"},{"taxonomy":"product_tag","embeddable":true,"href":"https:\/\/yonderhillfarm.ca\/fr\/wp-json\/wp\/v2\/product_tag?post=20415"}],"curies":[{"name":"wp","href":"https:\/\/api.w.org\/{rel}","templated":true}]}}