{"id":20411,"date":"2025-05-05T18:40:19","date_gmt":"2025-05-05T18:40:19","guid":{"rendered":"https:\/\/yonderhillfarm.ca\/shop\/non class\u00e9\/mais-dente-vert-doaxaca\/"},"modified":"2025-05-05T18:40:19","modified_gmt":"2025-05-05T21:40:19","slug":"mais-dente-vert-doaxaca","status":"publish","type":"product","link":"https:\/\/yonderhillfarm.ca\/fr\/shop\/graines-legumes-cereales\/cereales\/mais-dente-vert-doaxaca\/","title":{"rendered":"Ma\u00efs dent\u00e9 vert d&rsquo;Oaxaca"},"content":{"rendered":"<p>Ce magnifique ma\u00efs de champ se comporte remarquablement bien sous notre climat maritime, remettant en question ses origines mexicaines r\u00e9put\u00e9es. Certaines sources affirment que cette vari\u00e9t\u00e9 est en fait originaire du Midwest am\u00e9ricain, le nom de la vari\u00e9t\u00e9 n&rsquo;\u00e9tant qu&rsquo;une strat\u00e9gie de marketing. Quoi qu&rsquo;il en soit, c&rsquo;est un ma\u00efs excellent et magnifique pour les cultivateurs du nord. Nos plantations de fin mai sont pr\u00eates \u00e0 \u00eatre r\u00e9colt\u00e9es et s\u00e9ch\u00e9es \u00e0 l&rsquo;int\u00e9rieur en octobre ! Plantes hautes et robustes &#8211; notre peuplement de ma\u00efs de 2019 a surv\u00e9cu aux ravages de l&rsquo;ouragan Dorian, tandis que la culture de 2022 a r\u00e9sist\u00e9 \u00e0 l&rsquo;ouragan Fiona. 2 \u00e9pis par plante. Le ma\u00efs dent\u00e9 est traditionnellement utilis\u00e9 pour faire des tortillas et de la semoule de ma\u00efs, mais pourrait \u00e9galement \u00eatre utilis\u00e9 pour l&rsquo;alimentation animale \u00e0 la ferme.      <\/p>\n<p><strong><em>Environ 40 graines par sachet standard. <\/em><\/strong><\/p>\n<p><em><strong>Environ 400 graines par grand sachet. <\/strong><\/em><\/p>\n","protected":false},"excerpt":{"rendered":"<p>Ce magnifique ma\u00efs de champ se comporte remarquablement bien sous notre climat maritime, remettant en question ses origines mexicaines r\u00e9put\u00e9es. Certaines sources affirment que cette vari\u00e9t\u00e9 est en fait originaire du Midwest am\u00e9ricain, le nom de la vari\u00e9t\u00e9 n&rsquo;\u00e9tant qu&rsquo;une strat\u00e9gie de marketing. Quoi qu&rsquo;il en soit, c&rsquo;est un ma\u00efs excellent et magnifique pour les [&hellip;]<\/p>\n","protected":false},"featured_media":20412,"comment_status":"closed","ping_status":"closed","template":"","meta":[],"product_brand":[],"product_cat":[174,137,172],"product_tag":[187],"class_list":{"0":"post-20411","1":"product","2":"type-product","3":"status-publish","4":"has-post-thumbnail","6":"product_cat-cereales","7":"product_cat-graines-en-vrac","8":"product_cat-mais","9":"product_tag-les-favoris-de-la-ferme","10":"product_shipping_class-graines","12":"first","13":"instock","14":"featured","15":"taxable","16":"shipping-taxable","17":"purchasable","18":"product-type-variable"},"_links":{"self":[{"href":"https:\/\/yonderhillfarm.ca\/fr\/wp-json\/wp\/v2\/product\/20411","targetHints":{"allow":["GET"]}}],"collection":[{"href":"https:\/\/yonderhillfarm.ca\/fr\/wp-json\/wp\/v2\/product"}],"about":[{"href":"https:\/\/yonderhillfarm.ca\/fr\/wp-json\/wp\/v2\/types\/product"}],"replies":[{"embeddable":true,"href":"https:\/\/yonderhillfarm.ca\/fr\/wp-json\/wp\/v2\/comments?post=20411"}],"wp:featuredmedia":[{"embeddable":true,"href":"https:\/\/yonderhillfarm.ca\/fr\/wp-json\/wp\/v2\/media\/20412"}],"wp:attachment":[{"href":"https:\/\/yonderhillfarm.ca\/fr\/wp-json\/wp\/v2\/media?parent=20411"}],"wp:term":[{"taxonomy":"product_brand","embeddable":true,"href":"https:\/\/yonderhillfarm.ca\/fr\/wp-json\/wp\/v2\/product_brand?post=20411"},{"taxonomy":"product_cat","embeddable":true,"href":"https:\/\/yonderhillfarm.ca\/fr\/wp-json\/wp\/v2\/product_cat?post=20411"},{"taxonomy":"product_tag","embeddable":true,"href":"https:\/\/yonderhillfarm.ca\/fr\/wp-json\/wp\/v2\/product_tag?post=20411"}],"curies":[{"name":"wp","href":"https:\/\/api.w.org\/{rel}","templated":true}]}}