{"id":20404,"date":"2025-05-05T18:40:18","date_gmt":"2025-05-05T18:40:18","guid":{"rendered":"https:\/\/yonderhillfarm.ca\/shop\/non%20class\u00e9\/sarrasin-de-tartarie\/"},"modified":"2026-01-02T13:16:35","modified_gmt":"2026-01-02T17:16:35","slug":"sarrasin-de-tartarie","status":"publish","type":"product","link":"https:\/\/yonderhillfarm.ca\/fr\/shop\/graines-legumes-cereales\/cereales\/sarrasin-de-tartarie\/","title":{"rendered":"Sarrasin de Tartarie"},"content":{"rendered":"<p><em>(Fagopyrum tataricum)<\/em> Proche du sarrasin commun, le sarrasin de Tartarie est une autre c\u00e9r\u00e9ale \u00e0 cycle tr\u00e8s court, plus r\u00e9sistante au gel que le sarrasin commun. Traditionnellement cultiv\u00e9 dans l&rsquo;Himalaya, il convient aussi bien \u00e0 un usage culinaire qu&rsquo;\u00e0 un usage de culture de couverture. Consid\u00e9r\u00e9 comme un \u00ab\u00a0super aliment\u00a0\u00bb en raison de sa forte teneur en compos\u00e9s anti-inflammatoires, il est \u00e9galement utilis\u00e9 traditionnellement comme th\u00e9 (\u00e0 partir de sommit\u00e9s fleuries infus\u00e9es).  <\/p>\n<p><strong><em>Environ 150 graines par sachet standard. <\/em><\/strong><\/p>\n<p><em><strong>Environ 1500 graines par grand sachet. <\/strong><\/em><\/p>\n","protected":false},"excerpt":{"rendered":"<p>(Fagopyrum tataricum) Proche du sarrasin commun, le sarrasin de Tartarie est une autre c\u00e9r\u00e9ale \u00e0 cycle tr\u00e8s court, plus r\u00e9sistante au gel que le sarrasin commun. Traditionnellement cultiv\u00e9 dans l&rsquo;Himalaya, il convient aussi bien \u00e0 un usage culinaire qu&rsquo;\u00e0 un usage de culture de couverture. Consid\u00e9r\u00e9 comme un \u00ab\u00a0super aliment\u00a0\u00bb en raison de sa forte [&hellip;]<\/p>\n","protected":false},"featured_media":20406,"comment_status":"closed","ping_status":"closed","template":"","meta":[],"product_brand":[],"product_cat":[174,137,176],"product_tag":[],"class_list":{"0":"post-20404","1":"product","2":"type-product","3":"status-publish","4":"has-post-thumbnail","6":"product_cat-cereales","7":"product_cat-graines-en-vrac","8":"product_cat-varietes-anciennes","9":"product_shipping_class-graines","11":"first","12":"instock","13":"taxable","14":"shipping-taxable","15":"purchasable","16":"product-type-variable"},"_links":{"self":[{"href":"https:\/\/yonderhillfarm.ca\/fr\/wp-json\/wp\/v2\/product\/20404","targetHints":{"allow":["GET"]}}],"collection":[{"href":"https:\/\/yonderhillfarm.ca\/fr\/wp-json\/wp\/v2\/product"}],"about":[{"href":"https:\/\/yonderhillfarm.ca\/fr\/wp-json\/wp\/v2\/types\/product"}],"replies":[{"embeddable":true,"href":"https:\/\/yonderhillfarm.ca\/fr\/wp-json\/wp\/v2\/comments?post=20404"}],"wp:featuredmedia":[{"embeddable":true,"href":"https:\/\/yonderhillfarm.ca\/fr\/wp-json\/wp\/v2\/media\/20406"}],"wp:attachment":[{"href":"https:\/\/yonderhillfarm.ca\/fr\/wp-json\/wp\/v2\/media?parent=20404"}],"wp:term":[{"taxonomy":"product_brand","embeddable":true,"href":"https:\/\/yonderhillfarm.ca\/fr\/wp-json\/wp\/v2\/product_brand?post=20404"},{"taxonomy":"product_cat","embeddable":true,"href":"https:\/\/yonderhillfarm.ca\/fr\/wp-json\/wp\/v2\/product_cat?post=20404"},{"taxonomy":"product_tag","embeddable":true,"href":"https:\/\/yonderhillfarm.ca\/fr\/wp-json\/wp\/v2\/product_tag?post=20404"}],"curies":[{"name":"wp","href":"https:\/\/api.w.org\/{rel}","templated":true}]}}