{"id":20403,"date":"2025-05-05T18:40:19","date_gmt":"2025-05-05T18:40:19","guid":{"rendered":"https:\/\/yonderhillfarm.ca\/shop\/non%20class\u00e9\/petunia-grimpant-a-lancienne\/"},"modified":"2026-01-03T13:08:45","modified_gmt":"2026-01-03T17:08:45","slug":"petunia-grimpant-a-lancienne","status":"publish","type":"product","link":"https:\/\/yonderhillfarm.ca\/fr\/shop\/graines-dherbes-et-de-fleurs\/fleurs-annuelles\/petunia-grimpant-a-lancienne\/","title":{"rendered":"P\u00e9tunia grimpant \u00e0 l&rsquo;ancienne"},"content":{"rendered":"<p><em>(Petunia multiflora)<\/em> Vari\u00e9t\u00e9 de p\u00e9tunia historique remarquable, le p\u00e9tunia grimpant \u00e0 l&rsquo;ancienne a un parfum sucr\u00e9 qui attire les colibris vers ses fleurs pendantes. Les fleurs varient du violet au blanc en passant par le rose. Les vignes tra\u00eenantes sont parfaites pour les bordures, les jardini\u00e8res et les grandes suspensions.  <\/p>\n<p><strong><em>Environ 50 graines par sachet. <\/em><\/strong><\/p>\n","protected":false},"excerpt":{"rendered":"<p>(Petunia multiflora) Vari\u00e9t\u00e9 de p\u00e9tunia historique remarquable, le p\u00e9tunia grimpant \u00e0 l&rsquo;ancienne a un parfum sucr\u00e9 qui attire les colibris vers ses fleurs pendantes. Les fleurs varient du violet au blanc en passant par le rose. Les vignes tra\u00eenantes sont parfaites pour les bordures, les jardini\u00e8res et les grandes suspensions. Environ 50 graines par sachet.<\/p>\n","protected":false},"featured_media":20405,"comment_status":"closed","ping_status":"closed","template":"","meta":[],"product_brand":[],"product_cat":[143,176],"product_tag":[],"class_list":{"0":"post-20403","1":"product","2":"type-product","3":"status-publish","4":"has-post-thumbnail","6":"product_cat-fleurs-annuelles","7":"product_cat-varietes-anciennes","8":"product_shipping_class-graines","10":"first","11":"instock","12":"taxable","13":"shipping-taxable","14":"purchasable","15":"product-type-simple"},"_links":{"self":[{"href":"https:\/\/yonderhillfarm.ca\/fr\/wp-json\/wp\/v2\/product\/20403","targetHints":{"allow":["GET"]}}],"collection":[{"href":"https:\/\/yonderhillfarm.ca\/fr\/wp-json\/wp\/v2\/product"}],"about":[{"href":"https:\/\/yonderhillfarm.ca\/fr\/wp-json\/wp\/v2\/types\/product"}],"replies":[{"embeddable":true,"href":"https:\/\/yonderhillfarm.ca\/fr\/wp-json\/wp\/v2\/comments?post=20403"}],"wp:featuredmedia":[{"embeddable":true,"href":"https:\/\/yonderhillfarm.ca\/fr\/wp-json\/wp\/v2\/media\/20405"}],"wp:attachment":[{"href":"https:\/\/yonderhillfarm.ca\/fr\/wp-json\/wp\/v2\/media?parent=20403"}],"wp:term":[{"taxonomy":"product_brand","embeddable":true,"href":"https:\/\/yonderhillfarm.ca\/fr\/wp-json\/wp\/v2\/product_brand?post=20403"},{"taxonomy":"product_cat","embeddable":true,"href":"https:\/\/yonderhillfarm.ca\/fr\/wp-json\/wp\/v2\/product_cat?post=20403"},{"taxonomy":"product_tag","embeddable":true,"href":"https:\/\/yonderhillfarm.ca\/fr\/wp-json\/wp\/v2\/product_tag?post=20403"}],"curies":[{"name":"wp","href":"https:\/\/api.w.org\/{rel}","templated":true}]}}