{"id":20393,"date":"2025-05-05T18:40:19","date_gmt":"2025-05-05T18:40:19","guid":{"rendered":"https:\/\/yonderhillfarm.ca\/shop\/non%20class\u00e9\/oeillet-dinde-nain-francais-double\/"},"modified":"2026-01-03T13:12:46","modified_gmt":"2026-01-03T17:12:46","slug":"oeillet-dinde-nain-francais-double","status":"publish","type":"product","link":"https:\/\/yonderhillfarm.ca\/fr\/shop\/graines-dherbes-et-de-fleurs\/fleurs-annuelles\/oeillet-dinde-nain-francais-double\/","title":{"rendered":"Oeillet d&rsquo;Inde nain fran\u00e7ais double"},"content":{"rendered":"<p><em>(Tagetes patula)<\/em> L&rsquo;oeillet d&rsquo;Inde nain double fran\u00e7ais est \u00e9tonnant et fleurit longtemps. Cette vari\u00e9t\u00e9 d&rsquo;oeillet d&rsquo;Inde compacte est id\u00e9ale pour le potager, attirant les pollinisateurs et repoussant les insectes et les parasites du sol. Plantez-les ensemble pour une haie de bordure courte (30 \u00e0 60 cm de hauteur) ou individuellement pour des touches de couleurs vives dans tout votre jardin. Les couleurs des fleurs m\u00e9lang\u00e9es vont du rouge rouille vibrant au jaune orang\u00e9 vif.   <\/p>\n<p><strong><em>Environ 20 graines par sachet. <\/em><\/strong><\/p>\n","protected":false},"excerpt":{"rendered":"<p>(Tagetes patula) L&rsquo;oeillet d&rsquo;Inde nain double fran\u00e7ais est \u00e9tonnant et fleurit longtemps. Cette vari\u00e9t\u00e9 d&rsquo;oeillet d&rsquo;Inde compacte est id\u00e9ale pour le potager, attirant les pollinisateurs et repoussant les insectes et les parasites du sol. Plantez-les ensemble pour une haie de bordure courte (30 \u00e0 60 cm de hauteur) ou individuellement pour des touches de couleurs [&hellip;]<\/p>\n","protected":false},"featured_media":15758,"comment_status":"closed","ping_status":"closed","template":"","meta":[],"product_brand":[],"product_cat":[143,176],"product_tag":[],"class_list":{"0":"post-20393","1":"product","2":"type-product","3":"status-publish","4":"has-post-thumbnail","6":"product_cat-fleurs-annuelles","7":"product_cat-varietes-anciennes","8":"product_shipping_class-graines","10":"first","11":"instock","12":"taxable","13":"shipping-taxable","14":"purchasable","15":"product-type-simple"},"_links":{"self":[{"href":"https:\/\/yonderhillfarm.ca\/fr\/wp-json\/wp\/v2\/product\/20393","targetHints":{"allow":["GET"]}}],"collection":[{"href":"https:\/\/yonderhillfarm.ca\/fr\/wp-json\/wp\/v2\/product"}],"about":[{"href":"https:\/\/yonderhillfarm.ca\/fr\/wp-json\/wp\/v2\/types\/product"}],"replies":[{"embeddable":true,"href":"https:\/\/yonderhillfarm.ca\/fr\/wp-json\/wp\/v2\/comments?post=20393"}],"wp:featuredmedia":[{"embeddable":true,"href":"https:\/\/yonderhillfarm.ca\/fr\/wp-json\/wp\/v2\/media\/15758"}],"wp:attachment":[{"href":"https:\/\/yonderhillfarm.ca\/fr\/wp-json\/wp\/v2\/media?parent=20393"}],"wp:term":[{"taxonomy":"product_brand","embeddable":true,"href":"https:\/\/yonderhillfarm.ca\/fr\/wp-json\/wp\/v2\/product_brand?post=20393"},{"taxonomy":"product_cat","embeddable":true,"href":"https:\/\/yonderhillfarm.ca\/fr\/wp-json\/wp\/v2\/product_cat?post=20393"},{"taxonomy":"product_tag","embeddable":true,"href":"https:\/\/yonderhillfarm.ca\/fr\/wp-json\/wp\/v2\/product_tag?post=20393"}],"curies":[{"name":"wp","href":"https:\/\/api.w.org\/{rel}","templated":true}]}}