{"id":20392,"date":"2025-05-05T18:40:18","date_gmt":"2025-05-05T18:40:18","guid":{"rendered":"https:\/\/yonderhillfarm.ca\/shop\/non%20class\u00e9\/sarrasin-commun\/"},"modified":"2026-01-11T15:59:10","modified_gmt":"2026-01-11T19:59:10","slug":"sarrasin-commun","status":"publish","type":"product","link":"https:\/\/yonderhillfarm.ca\/fr\/shop\/graines-legumes-cereales\/cereales\/sarrasin-commun\/","title":{"rendered":"Sarrasin commun"},"content":{"rendered":"<p>Le sarrasin commun est une culture de couverture classique, et tr\u00e8s rapide \u00e0 arriver \u00e0 maturit\u00e9 en seulement 2 \u00e0 3 mois. Assez facile \u00e0 r\u00e9colter et \u00e0 battre \u00e0 la main \u00e0 petite \u00e9chelle &#8211; nous adorons les cr\u00eapes au sarrasin&nbsp;! \u00c9galement un excellent ajout \u00e0 l&rsquo;alimentation des animaux de la ferme.  <\/p>\n<p><strong><em>Environ 200 graines par paquet standard. <\/em><\/strong><\/p>\n<p><em><strong>Environ 2&nbsp;000 graines par grand paquet. <\/strong><\/em><\/p>\n","protected":false},"excerpt":{"rendered":"<p>Le sarrasin commun est une culture de couverture classique, et tr\u00e8s rapide \u00e0 arriver \u00e0 maturit\u00e9 en seulement 2 \u00e0 3 mois. Assez facile \u00e0 r\u00e9colter et \u00e0 battre \u00e0 la main \u00e0 petite \u00e9chelle &#8211; nous adorons les cr\u00eapes au sarrasin&nbsp;! \u00c9galement un excellent ajout \u00e0 l&rsquo;alimentation des animaux de la ferme. Environ 200 [&hellip;]<\/p>\n","protected":false},"featured_media":20394,"comment_status":"closed","ping_status":"closed","template":"","meta":[],"product_brand":[],"product_cat":[174,137,176],"product_tag":[],"class_list":{"0":"post-20392","1":"product","2":"type-product","3":"status-publish","4":"has-post-thumbnail","6":"product_cat-cereales","7":"product_cat-graines-en-vrac","8":"product_cat-varietes-anciennes","9":"product_shipping_class-graines","11":"first","12":"instock","13":"taxable","14":"shipping-taxable","15":"purchasable","16":"product-type-variable"},"_links":{"self":[{"href":"https:\/\/yonderhillfarm.ca\/fr\/wp-json\/wp\/v2\/product\/20392","targetHints":{"allow":["GET"]}}],"collection":[{"href":"https:\/\/yonderhillfarm.ca\/fr\/wp-json\/wp\/v2\/product"}],"about":[{"href":"https:\/\/yonderhillfarm.ca\/fr\/wp-json\/wp\/v2\/types\/product"}],"replies":[{"embeddable":true,"href":"https:\/\/yonderhillfarm.ca\/fr\/wp-json\/wp\/v2\/comments?post=20392"}],"wp:featuredmedia":[{"embeddable":true,"href":"https:\/\/yonderhillfarm.ca\/fr\/wp-json\/wp\/v2\/media\/20394"}],"wp:attachment":[{"href":"https:\/\/yonderhillfarm.ca\/fr\/wp-json\/wp\/v2\/media?parent=20392"}],"wp:term":[{"taxonomy":"product_brand","embeddable":true,"href":"https:\/\/yonderhillfarm.ca\/fr\/wp-json\/wp\/v2\/product_brand?post=20392"},{"taxonomy":"product_cat","embeddable":true,"href":"https:\/\/yonderhillfarm.ca\/fr\/wp-json\/wp\/v2\/product_cat?post=20392"},{"taxonomy":"product_tag","embeddable":true,"href":"https:\/\/yonderhillfarm.ca\/fr\/wp-json\/wp\/v2\/product_tag?post=20392"}],"curies":[{"name":"wp","href":"https:\/\/api.w.org\/{rel}","templated":true}]}}