{"id":20388,"date":"2025-05-05T18:40:19","date_gmt":"2025-05-05T18:40:19","guid":{"rendered":"https:\/\/yonderhillfarm.ca\/shop\/non class\u00e9\/cheque-cadeau-de-20\/"},"modified":"2025-05-05T18:40:19","modified_gmt":"2025-05-05T21:40:19","slug":"cheque-cadeau-de-20","status":"publish","type":"product","link":"https:\/\/yonderhillfarm.ca\/fr\/shop\/cadeaux\/cheques-cadeaux-et-cartes-cadeaux\/cheque-cadeau-de-20\/","title":{"rendered":"Ch\u00e8que-cadeau de 20 $"},"content":{"rendered":"<p>Offrez des semences aux jardiniers de votre entourage ! Nos ch\u00e8ques-cadeaux comprennent chacun un code de coupon \u00e0 usage unique, utilisable \u00e0 la caisse de notre site Web. Ils sont faciles \u00e0 imprimer ou vous pouvez les envoyer par courriel. Les ch\u00e8ques-cadeaux sont envoy\u00e9s par nous (par courriel, sauf indication contraire) dans un d\u00e9lai d&rsquo;une semaine apr\u00e8s votre commande, ont une date d&rsquo;expiration d&rsquo;un an \u00e0 compter de la date d&rsquo;\u00e9mission et couvrent le prix des articles dans le panier (pas les taxes ou l&rsquo;exp\u00e9dition). Si vous pr\u00e9f\u00e9rez qu&rsquo;un ch\u00e8que-cadeau soit envoy\u00e9 par la poste plut\u00f4t que par courriel, nous le ferons gratuitement. Vous devez le pr\u00e9ciser au moment de passer \u00e0 la caisse.    <strong><em>Pr\u00e9cisez lors de votre commande si vous souhaitez que le ch\u00e8que-cadeau soit envoy\u00e9 par courriel ou par la poste au destinataire de votre cadeau plut\u00f4t qu&rsquo;\u00e0 vous-m\u00eame (indiquez son adresse courriel ou postale).<\/em><\/strong><\/p>\n","protected":false},"excerpt":{"rendered":"<p>Offrez des semences aux jardiniers de votre entourage ! Nos ch\u00e8ques-cadeaux comprennent chacun un code de coupon \u00e0 usage unique, utilisable \u00e0 la caisse de notre site Web <\/p>\n","protected":false},"featured_media":598,"comment_status":"closed","ping_status":"closed","template":"","meta":[],"product_brand":[],"product_cat":[139],"product_tag":[],"class_list":{"0":"post-20388","1":"product","2":"type-product","3":"status-publish","4":"has-post-thumbnail","6":"product_cat-cheques-cadeaux-et-cartes-cadeaux","8":"first","9":"instock","10":"virtual","11":"purchasable","12":"product-type-simple"},"_links":{"self":[{"href":"https:\/\/yonderhillfarm.ca\/fr\/wp-json\/wp\/v2\/product\/20388","targetHints":{"allow":["GET"]}}],"collection":[{"href":"https:\/\/yonderhillfarm.ca\/fr\/wp-json\/wp\/v2\/product"}],"about":[{"href":"https:\/\/yonderhillfarm.ca\/fr\/wp-json\/wp\/v2\/types\/product"}],"replies":[{"embeddable":true,"href":"https:\/\/yonderhillfarm.ca\/fr\/wp-json\/wp\/v2\/comments?post=20388"}],"wp:featuredmedia":[{"embeddable":true,"href":"https:\/\/yonderhillfarm.ca\/fr\/wp-json\/wp\/v2\/media\/598"}],"wp:attachment":[{"href":"https:\/\/yonderhillfarm.ca\/fr\/wp-json\/wp\/v2\/media?parent=20388"}],"wp:term":[{"taxonomy":"product_brand","embeddable":true,"href":"https:\/\/yonderhillfarm.ca\/fr\/wp-json\/wp\/v2\/product_brand?post=20388"},{"taxonomy":"product_cat","embeddable":true,"href":"https:\/\/yonderhillfarm.ca\/fr\/wp-json\/wp\/v2\/product_cat?post=20388"},{"taxonomy":"product_tag","embeddable":true,"href":"https:\/\/yonderhillfarm.ca\/fr\/wp-json\/wp\/v2\/product_tag?post=20388"}],"curies":[{"name":"wp","href":"https:\/\/api.w.org\/{rel}","templated":true}]}}