{"id":20382,"date":"2025-05-05T18:40:18","date_gmt":"2025-05-05T18:40:18","guid":{"rendered":"https:\/\/yonderhillfarm.ca\/shop\/non class\u00e9\/bette-a-carde-doree\/"},"modified":"2025-05-05T18:40:18","modified_gmt":"2025-05-05T21:40:18","slug":"bette-a-carde-doree","status":"publish","type":"product","link":"https:\/\/yonderhillfarm.ca\/fr\/shop\/graines-legumes-cereales\/verts\/bette-a-carde\/bette-a-carde-doree\/","title":{"rendered":"Bette \u00e0 carde dor\u00e9e"},"content":{"rendered":"<p>Notre vari\u00e9t\u00e9 pr\u00e9f\u00e9r\u00e9e de bette \u00e0 carde. Tiges jaunes \u00e9clatantes et feuilles vertes tendres qui s&rsquo;adoucissent avec le gel. Facile \u00e0 cultiver et \u00e0 appr\u00e9cier en cuisine ! Les jeunes feuilles ajoutent de la beaut\u00e9 \u00e0 une salade ; une fois arriv\u00e9es \u00e0 maturit\u00e9, les feuilles peuvent \u00eatre utilis\u00e9es dans n&rsquo;importe quelle recette n\u00e9cessitant des l\u00e9gumes verts, les tiges ajoutant une couleur vibrante m\u00eame une fois cuites.   <\/p>\n<p><strong><em>Environ 30 \u00e0 40 graines par sachet. <\/em><\/strong><\/p>\n","protected":false},"excerpt":{"rendered":"<p>Notre vari\u00e9t\u00e9 pr\u00e9f\u00e9r\u00e9e de bette \u00e0 carde. Tiges jaunes \u00e9clatantes et feuilles vertes tendres qui s&rsquo;adoucissent avec le gel. Facile \u00e0 cultiver et \u00e0 appr\u00e9cier en cuisine ! Les jeunes feuilles ajoutent de la beaut\u00e9 \u00e0 une salade ; une fois arriv\u00e9es \u00e0 maturit\u00e9, les feuilles peuvent \u00eatre utilis\u00e9es dans n&rsquo;importe quelle recette n\u00e9cessitant des [&hellip;]<\/p>\n","protected":false},"featured_media":20225,"comment_status":"closed","ping_status":"closed","template":"","meta":[],"product_brand":[],"product_cat":[214,137,208,176],"product_tag":[187],"class_list":{"0":"post-20382","1":"product","2":"type-product","3":"status-publish","4":"has-post-thumbnail","6":"product_cat-bette-a-carde","7":"product_cat-graines-en-vrac","8":"product_cat-salades","9":"product_cat-varietes-anciennes","10":"product_tag-les-favoris-de-la-ferme","11":"product_shipping_class-graines","13":"first","14":"instock","15":"taxable","16":"shipping-taxable","17":"purchasable","18":"product-type-variable"},"_links":{"self":[{"href":"https:\/\/yonderhillfarm.ca\/fr\/wp-json\/wp\/v2\/product\/20382","targetHints":{"allow":["GET"]}}],"collection":[{"href":"https:\/\/yonderhillfarm.ca\/fr\/wp-json\/wp\/v2\/product"}],"about":[{"href":"https:\/\/yonderhillfarm.ca\/fr\/wp-json\/wp\/v2\/types\/product"}],"replies":[{"embeddable":true,"href":"https:\/\/yonderhillfarm.ca\/fr\/wp-json\/wp\/v2\/comments?post=20382"}],"wp:featuredmedia":[{"embeddable":true,"href":"https:\/\/yonderhillfarm.ca\/fr\/wp-json\/wp\/v2\/media\/20225"}],"wp:attachment":[{"href":"https:\/\/yonderhillfarm.ca\/fr\/wp-json\/wp\/v2\/media?parent=20382"}],"wp:term":[{"taxonomy":"product_brand","embeddable":true,"href":"https:\/\/yonderhillfarm.ca\/fr\/wp-json\/wp\/v2\/product_brand?post=20382"},{"taxonomy":"product_cat","embeddable":true,"href":"https:\/\/yonderhillfarm.ca\/fr\/wp-json\/wp\/v2\/product_cat?post=20382"},{"taxonomy":"product_tag","embeddable":true,"href":"https:\/\/yonderhillfarm.ca\/fr\/wp-json\/wp\/v2\/product_tag?post=20382"}],"curies":[{"name":"wp","href":"https:\/\/api.w.org\/{rel}","templated":true}]}}