{"id":20377,"date":"2025-05-05T18:40:19","date_gmt":"2025-05-05T18:40:19","guid":{"rendered":"https:\/\/yonderhillfarm.ca\/shop\/non%20class\u00e9\/moutarde-chinoise-a-tige-epaisse\/"},"modified":"2026-01-02T14:03:11","modified_gmt":"2026-01-02T18:03:11","slug":"moutarde-chinoise-a-tige-epaisse","status":"publish","type":"product","link":"https:\/\/yonderhillfarm.ca\/fr\/shop\/graines-legumes-cereales\/verts\/legumes-verts-resistants-au-froid\/moutarde-chinoise-a-tige-epaisse\/","title":{"rendered":"Moutarde Chinoise \u00e0 Tige \u00c9paisse"},"content":{"rendered":"<p><em>(Brassica juncea)<\/em> La moutarde chinoise \u00e0 tige \u00e9paisse est une vari\u00e9t\u00e9 super r\u00e9sistante au froid, remarquablement douce et succulente, qui ne prend un go\u00fbt de moutarde que lorsqu&rsquo;elle est sur le point de fleurir ou lorsqu&rsquo;elle est cultiv\u00e9e dans des temp\u00e9ratures chaudes. Plantez \u00e0 l&rsquo;automne ou au d\u00e9but du printemps pour une r\u00e9colte continue afin d&rsquo;ajouter du croquant et du volume \u00e0 vos salades. Appr\u00e9ci\u00e9e par les producteurs mara\u00eechers et les chefs de restaurant !  <\/p>\n<p><em><strong>Environ 200 graines par paquet. <\/strong><\/em><\/p>\n","protected":false},"excerpt":{"rendered":"<p>(Brassica juncea) La moutarde chinoise \u00e0 tige \u00e9paisse est une vari\u00e9t\u00e9 super r\u00e9sistante au froid, remarquablement douce et succulente, qui ne prend un go\u00fbt de moutarde que lorsqu&rsquo;elle est sur le point de fleurir ou lorsqu&rsquo;elle est cultiv\u00e9e dans des temp\u00e9ratures chaudes. Plantez \u00e0 l&rsquo;automne ou au d\u00e9but du printemps pour une r\u00e9colte continue afin [&hellip;]<\/p>\n","protected":false},"featured_media":20379,"comment_status":"closed","ping_status":"closed","template":"","meta":[],"product_brand":[],"product_cat":[207,208,175],"product_tag":[],"class_list":{"0":"post-20377","1":"product","2":"type-product","3":"status-publish","4":"has-post-thumbnail","6":"product_cat-legumes-verts-resistants-au-froid","7":"product_cat-salades","8":"product_cat-verts","9":"product_shipping_class-graines","11":"first","12":"instock","13":"taxable","14":"shipping-taxable","15":"purchasable","16":"product-type-simple"},"_links":{"self":[{"href":"https:\/\/yonderhillfarm.ca\/fr\/wp-json\/wp\/v2\/product\/20377","targetHints":{"allow":["GET"]}}],"collection":[{"href":"https:\/\/yonderhillfarm.ca\/fr\/wp-json\/wp\/v2\/product"}],"about":[{"href":"https:\/\/yonderhillfarm.ca\/fr\/wp-json\/wp\/v2\/types\/product"}],"replies":[{"embeddable":true,"href":"https:\/\/yonderhillfarm.ca\/fr\/wp-json\/wp\/v2\/comments?post=20377"}],"wp:featuredmedia":[{"embeddable":true,"href":"https:\/\/yonderhillfarm.ca\/fr\/wp-json\/wp\/v2\/media\/20379"}],"wp:attachment":[{"href":"https:\/\/yonderhillfarm.ca\/fr\/wp-json\/wp\/v2\/media?parent=20377"}],"wp:term":[{"taxonomy":"product_brand","embeddable":true,"href":"https:\/\/yonderhillfarm.ca\/fr\/wp-json\/wp\/v2\/product_brand?post=20377"},{"taxonomy":"product_cat","embeddable":true,"href":"https:\/\/yonderhillfarm.ca\/fr\/wp-json\/wp\/v2\/product_cat?post=20377"},{"taxonomy":"product_tag","embeddable":true,"href":"https:\/\/yonderhillfarm.ca\/fr\/wp-json\/wp\/v2\/product_tag?post=20377"}],"curies":[{"name":"wp","href":"https:\/\/api.w.org\/{rel}","templated":true}]}}