{"id":20376,"date":"2025-05-05T18:40:20","date_gmt":"2025-05-05T18:40:20","guid":{"rendered":"https:\/\/yonderhillfarm.ca\/shop\/non%20class\u00e9\/soja-brun-du-manitoba\/"},"modified":"2025-12-31T21:48:24","modified_gmt":"2026-01-01T01:48:24","slug":"soja-brun-du-manitoba","status":"publish","type":"product","link":"https:\/\/yonderhillfarm.ca\/fr\/shop\/graines-legumes-cereales\/haricots-et-soja\/haricots-secs\/soja-brun-du-manitoba\/","title":{"rendered":"Soja brun du Manitoba"},"content":{"rendered":"<p>Un soja super productif, cet h\u00e9ritage a \u00e9t\u00e9 d\u00e9velopp\u00e9 au Canada pour les producteurs du nord. Il est excellent pour une utilisation s\u00e8che (pensez aux f\u00e8ves au lard, aux soupes, au tofu et \u00e0 l&rsquo;alimentation du b\u00e9tail de ferme), mais aussi d\u00e9licieux comme edamame (cuit \u00e0 la vapeur lorsque les gousses sont dodues mais encore vertes). Les plantes autoportantes atteignent 60 cm.  <\/p>\n<p><em><strong>Environ 40 graines par sachet standard. <\/strong><\/em><\/p>\n<p><em><strong>Environ 400 graines par grand sachet. <\/strong><\/em><\/p>\n","protected":false},"excerpt":{"rendered":"<p>Un soja super productif, cet h\u00e9ritage a \u00e9t\u00e9 d\u00e9velopp\u00e9 au Canada pour les producteurs du nord. Il est excellent pour une utilisation s\u00e8che (pensez aux f\u00e8ves au lard, aux soupes, au tofu et \u00e0 l&rsquo;alimentation du b\u00e9tail de ferme), mais aussi d\u00e9licieux comme edamame (cuit \u00e0 la vapeur lorsque les gousses sont dodues mais encore [&hellip;]<\/p>\n","protected":false},"featured_media":15850,"comment_status":"closed","ping_status":"closed","template":"","meta":[],"product_brand":[],"product_cat":[137,167,170,176],"product_tag":[],"class_list":{"0":"post-20376","1":"product","2":"type-product","3":"status-publish","4":"has-post-thumbnail","6":"product_cat-graines-en-vrac","7":"product_cat-haricots-secs","8":"product_cat-soja","9":"product_cat-varietes-anciennes","10":"product_shipping_class-graines","12":"first","13":"instock","14":"taxable","15":"shipping-taxable","16":"purchasable","17":"product-type-variable"},"_links":{"self":[{"href":"https:\/\/yonderhillfarm.ca\/fr\/wp-json\/wp\/v2\/product\/20376","targetHints":{"allow":["GET"]}}],"collection":[{"href":"https:\/\/yonderhillfarm.ca\/fr\/wp-json\/wp\/v2\/product"}],"about":[{"href":"https:\/\/yonderhillfarm.ca\/fr\/wp-json\/wp\/v2\/types\/product"}],"replies":[{"embeddable":true,"href":"https:\/\/yonderhillfarm.ca\/fr\/wp-json\/wp\/v2\/comments?post=20376"}],"wp:featuredmedia":[{"embeddable":true,"href":"https:\/\/yonderhillfarm.ca\/fr\/wp-json\/wp\/v2\/media\/15850"}],"wp:attachment":[{"href":"https:\/\/yonderhillfarm.ca\/fr\/wp-json\/wp\/v2\/media?parent=20376"}],"wp:term":[{"taxonomy":"product_brand","embeddable":true,"href":"https:\/\/yonderhillfarm.ca\/fr\/wp-json\/wp\/v2\/product_brand?post=20376"},{"taxonomy":"product_cat","embeddable":true,"href":"https:\/\/yonderhillfarm.ca\/fr\/wp-json\/wp\/v2\/product_cat?post=20376"},{"taxonomy":"product_tag","embeddable":true,"href":"https:\/\/yonderhillfarm.ca\/fr\/wp-json\/wp\/v2\/product_tag?post=20376"}],"curies":[{"name":"wp","href":"https:\/\/api.w.org\/{rel}","templated":true}]}}