{"id":20375,"date":"2025-05-05T18:40:19","date_gmt":"2025-05-05T18:40:19","guid":{"rendered":"https:\/\/yonderhillfarm.ca\/shop\/non%20class\u00e9\/collection-de-fleurs-annuelles-pour-pollinisateurs\/"},"modified":"2026-01-01T10:37:35","modified_gmt":"2026-01-01T14:37:35","slug":"collection-de-fleurs-annuelles-pour-pollinisateurs","status":"publish","type":"product","link":"https:\/\/yonderhillfarm.ca\/fr\/shop\/cadeaux\/collections-de-graines\/collection-de-fleurs-annuelles-pour-pollinisateurs\/","title":{"rendered":"Collection de fleurs annuelles pour pollinisateurs"},"content":{"rendered":"<p>Ces fleurs annuelles ajoutent du peps \u00e0 votre jardin et attirent les pollinisateurs b\u00e9n\u00e9fiques, notamment les abeilles, les papillons et les colibris. Elles sont \u00e9galement tr\u00e8s faciles \u00e0 cultiver \u00e0 partir de graines. Cette collection de graines comprend un paquet de chacune des vari\u00e9t\u00e9s suivantes : Calendula orange, pavot Elka, Cosmos Double Click Cranberry, tournesol ol\u00e9agineux Peradovik, Tithonia Torch et mauve fran\u00e7aise. \u00c9conomisez 2 $ par rapport \u00e0 l&rsquo;achat de chaque paquet individuellement !   <\/p>\n","protected":false},"excerpt":{"rendered":"<p>Ces fleurs annuelles ajoutent du peps \u00e0 votre jardin et attirent les pollinisateurs b\u00e9n\u00e9fiques, notamment les abeilles, les papillons et les colibris. Elles sont \u00e9galement tr\u00e8s faciles \u00e0 cultiver \u00e0 partir de graines. Cette collection de graines comprend un paquet de chacune des vari\u00e9t\u00e9s suivantes : Calendula orange, pavot Elka, Cosmos Double Click Cranberry, tournesol [&hellip;]<\/p>\n","protected":false},"featured_media":15770,"comment_status":"closed","ping_status":"closed","template":"","meta":[],"product_brand":[],"product_cat":[141,143],"product_tag":[],"class_list":{"0":"post-20375","1":"product","2":"type-product","3":"status-publish","4":"has-post-thumbnail","6":"product_cat-collections-de-graines","7":"product_cat-fleurs-annuelles","8":"product_shipping_class-graines","10":"first","11":"outofstock","12":"taxable","13":"shipping-taxable","14":"purchasable","15":"product-type-simple"},"_links":{"self":[{"href":"https:\/\/yonderhillfarm.ca\/fr\/wp-json\/wp\/v2\/product\/20375","targetHints":{"allow":["GET"]}}],"collection":[{"href":"https:\/\/yonderhillfarm.ca\/fr\/wp-json\/wp\/v2\/product"}],"about":[{"href":"https:\/\/yonderhillfarm.ca\/fr\/wp-json\/wp\/v2\/types\/product"}],"replies":[{"embeddable":true,"href":"https:\/\/yonderhillfarm.ca\/fr\/wp-json\/wp\/v2\/comments?post=20375"}],"wp:featuredmedia":[{"embeddable":true,"href":"https:\/\/yonderhillfarm.ca\/fr\/wp-json\/wp\/v2\/media\/15770"}],"wp:attachment":[{"href":"https:\/\/yonderhillfarm.ca\/fr\/wp-json\/wp\/v2\/media?parent=20375"}],"wp:term":[{"taxonomy":"product_brand","embeddable":true,"href":"https:\/\/yonderhillfarm.ca\/fr\/wp-json\/wp\/v2\/product_brand?post=20375"},{"taxonomy":"product_cat","embeddable":true,"href":"https:\/\/yonderhillfarm.ca\/fr\/wp-json\/wp\/v2\/product_cat?post=20375"},{"taxonomy":"product_tag","embeddable":true,"href":"https:\/\/yonderhillfarm.ca\/fr\/wp-json\/wp\/v2\/product_tag?post=20375"}],"curies":[{"name":"wp","href":"https:\/\/api.w.org\/{rel}","templated":true}]}}