{"id":20369,"date":"2025-05-05T18:40:41","date_gmt":"2025-05-05T18:40:41","guid":{"rendered":"https:\/\/yonderhillfarm.ca\/shop\/non%20class\u00e9\/haricot-noir-coco\/"},"modified":"2025-12-31T21:46:35","modified_gmt":"2026-01-01T01:46:35","slug":"haricot-noir-coco","status":"publish","type":"product","link":"https:\/\/yonderhillfarm.ca\/fr\/shop\/graines-legumes-cereales\/haricots-et-soja\/haricots-secs\/haricot-noir-coco\/","title":{"rendered":"Haricot noir Coco"},"content":{"rendered":"<p>(Haricot nain) Une belle grosse f\u00e8ve noire, id\u00e9ale pour les soupes, les salades ou les plats mexicains. <\/p>\n<p><em><strong>Environ 30 \u00e0 40 graines par sachet. <\/strong><\/em><\/p>\n","protected":false},"excerpt":{"rendered":"<p>(Haricot nain) Une belle grosse f\u00e8ve noire, id\u00e9ale pour les soupes, les salades ou les plats mexicains. Environ 30 \u00e0 40 graines par sachet.<\/p>\n","protected":false},"featured_media":15899,"comment_status":"closed","ping_status":"closed","template":"","meta":[],"product_brand":[],"product_cat":[167,176],"product_tag":[],"class_list":{"0":"post-20369","1":"product","2":"type-product","3":"status-publish","4":"has-post-thumbnail","6":"product_cat-haricots-secs","7":"product_cat-varietes-anciennes","8":"product_shipping_class-graines","10":"first","11":"outofstock","12":"taxable","13":"shipping-taxable","14":"purchasable","15":"product-type-simple"},"_links":{"self":[{"href":"https:\/\/yonderhillfarm.ca\/fr\/wp-json\/wp\/v2\/product\/20369","targetHints":{"allow":["GET"]}}],"collection":[{"href":"https:\/\/yonderhillfarm.ca\/fr\/wp-json\/wp\/v2\/product"}],"about":[{"href":"https:\/\/yonderhillfarm.ca\/fr\/wp-json\/wp\/v2\/types\/product"}],"replies":[{"embeddable":true,"href":"https:\/\/yonderhillfarm.ca\/fr\/wp-json\/wp\/v2\/comments?post=20369"}],"wp:featuredmedia":[{"embeddable":true,"href":"https:\/\/yonderhillfarm.ca\/fr\/wp-json\/wp\/v2\/media\/15899"}],"wp:attachment":[{"href":"https:\/\/yonderhillfarm.ca\/fr\/wp-json\/wp\/v2\/media?parent=20369"}],"wp:term":[{"taxonomy":"product_brand","embeddable":true,"href":"https:\/\/yonderhillfarm.ca\/fr\/wp-json\/wp\/v2\/product_brand?post=20369"},{"taxonomy":"product_cat","embeddable":true,"href":"https:\/\/yonderhillfarm.ca\/fr\/wp-json\/wp\/v2\/product_cat?post=20369"},{"taxonomy":"product_tag","embeddable":true,"href":"https:\/\/yonderhillfarm.ca\/fr\/wp-json\/wp\/v2\/product_tag?post=20369"}],"curies":[{"name":"wp","href":"https:\/\/api.w.org\/{rel}","templated":true}]}}