{"id":20364,"date":"2025-05-05T18:40:20","date_gmt":"2025-05-05T18:40:20","guid":{"rendered":"https:\/\/yonderhillfarm.ca\/shop\/non%20class\u00e9\/pois-capucijner\/"},"modified":"2026-04-19T09:09:41","modified_gmt":"2026-04-19T12:09:41","slug":"pois-capucijner","status":"publish","type":"product","link":"https:\/\/yonderhillfarm.ca\/fr\/shop\/graines-legumes-cereales\/pois-et-feves\/pois-secs\/pois-capucijner\/","title":{"rendered":"Pois Capucijner"},"content":{"rendered":"<p>Aussi connu sous le nom de pois Capucijner \u00e0 cosse bleue. Tr\u00e8s ancienne vari\u00e9t\u00e9 hollandaise, le Capucijner surpasse r\u00e9guli\u00e8rement toutes nos productions de pois et est magnifique dans le jardin avec ses fleurs et ses gousses violettes. Les pois restent entiers une fois cuits et sont d\u00e9licieux dans les soupes, les rago\u00fbts, les currys et les sauces. On adore ! Les vignes de 1,80 m de haut n\u00e9cessitent un treillis.    <\/p>\n<p><em><strong>Environ 35 graines par sachet. <\/strong><\/em><\/p>\n","protected":false},"excerpt":{"rendered":"<p>Aussi connu sous le nom de pois Capucijner \u00e0 cosse bleue. Tr\u00e8s ancienne vari\u00e9t\u00e9 hollandaise, le Capucijner surpasse r\u00e9guli\u00e8rement toutes nos productions de pois et est magnifique dans le jardin avec ses fleurs et ses gousses violettes. Les pois restent entiers une fois cuits et sont d\u00e9licieux dans les soupes, les rago\u00fbts, les currys et [&hellip;]<\/p>\n","protected":false},"featured_media":20365,"comment_status":"closed","ping_status":"closed","template":"","meta":[],"product_brand":[],"product_cat":[213,176],"product_tag":[],"class_list":{"0":"post-20364","1":"product","2":"type-product","3":"status-publish","4":"has-post-thumbnail","6":"product_cat-pois-secs","7":"product_cat-varietes-anciennes","8":"product_shipping_class-graines","10":"first","11":"instock","12":"taxable","13":"shipping-taxable","14":"purchasable","15":"product-type-simple"},"_links":{"self":[{"href":"https:\/\/yonderhillfarm.ca\/fr\/wp-json\/wp\/v2\/product\/20364","targetHints":{"allow":["GET"]}}],"collection":[{"href":"https:\/\/yonderhillfarm.ca\/fr\/wp-json\/wp\/v2\/product"}],"about":[{"href":"https:\/\/yonderhillfarm.ca\/fr\/wp-json\/wp\/v2\/types\/product"}],"replies":[{"embeddable":true,"href":"https:\/\/yonderhillfarm.ca\/fr\/wp-json\/wp\/v2\/comments?post=20364"}],"wp:featuredmedia":[{"embeddable":true,"href":"https:\/\/yonderhillfarm.ca\/fr\/wp-json\/wp\/v2\/media\/20365"}],"wp:attachment":[{"href":"https:\/\/yonderhillfarm.ca\/fr\/wp-json\/wp\/v2\/media?parent=20364"}],"wp:term":[{"taxonomy":"product_brand","embeddable":true,"href":"https:\/\/yonderhillfarm.ca\/fr\/wp-json\/wp\/v2\/product_brand?post=20364"},{"taxonomy":"product_cat","embeddable":true,"href":"https:\/\/yonderhillfarm.ca\/fr\/wp-json\/wp\/v2\/product_cat?post=20364"},{"taxonomy":"product_tag","embeddable":true,"href":"https:\/\/yonderhillfarm.ca\/fr\/wp-json\/wp\/v2\/product_tag?post=20364"}],"curies":[{"name":"wp","href":"https:\/\/api.w.org\/{rel}","templated":true}]}}