{"id":20361,"date":"2025-05-05T18:40:41","date_gmt":"2025-05-05T18:40:41","guid":{"rendered":"https:\/\/yonderhillfarm.ca\/shop\/non%20class\u00e9\/haricot-a-soupe-hutterite\/"},"modified":"2025-12-31T21:47:30","modified_gmt":"2026-01-01T01:47:30","slug":"haricot-a-soupe-hutterite","status":"publish","type":"product","link":"https:\/\/yonderhillfarm.ca\/fr\/shop\/graines-legumes-cereales\/haricots-et-soja\/haricots-secs\/haricot-a-soupe-hutterite\/","title":{"rendered":"Haricot \u00e0 soupe hutt\u00e9rite"},"content":{"rendered":"<p>(Haricot nain) Nous sommes tomb\u00e9s amoureux de ce haricot sec ancien, tr\u00e8s productif et d\u00e9licieux, d\u00e8s la premi\u00e8re fois que nous l&rsquo;avons cultiv\u00e9 en 2004. Avec sa texture cr\u00e9meuse, savourez-le dans des soupes bouillonnantes et comme haricot cuit au four.  <\/p>\n<p><em><strong>Environ 30 \u00e0 40 graines par sachet. <\/strong><\/em><\/p>\n","protected":false},"excerpt":{"rendered":"<p>(Haricot nain) Nous sommes tomb\u00e9s amoureux de ce haricot sec ancien, tr\u00e8s productif et d\u00e9licieux, d\u00e8s la premi\u00e8re fois que nous l&rsquo;avons cultiv\u00e9 en 2004. Avec sa texture cr\u00e9meuse, savourez-le dans des soupes bouillonnantes et comme haricot cuit au four. Environ 30 \u00e0 40 graines par sachet.<\/p>\n","protected":false},"featured_media":15904,"comment_status":"closed","ping_status":"closed","template":"","meta":[],"product_brand":[],"product_cat":[167,176],"product_tag":[],"class_list":{"0":"post-20361","1":"product","2":"type-product","3":"status-publish","4":"has-post-thumbnail","6":"product_cat-haricots-secs","7":"product_cat-varietes-anciennes","8":"product_shipping_class-graines","10":"first","11":"outofstock","12":"taxable","13":"shipping-taxable","14":"purchasable","15":"product-type-simple"},"_links":{"self":[{"href":"https:\/\/yonderhillfarm.ca\/fr\/wp-json\/wp\/v2\/product\/20361","targetHints":{"allow":["GET"]}}],"collection":[{"href":"https:\/\/yonderhillfarm.ca\/fr\/wp-json\/wp\/v2\/product"}],"about":[{"href":"https:\/\/yonderhillfarm.ca\/fr\/wp-json\/wp\/v2\/types\/product"}],"replies":[{"embeddable":true,"href":"https:\/\/yonderhillfarm.ca\/fr\/wp-json\/wp\/v2\/comments?post=20361"}],"wp:featuredmedia":[{"embeddable":true,"href":"https:\/\/yonderhillfarm.ca\/fr\/wp-json\/wp\/v2\/media\/15904"}],"wp:attachment":[{"href":"https:\/\/yonderhillfarm.ca\/fr\/wp-json\/wp\/v2\/media?parent=20361"}],"wp:term":[{"taxonomy":"product_brand","embeddable":true,"href":"https:\/\/yonderhillfarm.ca\/fr\/wp-json\/wp\/v2\/product_brand?post=20361"},{"taxonomy":"product_cat","embeddable":true,"href":"https:\/\/yonderhillfarm.ca\/fr\/wp-json\/wp\/v2\/product_cat?post=20361"},{"taxonomy":"product_tag","embeddable":true,"href":"https:\/\/yonderhillfarm.ca\/fr\/wp-json\/wp\/v2\/product_tag?post=20361"}],"curies":[{"name":"wp","href":"https:\/\/api.w.org\/{rel}","templated":true}]}}