{"id":20360,"date":"2025-05-05T18:40:20","date_gmt":"2025-05-05T18:40:20","guid":{"rendered":"https:\/\/yonderhillfarm.ca\/shop\/non%20class\u00e9\/pois-a-soupe-st-hubert\/"},"modified":"2026-01-02T16:34:12","modified_gmt":"2026-01-02T20:34:12","slug":"pois-a-soupe-st-hubert","status":"publish","type":"product","link":"https:\/\/yonderhillfarm.ca\/fr\/shop\/graines-legumes-cereales\/pois-et-feves\/pois-secs\/pois-a-soupe-st-hubert\/","title":{"rendered":"Pois \u00e0 soupe St. Hubert"},"content":{"rendered":"<p>Une merveilleuse vari\u00e9t\u00e9 ancienne canadienne&nbsp;! Le pois \u00e0 soupe St Hubert, originaire de la vall\u00e9e du Saint-Laurent au Qu\u00e9bec, est un pois \u00e0 soupe \u00e0 haut rendement qui donne la meilleure soupe aux pois. Les plants sont d&rsquo;apparence d\u00e9licate, mais atteignent 1,5 m (n\u00e9cessitant un treillis) et produisent une abondance de petits pois, qui semblent gonfler \u00e0 pleine taille une fois cuits.  <\/p>\n<p><em><strong>Environ 40 graines par sachet. <\/strong><\/em><\/p>\n","protected":false},"excerpt":{"rendered":"<p>Une merveilleuse vari\u00e9t\u00e9 ancienne canadienne&nbsp;! Le pois \u00e0 soupe St Hubert, originaire de la vall\u00e9e du Saint-Laurent au Qu\u00e9bec, est un pois \u00e0 soupe \u00e0 haut rendement qui donne la meilleure soupe aux pois. Les plants sont d&rsquo;apparence d\u00e9licate, mais atteignent 1,5 m (n\u00e9cessitant un treillis) et produisent une abondance de petits pois, qui semblent [&hellip;]<\/p>\n","protected":false},"featured_media":20362,"comment_status":"closed","ping_status":"closed","template":"","meta":[],"product_brand":[],"product_cat":[213,176],"product_tag":[187],"class_list":{"0":"post-20360","1":"product","2":"type-product","3":"status-publish","4":"has-post-thumbnail","6":"product_cat-pois-secs","7":"product_cat-varietes-anciennes","8":"product_tag-les-favoris-de-la-ferme","9":"product_shipping_class-graines","11":"first","12":"instock","13":"taxable","14":"shipping-taxable","15":"purchasable","16":"product-type-simple"},"_links":{"self":[{"href":"https:\/\/yonderhillfarm.ca\/fr\/wp-json\/wp\/v2\/product\/20360","targetHints":{"allow":["GET"]}}],"collection":[{"href":"https:\/\/yonderhillfarm.ca\/fr\/wp-json\/wp\/v2\/product"}],"about":[{"href":"https:\/\/yonderhillfarm.ca\/fr\/wp-json\/wp\/v2\/types\/product"}],"replies":[{"embeddable":true,"href":"https:\/\/yonderhillfarm.ca\/fr\/wp-json\/wp\/v2\/comments?post=20360"}],"wp:featuredmedia":[{"embeddable":true,"href":"https:\/\/yonderhillfarm.ca\/fr\/wp-json\/wp\/v2\/media\/20362"}],"wp:attachment":[{"href":"https:\/\/yonderhillfarm.ca\/fr\/wp-json\/wp\/v2\/media?parent=20360"}],"wp:term":[{"taxonomy":"product_brand","embeddable":true,"href":"https:\/\/yonderhillfarm.ca\/fr\/wp-json\/wp\/v2\/product_brand?post=20360"},{"taxonomy":"product_cat","embeddable":true,"href":"https:\/\/yonderhillfarm.ca\/fr\/wp-json\/wp\/v2\/product_cat?post=20360"},{"taxonomy":"product_tag","embeddable":true,"href":"https:\/\/yonderhillfarm.ca\/fr\/wp-json\/wp\/v2\/product_tag?post=20360"}],"curies":[{"name":"wp","href":"https:\/\/api.w.org\/{rel}","templated":true}]}}