{"id":20353,"date":"2025-05-05T18:40:42","date_gmt":"2025-05-05T18:40:42","guid":{"rendered":"https:\/\/yonderhillfarm.ca\/shop\/non%20class\u00e9\/haricot-mrociumere\/"},"modified":"2025-12-31T21:44:18","modified_gmt":"2026-01-01T01:44:18","slug":"haricot-mrociumere","status":"publish","type":"product","link":"https:\/\/yonderhillfarm.ca\/fr\/shop\/graines-legumes-cereales\/haricots-et-soja\/haricots-secs\/haricot-mrociumere\/","title":{"rendered":"Haricot Mrociumere"},"content":{"rendered":"<p>(Haricot nain) Nous sommes tomb\u00e9s amoureux de ce haricot ancien d&rsquo;Afrique lorsque nous avons jardin\u00e9 \u00e0 la ferme Windhorse en 2009. Un autre jardinier du Zimbabwe nous a remplis d&rsquo;impatience pendant sa croissance dans le jardin, nous r\u00e9galant de ses vertus, et il n&rsquo;a pas d\u00e9\u00e7u. Le haricot sec de notre collection qui cuit le plus rapidement, il est si doux et lisse en texture, cuisant jusqu&rsquo;\u00e0 devenir sa propre sauce. D\u00e9licieux.    <\/p>\n<p><em><strong>Environ 30 \u00e0 40 graines par sachet. <\/strong><\/em><\/p>\n","protected":false},"excerpt":{"rendered":"<p>(Haricot nain) Nous sommes tomb\u00e9s amoureux de ce haricot ancien d&rsquo;Afrique lorsque nous avons jardin\u00e9 \u00e0 la ferme Windhorse en 2009. Un autre jardinier du Zimbabwe nous a remplis d&rsquo;impatience pendant sa croissance dans le jardin, nous r\u00e9galant de ses vertus, et il n&rsquo;a pas d\u00e9\u00e7u. Le haricot sec de notre collection qui cuit le [&hellip;]<\/p>\n","protected":false},"featured_media":15903,"comment_status":"closed","ping_status":"closed","template":"","meta":[],"product_brand":[],"product_cat":[167,176],"product_tag":[],"class_list":{"0":"post-20353","1":"product","2":"type-product","3":"status-publish","4":"has-post-thumbnail","6":"product_cat-haricots-secs","7":"product_cat-varietes-anciennes","8":"product_shipping_class-graines","10":"first","11":"outofstock","12":"taxable","13":"shipping-taxable","14":"purchasable","15":"product-type-simple"},"_links":{"self":[{"href":"https:\/\/yonderhillfarm.ca\/fr\/wp-json\/wp\/v2\/product\/20353","targetHints":{"allow":["GET"]}}],"collection":[{"href":"https:\/\/yonderhillfarm.ca\/fr\/wp-json\/wp\/v2\/product"}],"about":[{"href":"https:\/\/yonderhillfarm.ca\/fr\/wp-json\/wp\/v2\/types\/product"}],"replies":[{"embeddable":true,"href":"https:\/\/yonderhillfarm.ca\/fr\/wp-json\/wp\/v2\/comments?post=20353"}],"wp:featuredmedia":[{"embeddable":true,"href":"https:\/\/yonderhillfarm.ca\/fr\/wp-json\/wp\/v2\/media\/15903"}],"wp:attachment":[{"href":"https:\/\/yonderhillfarm.ca\/fr\/wp-json\/wp\/v2\/media?parent=20353"}],"wp:term":[{"taxonomy":"product_brand","embeddable":true,"href":"https:\/\/yonderhillfarm.ca\/fr\/wp-json\/wp\/v2\/product_brand?post=20353"},{"taxonomy":"product_cat","embeddable":true,"href":"https:\/\/yonderhillfarm.ca\/fr\/wp-json\/wp\/v2\/product_cat?post=20353"},{"taxonomy":"product_tag","embeddable":true,"href":"https:\/\/yonderhillfarm.ca\/fr\/wp-json\/wp\/v2\/product_tag?post=20353"}],"curies":[{"name":"wp","href":"https:\/\/api.w.org\/{rel}","templated":true}]}}