{"id":20352,"date":"2025-05-05T18:40:42","date_gmt":"2025-05-05T18:40:42","guid":{"rendered":"https:\/\/yonderhillfarm.ca\/shop\/non%20class\u00e9\/delicata-en-buisson\/"},"modified":"2026-01-01T10:36:14","modified_gmt":"2026-01-01T14:36:14","slug":"delicata-en-buisson","status":"publish","type":"product","link":"https:\/\/yonderhillfarm.ca\/fr\/shop\/graines-legumes-cereales\/courges-dhiver-et-citrouilles\/delicata-en-buisson\/","title":{"rendered":"Delicata en buisson"},"content":{"rendered":"<p><span id=\"product_description\"><em>(C. pepo) <\/em>Aussi connu sous le nom de Cornell Bush Delicata. Sa d\u00e9licieuse saveur de noisette et sa peau comestible en font un excellent ajout aux rago\u00fbts ou aux r\u00f4tis. Les rayures vertes sur la peau de couleur cr\u00e8me deviennent orange lors du stockage. Son port productif et dense offre un rendement \u00e9lev\u00e9 m\u00eame dans les petits jardins. Un merveilleux \u00ab\u00a0h\u00e9ritage de demain\u00a0\u00bb une fois qu&rsquo;il aura f\u00eat\u00e9 son 50e anniversaire &#8211; une vari\u00e9t\u00e9 exceptionnelle cr\u00e9\u00e9e par l&rsquo;universit\u00e9 Cornell dans les ann\u00e9es 90.    <\/span><\/p>\n<p><em><strong>Environ 15 graines par sachet standard. <\/strong><\/em><\/p>\n<p><em><strong>Environ 150 graines par grand sachet. <\/strong><\/em><\/p>\n","protected":false},"excerpt":{"rendered":"<p>(C. pepo) Aussi connu sous le nom de Cornell Bush Delicata. Sa d\u00e9licieuse saveur de noisette et sa peau comestible en font un excellent ajout aux rago\u00fbts ou aux r\u00f4tis. Les rayures vertes sur la peau de couleur cr\u00e8me deviennent orange lors du stockage. Son port productif et dense offre un rendement \u00e9lev\u00e9 m\u00eame dans [&hellip;]<\/p>\n","protected":false},"featured_media":20354,"comment_status":"closed","ping_status":"closed","template":"","meta":[],"product_brand":[],"product_cat":[185,137],"product_tag":[],"class_list":{"0":"post-20352","1":"product","2":"type-product","3":"status-publish","4":"has-post-thumbnail","6":"product_cat-courges-dhiver-et-citrouilles","7":"product_cat-graines-en-vrac","8":"product_shipping_class-graines","10":"first","11":"instock","12":"taxable","13":"shipping-taxable","14":"purchasable","15":"product-type-variable"},"_links":{"self":[{"href":"https:\/\/yonderhillfarm.ca\/fr\/wp-json\/wp\/v2\/product\/20352","targetHints":{"allow":["GET"]}}],"collection":[{"href":"https:\/\/yonderhillfarm.ca\/fr\/wp-json\/wp\/v2\/product"}],"about":[{"href":"https:\/\/yonderhillfarm.ca\/fr\/wp-json\/wp\/v2\/types\/product"}],"replies":[{"embeddable":true,"href":"https:\/\/yonderhillfarm.ca\/fr\/wp-json\/wp\/v2\/comments?post=20352"}],"wp:featuredmedia":[{"embeddable":true,"href":"https:\/\/yonderhillfarm.ca\/fr\/wp-json\/wp\/v2\/media\/20354"}],"wp:attachment":[{"href":"https:\/\/yonderhillfarm.ca\/fr\/wp-json\/wp\/v2\/media?parent=20352"}],"wp:term":[{"taxonomy":"product_brand","embeddable":true,"href":"https:\/\/yonderhillfarm.ca\/fr\/wp-json\/wp\/v2\/product_brand?post=20352"},{"taxonomy":"product_cat","embeddable":true,"href":"https:\/\/yonderhillfarm.ca\/fr\/wp-json\/wp\/v2\/product_cat?post=20352"},{"taxonomy":"product_tag","embeddable":true,"href":"https:\/\/yonderhillfarm.ca\/fr\/wp-json\/wp\/v2\/product_tag?post=20352"}],"curies":[{"name":"wp","href":"https:\/\/api.w.org\/{rel}","templated":true}]}}