{"id":20348,"date":"2025-05-05T18:40:42","date_gmt":"2025-05-05T18:40:42","guid":{"rendered":"https:\/\/yonderhillfarm.ca\/shop\/non%20class\u00e9\/melange-de-laitues\/"},"modified":"2026-01-02T14:03:11","modified_gmt":"2026-01-02T18:03:11","slug":"melange-de-laitues","status":"publish","type":"product","link":"https:\/\/yonderhillfarm.ca\/fr\/shop\/graines-legumes-cereales\/verts\/laitue\/melange-de-laitues\/","title":{"rendered":"M\u00e9lange de laitues"},"content":{"rendered":"<p>Notre m\u00e9lange de laitues est un bel assortiment de nos vari\u00e9t\u00e9s de laitues rouges et vertes. Pr\u00eat \u00e0 semer dru pour des r\u00e9coltes de jeunes feuilles&nbsp;; un espacement plus large permet des r\u00e9coltes coup\u00e9es et repouss\u00e9es ou des r\u00e9coltes de t\u00eates compl\u00e8tes. <\/p>\n<p><em><strong>Environ 100 graines par sachet. <\/strong><\/em><\/p>\n","protected":false},"excerpt":{"rendered":"<p>Notre m\u00e9lange de laitues est un bel assortiment de nos vari\u00e9t\u00e9s de laitues rouges et vertes. Pr\u00eat \u00e0 semer dru pour des r\u00e9coltes de jeunes feuilles&nbsp;; un espacement plus large permet des r\u00e9coltes coup\u00e9es et repouss\u00e9es ou des r\u00e9coltes de t\u00eates compl\u00e8tes. Environ 100 graines par sachet.<\/p>\n","protected":false},"featured_media":20351,"comment_status":"closed","ping_status":"closed","template":"","meta":[],"product_brand":[],"product_cat":[212],"product_tag":[],"class_list":{"0":"post-20348","1":"product","2":"type-product","3":"status-publish","4":"has-post-thumbnail","6":"product_cat-laitue","7":"product_shipping_class-graines","9":"first","10":"instock","11":"taxable","12":"shipping-taxable","13":"purchasable","14":"product-type-simple"},"_links":{"self":[{"href":"https:\/\/yonderhillfarm.ca\/fr\/wp-json\/wp\/v2\/product\/20348","targetHints":{"allow":["GET"]}}],"collection":[{"href":"https:\/\/yonderhillfarm.ca\/fr\/wp-json\/wp\/v2\/product"}],"about":[{"href":"https:\/\/yonderhillfarm.ca\/fr\/wp-json\/wp\/v2\/types\/product"}],"replies":[{"embeddable":true,"href":"https:\/\/yonderhillfarm.ca\/fr\/wp-json\/wp\/v2\/comments?post=20348"}],"wp:featuredmedia":[{"embeddable":true,"href":"https:\/\/yonderhillfarm.ca\/fr\/wp-json\/wp\/v2\/media\/20351"}],"wp:attachment":[{"href":"https:\/\/yonderhillfarm.ca\/fr\/wp-json\/wp\/v2\/media?parent=20348"}],"wp:term":[{"taxonomy":"product_brand","embeddable":true,"href":"https:\/\/yonderhillfarm.ca\/fr\/wp-json\/wp\/v2\/product_brand?post=20348"},{"taxonomy":"product_cat","embeddable":true,"href":"https:\/\/yonderhillfarm.ca\/fr\/wp-json\/wp\/v2\/product_cat?post=20348"},{"taxonomy":"product_tag","embeddable":true,"href":"https:\/\/yonderhillfarm.ca\/fr\/wp-json\/wp\/v2\/product_tag?post=20348"}],"curies":[{"name":"wp","href":"https:\/\/api.w.org\/{rel}","templated":true}]}}