{"id":20345,"date":"2025-05-05T18:40:42","date_gmt":"2025-05-05T18:40:42","guid":{"rendered":"https:\/\/yonderhillfarm.ca\/shop\/non%20class\u00e9\/haricot-nicaragua-revolution\/"},"modified":"2025-12-31T21:45:02","modified_gmt":"2026-01-01T01:45:02","slug":"haricot-nicaragua-revolution","status":"publish","type":"product","link":"https:\/\/yonderhillfarm.ca\/fr\/shop\/graines-legumes-cereales\/haricots-et-soja\/haricots-secs\/haricot-nicaragua-revolution\/","title":{"rendered":"Haricot Nicaragua Revolution"},"content":{"rendered":"<p>(Haricot nain) Le haricot rouge classique du Nicaragua. Nous adorons cette vari\u00e9t\u00e9, qui nous est parvenue de la collection Windhorse Farm en 2009. Un haricot fabuleux en cuisine pour les plats latino-am\u00e9ricains, et l&rsquo;un des plus productifs et \u00e0 maturation pr\u00e9coce au jardin. Pr\u00e9sente une variabilit\u00e9 de couleur, du rouge au presque noir.    <\/p>\n<p><strong><em>Environ 30 \u00e0 40 graines par sachet. <\/em><\/strong><\/p>\n","protected":false},"excerpt":{"rendered":"<p>(Haricot nain) Le haricot rouge classique du Nicaragua. Nous adorons cette vari\u00e9t\u00e9, qui nous est parvenue de la collection Windhorse Farm en 2009. Un haricot fabuleux en cuisine pour les plats latino-am\u00e9ricains, et l&rsquo;un des plus productifs et \u00e0 maturation pr\u00e9coce au jardin. Pr\u00e9sente une variabilit\u00e9 de couleur, du rouge au presque noir. Environ 30 [&hellip;]<\/p>\n","protected":false},"featured_media":20347,"comment_status":"closed","ping_status":"closed","template":"","meta":[],"product_brand":[],"product_cat":[167,176],"product_tag":[],"class_list":{"0":"post-20345","1":"product","2":"type-product","3":"status-publish","4":"has-post-thumbnail","6":"product_cat-haricots-secs","7":"product_cat-varietes-anciennes","8":"product_shipping_class-graines","10":"first","11":"outofstock","12":"taxable","13":"shipping-taxable","14":"purchasable","15":"product-type-simple"},"_links":{"self":[{"href":"https:\/\/yonderhillfarm.ca\/fr\/wp-json\/wp\/v2\/product\/20345","targetHints":{"allow":["GET"]}}],"collection":[{"href":"https:\/\/yonderhillfarm.ca\/fr\/wp-json\/wp\/v2\/product"}],"about":[{"href":"https:\/\/yonderhillfarm.ca\/fr\/wp-json\/wp\/v2\/types\/product"}],"replies":[{"embeddable":true,"href":"https:\/\/yonderhillfarm.ca\/fr\/wp-json\/wp\/v2\/comments?post=20345"}],"wp:featuredmedia":[{"embeddable":true,"href":"https:\/\/yonderhillfarm.ca\/fr\/wp-json\/wp\/v2\/media\/20347"}],"wp:attachment":[{"href":"https:\/\/yonderhillfarm.ca\/fr\/wp-json\/wp\/v2\/media?parent=20345"}],"wp:term":[{"taxonomy":"product_brand","embeddable":true,"href":"https:\/\/yonderhillfarm.ca\/fr\/wp-json\/wp\/v2\/product_brand?post=20345"},{"taxonomy":"product_cat","embeddable":true,"href":"https:\/\/yonderhillfarm.ca\/fr\/wp-json\/wp\/v2\/product_cat?post=20345"},{"taxonomy":"product_tag","embeddable":true,"href":"https:\/\/yonderhillfarm.ca\/fr\/wp-json\/wp\/v2\/product_tag?post=20345"}],"curies":[{"name":"wp","href":"https:\/\/api.w.org\/{rel}","templated":true}]}}