{"id":20340,"date":"2025-05-05T18:40:42","date_gmt":"2025-05-05T18:40:42","guid":{"rendered":"https:\/\/yonderhillfarm.ca\/shop\/non class\u00e9\/pack-de-demarrage-de-jardin-de-preparation-de-base-a-lapocalypse\/"},"modified":"2025-05-05T18:40:42","modified_gmt":"2025-05-05T21:40:42","slug":"pack-de-demarrage-de-jardin-de-preparation-de-base-a-lapocalypse","status":"publish","type":"product","link":"https:\/\/yonderhillfarm.ca\/fr\/shop\/cadeaux\/collections-de-graines\/pack-de-demarrage-de-jardin-de-preparation-de-base-a-lapocalypse\/","title":{"rendered":"Pack de d\u00e9marrage de jardin de pr\u00e9paration de base \u00e0 l&rsquo;apocalypse"},"content":{"rendered":"<div class=\"\" data-block=\"true\" data-editor=\"d77ao\" data-offset-key=\"53dq8-0-0\">\n<div class=\"_1mf _1mj\" data-offset-key=\"53dq8-0-0\"><span data-offset-key=\"53dq8-0-0\"><strong>Nous travaillons actuellement \u00e0 remanier cette offre en fonction des semences que nous aurons \u00e0 offrir en 2025. Veuillez revenir plus tard&nbsp;!<\/strong><\/span><\/div>\n<div class=\"_1mf _1mj\" data-offset-key=\"53dq8-0-0\"><span data-offset-key=\"53dq8-0-0\">Choisissez parmi notre capsule noire ABS refermable faite sur mesure (adapt\u00e9e \u00e0 l&rsquo;enfouissement) ou une bo\u00eete s\u00e8che \u00e0 munitions (veuillez pr\u00e9ciser lors du paiement). Livr\u00e9 avec un manuel d&rsquo;instructions de base de <span class=\"_247o\" spellcheck=\"false\" data-offset-key=\"53dq8-1-0\">Chris Shaw Sanford, M. Sc.<\/span> pour le d\u00e9marrage, l&rsquo;entretien, la r\u00e9colte et le stockage, ainsi que la conservation des semences<\/span><span class=\"_247o\" spellcheck=\"false\" data-offset-key=\"53dq8-1-0\"><span data-offset-key=\"53dq8-1-0\">.<\/span><\/span><\/div>\n<div class=\"_1mf _1mj\" data-offset-key=\"53dq8-0-0\"><span data-offset-key=\"53dq8-2-0\">Comprend&nbsp;:<\/span><\/div>\n<\/div>\n<div class=\"\" data-block=\"true\" data-editor=\"d77ao\" data-offset-key=\"243iq-0-0\">\n<div class=\"_1mf _1mj\" data-offset-key=\"243iq-0-0\"><span data-offset-key=\"243iq-0-0\">-Ma\u00efs des champs (excellent pour faire de la farine de ma\u00efs)<\/span><\/div>\n<\/div>\n<div class=\"\" data-block=\"true\" data-editor=\"d77ao\" data-offset-key=\"anc60-0-0\">\n<div class=\"_1mf _1mj\" data-offset-key=\"anc60-0-0\"><span data-offset-key=\"anc60-0-0\">-Sarrasin (c\u00e9r\u00e9ale de saison courte)<\/span><\/div>\n<div class=\"_1mf _1mj\" data-offset-key=\"anc60-0-0\"><span data-offset-key=\"anc60-0-0\">-Haricot sec en buisson (source de prot\u00e9ines tr\u00e8s productive)<\/span><\/div>\n<\/div>\n<div class=\"\" data-block=\"true\" data-editor=\"d77ao\" data-offset-key=\"b6o4d-0-0\">\n<div class=\"_1mf _1mj\" data-offset-key=\"b6o4d-0-0\"><span data-offset-key=\"b6o4d-0-0\">-Soja brun du Manitoba (riche en prot\u00e9ines et en rendement)<\/span><\/div>\n<div class=\"_1mf _1mj\" data-offset-key=\"b6o4d-0-0\"><span data-offset-key=\"b6o4d-0-0\">-Betterave \u00e0 feuilles vertes Lutz (betterave de stockage d\u00e9licieuse et nutritive avec des fanes savoureuses)<\/span><\/div>\n<\/div>\n<div class=\"\" data-block=\"true\" data-editor=\"d77ao\" data-offset-key=\"cklfq-0-0\">\n<div class=\"_1mf _1mj\" data-offset-key=\"cklfq-0-0\"><span data-offset-key=\"cklfq-0-0\">-Navet boule d&rsquo;or (culture de stockage sucr\u00e9e et croquante)<\/span><\/div>\n<div class=\"_1mf _1mj\" data-offset-key=\"cklfq-0-0\"><span data-offset-key=\"cklfq-0-0\">-Courge d&rsquo;hiver (excellents nutriments et se conserve longtemps)<\/span><\/div>\n<\/div>\n<div class=\"\" data-block=\"true\" data-editor=\"d77ao\" data-offset-key=\"fnuhj-0-0\">\n<div class=\"_1mf _1mj\" data-offset-key=\"fnuhj-0-0\"><span data-offset-key=\"fnuhj-0-0\">-Tomate Roma Heinz (superbe tomate \u00e0 sauce de saison courte)<\/span><\/div>\n<\/div>\n<div class=\"\" data-block=\"true\" data-editor=\"d77ao\" data-offset-key=\"14t99-0-0\">\n<div class=\"_1mf _1mj\" data-offset-key=\"14t99-0-0\"><span data-offset-key=\"14t99-0-0\">-Chou fris\u00e9 (robuste et riche en vitamines\/min\u00e9raux)<\/span><\/div>\n<div class=\"_1mf _1mj\" data-offset-key=\"14t99-0-0\"><span data-offset-key=\"14t99-0-0\">-Roquette (nutriments de saison interm\u00e9diaire)<\/span><\/div>\n<\/div>\n","protected":false},"excerpt":{"rendered":"<p>Nous travaillons actuellement \u00e0 remanier cette offre en fonction des semences que nous aurons \u00e0 offrir en 2025. Veuillez revenir plus tard&nbsp;! Choisissez parmi notre capsule noire ABS refermable faite sur mesure (adapt\u00e9e \u00e0 l&rsquo;enfouissement) ou une bo\u00eete s\u00e8che \u00e0 munitions (veuillez pr\u00e9ciser lors du paiement). Livr\u00e9 avec un manuel d&rsquo;instructions de base de Chris [&hellip;]<\/p>\n","protected":false},"featured_media":639,"comment_status":"closed","ping_status":"closed","template":"","meta":[],"product_brand":[],"product_cat":[141],"product_tag":[],"class_list":{"0":"post-20340","1":"product","2":"type-product","3":"status-publish","4":"has-post-thumbnail","6":"product_cat-collections-de-graines","7":"product_shipping_class-packs-de-preparation-a-lapocalypse","9":"first","10":"outofstock","11":"taxable","12":"shipping-taxable","13":"purchasable","14":"product-type-simple"},"_links":{"self":[{"href":"https:\/\/yonderhillfarm.ca\/fr\/wp-json\/wp\/v2\/product\/20340","targetHints":{"allow":["GET"]}}],"collection":[{"href":"https:\/\/yonderhillfarm.ca\/fr\/wp-json\/wp\/v2\/product"}],"about":[{"href":"https:\/\/yonderhillfarm.ca\/fr\/wp-json\/wp\/v2\/types\/product"}],"replies":[{"embeddable":true,"href":"https:\/\/yonderhillfarm.ca\/fr\/wp-json\/wp\/v2\/comments?post=20340"}],"wp:featuredmedia":[{"embeddable":true,"href":"https:\/\/yonderhillfarm.ca\/fr\/wp-json\/wp\/v2\/media\/639"}],"wp:attachment":[{"href":"https:\/\/yonderhillfarm.ca\/fr\/wp-json\/wp\/v2\/media?parent=20340"}],"wp:term":[{"taxonomy":"product_brand","embeddable":true,"href":"https:\/\/yonderhillfarm.ca\/fr\/wp-json\/wp\/v2\/product_brand?post=20340"},{"taxonomy":"product_cat","embeddable":true,"href":"https:\/\/yonderhillfarm.ca\/fr\/wp-json\/wp\/v2\/product_cat?post=20340"},{"taxonomy":"product_tag","embeddable":true,"href":"https:\/\/yonderhillfarm.ca\/fr\/wp-json\/wp\/v2\/product_tag?post=20340"}],"curies":[{"name":"wp","href":"https:\/\/api.w.org\/{rel}","templated":true}]}}