{"id":20286,"date":"2025-05-05T18:43:06","date_gmt":"2025-05-05T18:43:06","guid":{"rendered":"https:\/\/yonderhillfarm.ca\/shop\/non class\u00e9\/tomate-prune-jaune\/"},"modified":"2025-05-05T18:43:06","modified_gmt":"2025-05-05T21:43:06","slug":"tomate-prune-jaune","status":"publish","type":"product","link":"https:\/\/yonderhillfarm.ca\/fr\/shop\/graines-legumes-cereales\/tomates\/tomates-cerises-poires-et-raisins\/tomate-prune-jaune\/","title":{"rendered":"Tomate prune jaune"},"content":{"rendered":"<p>Les plantes \u00e0 floraison pr\u00e9coce produisent une abondance de petits fruits jaunes uniformes et savoureux en grosses grappes tout au long de la saison. On comprend pourquoi cette vieille vari\u00e9t\u00e9 patrimoniale est toujours aussi populaire ! Ind\u00e9termin\u00e9e.  <\/p>\n<p><em><strong>Environ 20 \u00e0 30 graines par sachet.<\/strong><\/em><\/p>\n","protected":false},"excerpt":{"rendered":"<p>Les plantes \u00e0 floraison pr\u00e9coce produisent une abondance de petits fruits jaunes uniformes et savoureux en grosses grappes tout au long de la saison. On comprend pourquoi cette vieille vari\u00e9t\u00e9 patrimoniale est toujours aussi populaire ! Ind\u00e9termin\u00e9e. Environ 20 \u00e0 30 graines par sachet.<\/p>\n","protected":false},"featured_media":756,"comment_status":"closed","ping_status":"closed","template":"","meta":[],"product_brand":[],"product_cat":[206,176],"product_tag":[],"class_list":{"0":"post-20286","1":"product","2":"type-product","3":"status-publish","4":"has-post-thumbnail","6":"product_cat-tomates-cerises-poires-et-raisins","7":"product_cat-varietes-anciennes","8":"product_shipping_class-graines","10":"first","11":"instock","12":"taxable","13":"shipping-taxable","14":"purchasable","15":"product-type-simple"},"_links":{"self":[{"href":"https:\/\/yonderhillfarm.ca\/fr\/wp-json\/wp\/v2\/product\/20286","targetHints":{"allow":["GET"]}}],"collection":[{"href":"https:\/\/yonderhillfarm.ca\/fr\/wp-json\/wp\/v2\/product"}],"about":[{"href":"https:\/\/yonderhillfarm.ca\/fr\/wp-json\/wp\/v2\/types\/product"}],"replies":[{"embeddable":true,"href":"https:\/\/yonderhillfarm.ca\/fr\/wp-json\/wp\/v2\/comments?post=20286"}],"wp:featuredmedia":[{"embeddable":true,"href":"https:\/\/yonderhillfarm.ca\/fr\/wp-json\/wp\/v2\/media\/756"}],"wp:attachment":[{"href":"https:\/\/yonderhillfarm.ca\/fr\/wp-json\/wp\/v2\/media?parent=20286"}],"wp:term":[{"taxonomy":"product_brand","embeddable":true,"href":"https:\/\/yonderhillfarm.ca\/fr\/wp-json\/wp\/v2\/product_brand?post=20286"},{"taxonomy":"product_cat","embeddable":true,"href":"https:\/\/yonderhillfarm.ca\/fr\/wp-json\/wp\/v2\/product_cat?post=20286"},{"taxonomy":"product_tag","embeddable":true,"href":"https:\/\/yonderhillfarm.ca\/fr\/wp-json\/wp\/v2\/product_tag?post=20286"}],"curies":[{"name":"wp","href":"https:\/\/api.w.org\/{rel}","templated":true}]}}