{"id":20272,"date":"2025-05-05T18:43:06","date_gmt":"2025-05-05T18:43:06","guid":{"rendered":"https:\/\/yonderhillfarm.ca\/shop\/non class\u00e9\/tomate-roma-opalka\/"},"modified":"2025-05-05T18:43:06","modified_gmt":"2025-05-05T21:43:06","slug":"tomate-roma-opalka","status":"publish","type":"product","link":"https:\/\/yonderhillfarm.ca\/fr\/shop\/graines-legumes-cereales\/tomates\/tomates-roma-et-a-farcir\/tomate-roma-opalka\/","title":{"rendered":"Tomate Roma Opalka"},"content":{"rendered":"<p>Une vari\u00e9t\u00e9 polonaise ancienne qui vaut la peine d&rsquo;\u00eatre ajout\u00e9e \u00e0 votre jardin de tomates. Rendements abondants et pr\u00e9coces de fruits charnus avec une saveur particuli\u00e8rement excellente pour une tomate Roma. Ind\u00e9termin\u00e9e.  <\/p>\n<p><em><strong>Environ 20 graines par sachet standard. <\/strong><\/em><\/p>\n<p><em><strong>Environ 200 graines par grand sachet. <\/strong><\/em><\/p>\n","protected":false},"excerpt":{"rendered":"<p>Une vari\u00e9t\u00e9 polonaise ancienne qui vaut la peine d&rsquo;\u00eatre ajout\u00e9e \u00e0 votre jardin de tomates. Rendements abondants et pr\u00e9coces de fruits charnus avec une saveur particuli\u00e8rement excellente pour une tomate Roma. Ind\u00e9termin\u00e9e. Environ 20 graines par sachet standard. Environ 200 graines par grand sachet.<\/p>\n","protected":false},"featured_media":751,"comment_status":"closed","ping_status":"closed","template":"","meta":[],"product_brand":[],"product_cat":[209,137,176],"product_tag":[187],"class_list":{"0":"post-20272","1":"product","2":"type-product","3":"status-publish","4":"has-post-thumbnail","6":"product_cat-tomates-roma-et-a-farcir","7":"product_cat-graines-en-vrac","8":"product_cat-varietes-anciennes","9":"product_tag-les-favoris-de-la-ferme","10":"product_shipping_class-graines","12":"first","13":"instock","14":"taxable","15":"shipping-taxable","16":"purchasable","17":"product-type-variable"},"_links":{"self":[{"href":"https:\/\/yonderhillfarm.ca\/fr\/wp-json\/wp\/v2\/product\/20272","targetHints":{"allow":["GET"]}}],"collection":[{"href":"https:\/\/yonderhillfarm.ca\/fr\/wp-json\/wp\/v2\/product"}],"about":[{"href":"https:\/\/yonderhillfarm.ca\/fr\/wp-json\/wp\/v2\/types\/product"}],"replies":[{"embeddable":true,"href":"https:\/\/yonderhillfarm.ca\/fr\/wp-json\/wp\/v2\/comments?post=20272"}],"wp:featuredmedia":[{"embeddable":true,"href":"https:\/\/yonderhillfarm.ca\/fr\/wp-json\/wp\/v2\/media\/751"}],"wp:attachment":[{"href":"https:\/\/yonderhillfarm.ca\/fr\/wp-json\/wp\/v2\/media?parent=20272"}],"wp:term":[{"taxonomy":"product_brand","embeddable":true,"href":"https:\/\/yonderhillfarm.ca\/fr\/wp-json\/wp\/v2\/product_brand?post=20272"},{"taxonomy":"product_cat","embeddable":true,"href":"https:\/\/yonderhillfarm.ca\/fr\/wp-json\/wp\/v2\/product_cat?post=20272"},{"taxonomy":"product_tag","embeddable":true,"href":"https:\/\/yonderhillfarm.ca\/fr\/wp-json\/wp\/v2\/product_tag?post=20272"}],"curies":[{"name":"wp","href":"https:\/\/api.w.org\/{rel}","templated":true}]}}