{"id":20271,"date":"2025-05-05T18:43:06","date_gmt":"2025-05-05T18:43:06","guid":{"rendered":"https:\/\/yonderhillfarm.ca\/shop\/non class\u00e9\/aubergine-asiatique-longue\/"},"modified":"2025-05-05T18:43:06","modified_gmt":"2025-05-05T21:43:06","slug":"aubergine-asiatique-longue","status":"publish","type":"product","link":"https:\/\/yonderhillfarm.ca\/fr\/shop\/graines-legumes-cereales\/poivrons-et-aubergines\/aubergine\/aubergine-asiatique-longue\/","title":{"rendered":"Aubergine asiatique longue"},"content":{"rendered":"<p><em><span class=\"aCOpRe\">(Solanum melongena)<\/span><\/em> Dans notre qu\u00eate d&rsquo;aubergines \u00e0 maturation pr\u00e9coce et productives pour les saisons courtes, voici un autre excellent pr\u00e9tendant&nbsp;! De tr\u00e8s longs fruits violets sont tendres et sucr\u00e9s, se pr\u00eatant \u00e0 n&rsquo;importe quelle recette d&rsquo;aubergines. Les plantes produisent de multiples pouss\u00e9es de nouveaux fruits d&rsquo;ao\u00fbt jusqu&rsquo;aux gel\u00e9es qui sont rapides \u00e0 m\u00fbrir. R\u00e9coltez avant que la couleur de la peau ne s&rsquo;\u00e9claircisse.   <\/p>\n<p><em><strong>Environ 20 graines par sachet standard. <\/strong><\/em><\/p>\n<p><em><strong>Environ 200 graines par grand sachet. <\/strong><\/em><\/p>\n","protected":false},"excerpt":{"rendered":"<p>(Solanum melongena) Dans notre qu\u00eate d&rsquo;aubergines \u00e0 maturation pr\u00e9coce et productives pour les saisons courtes, voici un autre excellent pr\u00e9tendant&nbsp;! De tr\u00e8s longs fruits violets sont tendres et sucr\u00e9s, se pr\u00eatant \u00e0 n&rsquo;importe quelle recette d&rsquo;aubergines. Les plantes produisent de multiples pouss\u00e9es de nouveaux fruits d&rsquo;ao\u00fbt jusqu&rsquo;aux gel\u00e9es qui sont rapides \u00e0 m\u00fbrir. R\u00e9coltez avant [&hellip;]<\/p>\n","protected":false},"featured_media":759,"comment_status":"closed","ping_status":"closed","template":"","meta":[],"product_brand":[],"product_cat":[205,137],"product_tag":[],"class_list":{"0":"post-20271","1":"product","2":"type-product","3":"status-publish","4":"has-post-thumbnail","6":"product_cat-aubergine","7":"product_cat-graines-en-vrac","8":"product_shipping_class-graines","10":"first","11":"instock","12":"taxable","13":"shipping-taxable","14":"purchasable","15":"product-type-variable"},"_links":{"self":[{"href":"https:\/\/yonderhillfarm.ca\/fr\/wp-json\/wp\/v2\/product\/20271","targetHints":{"allow":["GET"]}}],"collection":[{"href":"https:\/\/yonderhillfarm.ca\/fr\/wp-json\/wp\/v2\/product"}],"about":[{"href":"https:\/\/yonderhillfarm.ca\/fr\/wp-json\/wp\/v2\/types\/product"}],"replies":[{"embeddable":true,"href":"https:\/\/yonderhillfarm.ca\/fr\/wp-json\/wp\/v2\/comments?post=20271"}],"wp:featuredmedia":[{"embeddable":true,"href":"https:\/\/yonderhillfarm.ca\/fr\/wp-json\/wp\/v2\/media\/759"}],"wp:attachment":[{"href":"https:\/\/yonderhillfarm.ca\/fr\/wp-json\/wp\/v2\/media?parent=20271"}],"wp:term":[{"taxonomy":"product_brand","embeddable":true,"href":"https:\/\/yonderhillfarm.ca\/fr\/wp-json\/wp\/v2\/product_brand?post=20271"},{"taxonomy":"product_cat","embeddable":true,"href":"https:\/\/yonderhillfarm.ca\/fr\/wp-json\/wp\/v2\/product_cat?post=20271"},{"taxonomy":"product_tag","embeddable":true,"href":"https:\/\/yonderhillfarm.ca\/fr\/wp-json\/wp\/v2\/product_tag?post=20271"}],"curies":[{"name":"wp","href":"https:\/\/api.w.org\/{rel}","templated":true}]}}