{"id":20268,"date":"2025-05-05T18:43:06","date_gmt":"2025-05-05T18:43:06","guid":{"rendered":"https:\/\/yonderhillfarm.ca\/shop\/non class\u00e9\/tomate-roma-mouchetee-pour-sauce\/"},"modified":"2025-05-05T18:43:06","modified_gmt":"2025-05-05T21:43:06","slug":"tomate-roma-mouchetee-pour-sauce","status":"publish","type":"product","link":"https:\/\/yonderhillfarm.ca\/fr\/shop\/graines-legumes-cereales\/tomates\/tomates-roma-et-a-farcir\/tomate-roma-mouchetee-pour-sauce\/","title":{"rendered":"Tomate Roma Mouchet\u00e9e pour Sauce"},"content":{"rendered":"<p>Rouge fonc\u00e9 avec des rayures dor\u00e9es, cette tomate pour sauce est aussi savoureuse qu&rsquo;elle en a l&rsquo;air. Riche en saveur et peu juteuse, nous aimons particuli\u00e8rement d\u00e9shydrater ses fruits allong\u00e9s en forme de prune. Ind\u00e9termin\u00e9e.  <\/p>\n<p><em><strong>Environ 20 graines par sachet. <\/strong><\/em><\/p>\n","protected":false},"excerpt":{"rendered":"<p>Rouge fonc\u00e9 avec des rayures dor\u00e9es, cette tomate pour sauce est aussi savoureuse qu&rsquo;elle en a l&rsquo;air. Riche en saveur et peu juteuse, nous aimons particuli\u00e8rement d\u00e9shydrater ses fruits allong\u00e9s en forme de prune. Ind\u00e9termin\u00e9e. Environ 20 graines par sachet.<\/p>\n","protected":false},"featured_media":753,"comment_status":"closed","ping_status":"closed","template":"","meta":[],"product_brand":[],"product_cat":[209],"product_tag":[],"class_list":{"0":"post-20268","1":"product","2":"type-product","3":"status-publish","4":"has-post-thumbnail","6":"product_cat-tomates-roma-et-a-farcir","7":"product_shipping_class-graines","9":"first","10":"instock","11":"taxable","12":"shipping-taxable","13":"purchasable","14":"product-type-simple"},"_links":{"self":[{"href":"https:\/\/yonderhillfarm.ca\/fr\/wp-json\/wp\/v2\/product\/20268","targetHints":{"allow":["GET"]}}],"collection":[{"href":"https:\/\/yonderhillfarm.ca\/fr\/wp-json\/wp\/v2\/product"}],"about":[{"href":"https:\/\/yonderhillfarm.ca\/fr\/wp-json\/wp\/v2\/types\/product"}],"replies":[{"embeddable":true,"href":"https:\/\/yonderhillfarm.ca\/fr\/wp-json\/wp\/v2\/comments?post=20268"}],"wp:featuredmedia":[{"embeddable":true,"href":"https:\/\/yonderhillfarm.ca\/fr\/wp-json\/wp\/v2\/media\/753"}],"wp:attachment":[{"href":"https:\/\/yonderhillfarm.ca\/fr\/wp-json\/wp\/v2\/media?parent=20268"}],"wp:term":[{"taxonomy":"product_brand","embeddable":true,"href":"https:\/\/yonderhillfarm.ca\/fr\/wp-json\/wp\/v2\/product_brand?post=20268"},{"taxonomy":"product_cat","embeddable":true,"href":"https:\/\/yonderhillfarm.ca\/fr\/wp-json\/wp\/v2\/product_cat?post=20268"},{"taxonomy":"product_tag","embeddable":true,"href":"https:\/\/yonderhillfarm.ca\/fr\/wp-json\/wp\/v2\/product_tag?post=20268"}],"curies":[{"name":"wp","href":"https:\/\/api.w.org\/{rel}","templated":true}]}}