{"id":20259,"date":"2025-05-05T18:43:07","date_gmt":"2025-05-05T18:43:07","guid":{"rendered":"https:\/\/yonderhillfarm.ca\/shop\/non%20class\u00e9\/avoine-nue-vicar\/"},"modified":"2026-01-27T12:36:00","modified_gmt":"2026-01-27T16:36:00","slug":"avoine-nue-vicar","status":"publish","type":"product","link":"https:\/\/yonderhillfarm.ca\/fr\/shop\/graines-legumes-cereales\/cereales\/avoine-nue-vicar\/","title":{"rendered":"Avoine nue Vicar"},"content":{"rendered":"<p>L&rsquo;avoine nue Vicar est une excellente vari\u00e9t\u00e9 pour les cultivateurs de c\u00e9r\u00e9ales amateurs et \u00e0 petite \u00e9chelle, car les grains se s\u00e9parent assez facilement des enveloppes. Les grains sont alors pr\u00eats \u00e0 \u00eatre utilis\u00e9s dans la cuisine ou pour l&rsquo;alimentation du b\u00e9tail \u00e9lev\u00e9 \u00e0 la maison. Une vari\u00e9t\u00e9 patrimoniale canadienne facile \u00e0 cultiver &#8211; semez en mai pour une r\u00e9colte de c\u00e9r\u00e9ales fin ao\u00fbt\/d\u00e9but septembre.   <em>Veuillez noter que nous nettoyons ces graines suffisamment pour la plantation&nbsp;; certaines graines restent dans leurs enveloppes et peuvent \u00eatre plant\u00e9es telles quelles.<\/em><\/p>\n<p><em><strong>Environ 50 graines par paquet standard. <\/strong><\/em><\/p>\n<p><em><strong>Environ 500 graines par grand sachet. <\/strong><\/em><\/p>\n","protected":false},"excerpt":{"rendered":"<p>L&rsquo;avoine nue Vicar est une excellente vari\u00e9t\u00e9 pour les cultivateurs de c\u00e9r\u00e9ales amateurs et \u00e0 petite \u00e9chelle, car les grains se s\u00e9parent assez facilement des enveloppes. Les grains sont alors pr\u00eats \u00e0 \u00eatre utilis\u00e9s dans la cuisine ou pour l&rsquo;alimentation du b\u00e9tail \u00e9lev\u00e9 \u00e0 la maison. Une vari\u00e9t\u00e9 patrimoniale canadienne facile \u00e0 cultiver &#8211; semez [&hellip;]<\/p>\n","protected":false},"featured_media":20260,"comment_status":"closed","ping_status":"closed","template":"","meta":[],"product_brand":[],"product_cat":[174,137,176],"product_tag":[],"class_list":{"0":"post-20259","1":"product","2":"type-product","3":"status-publish","4":"has-post-thumbnail","6":"product_cat-cereales","7":"product_cat-graines-en-vrac","8":"product_cat-varietes-anciennes","9":"product_shipping_class-graines","11":"first","12":"instock","13":"taxable","14":"shipping-taxable","15":"purchasable","16":"product-type-variable"},"_links":{"self":[{"href":"https:\/\/yonderhillfarm.ca\/fr\/wp-json\/wp\/v2\/product\/20259","targetHints":{"allow":["GET"]}}],"collection":[{"href":"https:\/\/yonderhillfarm.ca\/fr\/wp-json\/wp\/v2\/product"}],"about":[{"href":"https:\/\/yonderhillfarm.ca\/fr\/wp-json\/wp\/v2\/types\/product"}],"replies":[{"embeddable":true,"href":"https:\/\/yonderhillfarm.ca\/fr\/wp-json\/wp\/v2\/comments?post=20259"}],"wp:featuredmedia":[{"embeddable":true,"href":"https:\/\/yonderhillfarm.ca\/fr\/wp-json\/wp\/v2\/media\/20260"}],"wp:attachment":[{"href":"https:\/\/yonderhillfarm.ca\/fr\/wp-json\/wp\/v2\/media?parent=20259"}],"wp:term":[{"taxonomy":"product_brand","embeddable":true,"href":"https:\/\/yonderhillfarm.ca\/fr\/wp-json\/wp\/v2\/product_brand?post=20259"},{"taxonomy":"product_cat","embeddable":true,"href":"https:\/\/yonderhillfarm.ca\/fr\/wp-json\/wp\/v2\/product_cat?post=20259"},{"taxonomy":"product_tag","embeddable":true,"href":"https:\/\/yonderhillfarm.ca\/fr\/wp-json\/wp\/v2\/product_tag?post=20259"}],"curies":[{"name":"wp","href":"https:\/\/api.w.org\/{rel}","templated":true}]}}